{"id":40804,"date":"2021-12-22T21:01:27","date_gmt":"2021-12-22T19:01:27","guid":{"rendered":"https:\/\/shop24.lu\/?post_type=product&#038;p=40804"},"modified":"2022-07-11T14:27:37","modified_gmt":"2022-07-11T12:27:37","slug":"terra-led-3280w-silver-white-curved-dp-hdmi","status":"publish","type":"product","link":"https:\/\/shop24.lu\/lb\/product\/terra-led-3280w-silver-white-curved-dp-hdmi\/","title":{"rendered":"TERRA LED 3280W S\u00eblwer\/W\u00e4iss CURVED DP\/HDMI"},"content":{"rendered":"<p><strong>Komfort a pur visuell Freed an engem CURVED Design!<\/strong><\/p>\n<p>Den neien TERRA LCD \/ LED 3280W an engem frameless CURVED Design mat WQHD Opl\u00e9isung an Advanced VA Panel Technologie bitt ergonomesch Aarbecht w\u00e9i och eng faszin\u00e9ierend visuell Erfahrung an der Welt vum Fernseh, Kino, Video a Spiller.<\/p>\n<p>Dank engem Kr\u00fcmmungsradius vun 1800 mm erstellt de grousse 31,5 \u2033 Ecran e breet a vollt Gesiichtsfeld, ugepasst un d\u00e9i natierlech Form vun den Aen, wat d&#039;Aen erliichtert an eng agreabel a middlos Aarbecht erlaabt. Plus, Aen-spuerend Flicker-Free Technologie suergt fir kontinu\u00e9ierlech Beleuchtung ouni Flickeren.<\/p>\n<p>A Kombinatioun mat der Advanced VA Panel Technologie, gen\u00e9isst Dir speziell Vue Genoss fir all Multimedia Inhalt. Dynamesch Kontrastverh\u00e4ltnisser vu bis zu 30.000.000:1 suerge fir d\u00e9if schwaarz oder hell w\u00e4iss Biller souw\u00e9i eng brillant Faarfvertriedung.<\/p>\n<p>AMD FreeSync\u2122 Technologie a bis zu 144Hz Bilderfr\u00ebschungsraten br\u00e9ngen \u00c4r Apps a Spiller zum Liewen mat super glatter Bewegung a glatter Visuals.<br \/>\nhttps:\/\/www.amd.com\/en\/products\/freesync-monitors<\/p>\n<p>D\u00e9i dr\u00e4ifach Signalverbindung (DVI, HDMI an DisplayPort) m\u00e9cht et einfach all Multimedia Ger\u00e4ter w\u00e9i PCs, Spillkonsolen, Blu-Ray Spiller, etc. Sound kann digital op d\u00e9i agebaute Spriecher am HDMI oder DisplayPort Modus iwwerdroe ginn.<\/p>\n<p>Nieft dem schlanken CURVED Design an de besonnesch d\u00ebnnen S\u00e4itekanten, sinn den Aluminiumfu\u00df souw\u00e9i de s\u00eblwer a w\u00e4isse Geh\u00e4use d\u00e9i visuell Highlights vum TERRA LCD \/ LED 3280W. Dank sengem VESA Slot kann et op verschidde Wand-, D\u00ebsch- oder Plafongsmontage mont\u00e9iert ginn.<\/p>\n<p>Interface Kompatibilit\u00e9it:<br \/>\n- HDMI: bis zu 2560 \u00d7 1440, digital oder analog Audio<br \/>\n- Duallink-DVI: bis zu 2560 \u00d7 1440, Analog Audio<br \/>\n- Displayport: bis zu 2560 \u00d7 1440, digital oder analog Audio<\/p>\n<p><strong>\u00c9cran<\/strong><br \/>\n\u00c9cran diagonal 31,5 Zoll<br \/>\n\u00c9cran diagonal (cm) 80,0 cm<br \/>\n\u00c9cran Resolutioun 2560 x 1440 (WQHD)<br \/>\nHellegkeet 250 CD \/ m\u00b2.<br \/>\n\u00c4ntwertz\u00e4it 5 ms (G\/G)<br \/>\nNeigungsw\u00e9nkel hannen 15\u00b0.<br \/>\nNeigungsw\u00e9nkel virun 5\u00b0.<br \/>\nAnti-Glanz \u00c9cran Jo<br \/>\nZuel vun Affichage Faarwen 16,7 Millioune Faarwen<br \/>\nPixel Gr\u00e9isst 0,2724 mm<br \/>\nKontrastverh\u00e4ltnis 30.000.000: 1 (DCR)<br \/>\nSichtw\u00e9nkel, horizontal 178 \u00b0.<br \/>\nGesiichtsw\u00e9nkel, vertikal 178 \u00b0.<br \/>\n16:9 Aspekt Verh\u00e4ltnis<br \/>\nBacklight Typ LED G\u00e9igeliicht<br \/>\nFortgeschratt VA Panel Technologie<br \/>\n<strong>Verbindungen an Schn\u00ebttplazen<\/strong><br \/>\nInterface DVI (Duallink) HDMI Displayport 1.2<br \/>\nPC Audio Input 3,5 mm Jack (Linn an)<br \/>\nHDCP Jo<br \/>\n<strong>Design<\/strong><br \/>\nProduit Faarf S\u00eblwer \/ w\u00e4iss<br \/>\n<strong>Gewiicht an Dimensiounen<\/strong><br \/>\nH\u00e9icht (mat abegraff) 50,5 cm<br \/>\nBreet (Fouss abegraff) 71,3 cm<br \/>\nD\u00e9ift (Fouss abegraff) 17,7 cm<br \/>\nGewiicht (Stand abegraff) 6,1 kg<br \/>\nH\u00e9icht 41,9 cm<br \/>\nBreet 71,3 cm<br \/>\nD\u00e9ift 8,5 cm<br \/>\nGewiicht 5,2 kg<br \/>\n<strong>M\u00e4chteg<\/strong><br \/>\nStroumverbrauch (aus) &lt;0,5 W<br \/>\nEnergieverbrauch (Standby) &lt;0,5 W<br \/>\nEnergieeffizienz Klass F (Klass A no der aler Energieklassifikatioun bis 02\/2021)<br \/>\nNominell Leeschtung 32 W<br \/>\nEingangsspannung AC 100 \u2013 240 V, 50 \u2013 60 Hz<br \/>\nIntern Energieversuergung<br \/>\n<strong>Ergonomie<\/strong><br \/>\nKensington Sp\u00e4r Jo<br \/>\nH\u00e9icht Upassung Nr<br \/>\nPivot Nr<br \/>\n100 x 100 mm VESA Opriichte Interface<br \/>\nPlug &amp; Play DDC 1 \/ 2B \/ CI<br \/>\n<strong>Zertifiz\u00e9ierungen<\/strong><br \/>\nKonformit\u00e9it mat industrielle Standarden CE, Energy Star 7.0<br \/>\nEnergy Star zertifiz\u00e9iert Jo<br \/>\n<strong>Aner Charakteristiken<\/strong><br \/>\nSpezial Features - KURVED Design mat 1800mm Bogenradius<br \/>\n- Ouni Kader<br \/>\n- Fortgeschratt VA Panel Technologie<br \/>\n- WQHD 2560 \u00d7 1440 Opl\u00e9isung<br \/>\n- FreeSync<br \/>\n- 144Hz Erfr\u00ebschungsrate<br \/>\n- Flicker-gratis LED G\u00e9igeliicht<br \/>\n- Anti-blo Liichtfunktioun, justierbar duerch DeepL Zougang<br \/>\n- Aluminium Fouss<br \/>\n- Multi-Computer Operatioun m\u00e9iglech (1x DVI, 1x HDMI, 1x Displayport, Schalter duerch Tastekombinatioun)<br \/>\n<strong>Multimedia<\/strong><br \/>\nIntegr\u00e9iert Lautsprecher Jo, 2x 3 Watt<br \/>\n<strong>D\u00ebnn Client<\/strong><br \/>\nThin Client Mount Nr<br \/>\n<strong>Contenu vun der Liwwerung<\/strong><br \/>\nGeliwwert Accessoiren Stroumkabel, Displayport Kabel, Audiokabel, User Manual op CD (D, UK, F, ES, IT, RUS)<br \/>\n<strong>Technesch Detailer<\/strong><br \/>\nFabrikant d&#039;Garantie 24 M\u00e9int Garantie mat op-Site Austausch Service<br \/>\nService Hotline: 05744 \/ 944-595<\/p>","protected":false},"excerpt":{"rendered":"<p>\u00c9cran diagonaler vun <strong>31,5 Zoll<\/strong><br \/>\n<strong>2560 x 1440 (WQHD)<\/strong> \u00c9cran Resolutioun<br \/>\n16:9 Aspekt Verh\u00e4ltnis<br \/>\nFortgeschratt VA Panel Technologie<br \/>\nDisplay Port 1.2 DVI (Duallink) HDMI Interface<\/p>","protected":false},"featured_media":40805,"comment_status":"closed","ping_status":"closed","template":"","meta":{"_seopress_robots_primary_cat":"none","_seopress_titles_title":"","_seopress_titles_desc":"","_seopress_robots_index":""},"product_brand":[],"product_cat":[30813,1510],"product_tag":[30819,30820,30818,30816,30821,30824,30814,30822,30815,148,30793,30823,30817],"class_list":{"0":"post-40804","1":"product","2":"type-product","3":"status-publish","4":"has-post-thumbnail","6":"product_cat-ecrans","7":"product_cat-informatique","8":"product_tag-30819","9":"product_tag-30820","10":"product_tag-30818","11":"product_tag-bildschirm","12":"product_tag-dvi","13":"product_tag-econcept","14":"product_tag-ecran","15":"product_tag-hdmi","16":"product_tag-lcd","17":"product_tag-screen","18":"product_tag-terra","19":"product_tag-wortmann","20":"product_tag-wqhd","22":"first","23":"instock","24":"featured","25":"shipping-taxable","26":"purchasable","27":"product-type-simple"},"_links":{"self":[{"href":"https:\/\/shop24.lu\/lb\/wp-json\/wp\/v2\/product\/40804","targetHints":{"allow":["GET"]}}],"collection":[{"href":"https:\/\/shop24.lu\/lb\/wp-json\/wp\/v2\/product"}],"about":[{"href":"https:\/\/shop24.lu\/lb\/wp-json\/wp\/v2\/types\/product"}],"replies":[{"embeddable":true,"href":"https:\/\/shop24.lu\/lb\/wp-json\/wp\/v2\/comments?post=40804"}],"wp:featuredmedia":[{"embeddable":true,"href":"https:\/\/shop24.lu\/lb\/wp-json\/wp\/v2\/media\/40805"}],"wp:attachment":[{"href":"https:\/\/shop24.lu\/lb\/wp-json\/wp\/v2\/media?parent=40804"}],"wp:term":[{"taxonomy":"product_brand","embeddable":true,"href":"https:\/\/shop24.lu\/lb\/wp-json\/wp\/v2\/product_brand?post=40804"},{"taxonomy":"product_cat","embeddable":true,"href":"https:\/\/shop24.lu\/lb\/wp-json\/wp\/v2\/product_cat?post=40804"},{"taxonomy":"product_tag","embeddable":true,"href":"https:\/\/shop24.lu\/lb\/wp-json\/wp\/v2\/product_tag?post=40804"}],"curies":[{"name":"wp","href":"https:\/\/api.w.org\/{rel}","templated":true}]}}