{"id":40850,"date":"2021-12-29T19:45:49","date_gmt":"2021-12-29T17:45:49","guid":{"rendered":"https:\/\/shop24.lu\/?post_type=product&#038;p=40850"},"modified":"2022-04-24T20:29:11","modified_gmt":"2022-04-24T18:29:11","slug":"terra-pc-home-6000","status":"publish","type":"product","link":"https:\/\/shop24.lu\/lb\/product\/terra-pc-home-6000\/","title":{"rendered":"TERRA PC-HOME 6000"},"content":{"rendered":"<p><strong>General<\/strong><br \/>\nIntel Core i5 (11. Generatioun) 11400 \/ 2,6 GHz Prozessor (12 MB Smart Cache, max. 4,4 GHz mat Intel Turbo Boost Technologie)<br \/>\nWindows 11 Home Betribssystem<br \/>\n<strong>Software<\/strong><br \/>\nPre-install\u00e9iert Software 1 Mount Test fir nei Microsoft\u00ae 365 Clienten<br \/>\n<strong>Prozessor<\/strong><br \/>\nCore i5 Prozessor Famill<br \/>\nUnzuel vun Hexa-Core Prozessor Cores (6 Core)<br \/>\nFCLGA1200 Socket Prozessor Socket<br \/>\nZuel vun de Prozessoren 1<br \/>\n<strong>M\u00e9moire<\/strong><br \/>\n16 GB RAM Er\u00ebnnerung<br \/>\n2 x 8 GB Er\u00ebnnerung Layout<br \/>\nMaximum RAM 64 GB<br \/>\nEr\u00ebnnerung Auer Frequenz 3200 MHz<br \/>\nIntern Er\u00ebnnerung Typ DDR4 SDRAM<br \/>\nMemory Slots 2 St\u00e9ck (en)<br \/>\n288-PIN DIMM Form Faktor<br \/>\n<strong>Stockage Medium<\/strong><br \/>\nGanzen Stockage Muecht 500 GB<br \/>\nHDD Interface 4x SATA 6Gb \/ s Ports, 1x M.2 Slot (Key M) (\u00ebnnerst\u00ebtzt PCIe 3.0 x4)<br \/>\nRazzia Niveau Nee Razzia \u00cbnnerst\u00ebtzung<br \/>\nMultifunction integr\u00e9iert Kaart Lieser<br \/>\nPCIe SSD Interface (NVMe)<br \/>\n500 GB SSD Sp\u00e4icherkapazit\u00e9it<br \/>\nFestplack Kapazit\u00e9it 1 x 500 GB - SSD<br \/>\nKompatibel Er\u00ebnnerung Kaarte SD Er\u00ebnnerung Kaart, SDHC Er\u00ebnnerung Kaart<br \/>\nM.2 SSD Stockage Medien<br \/>\n<strong>Performancen<\/strong><br \/>\nHome Serie<br \/>\nProduit Typ Personal Computer<br \/>\nSoundniveau 23,8 dB am Idle Modus<br \/>\n8-Kanal Audio Channels<br \/>\nMotherboard Chipset Intel H510<br \/>\nH\u00e9ich Definitioun Audio Audio System<br \/>\n<strong>Design<\/strong><br \/>\nFall Typ Midi Tower<br \/>\nAssembl\u00e9e Zertifiz\u00e9ierung no ISO9001 an D\u00e4itschland<br \/>\nKompatibilit\u00e9it: SMBios (DMI), EnergyStar (g\u00fclteg n\u00ebmme fir US), EN62368-1, EN55032, EN55035, EN61000-3-2 \/ 3, EN62623, 89\/336 \/ ECC<br \/>\nD&#039;Produkt entspr\u00e9cht de Crit\u00e8ren vum RAL UZ 78 (Blue Angel).<br \/>\nTERRA Keyboard vun Cherry Form Faktor<br \/>\n<strong>Keyboard<\/strong><br \/>\nTransmissioun Technologie Kabel<br \/>\nUSB Apparat Interface<br \/>\n<strong>Technesch Detailer<\/strong><br \/>\nLocation D\u00e4itschland \/ \u00c9istr\u00e4ich \/ L\u00ebtzebuerg<br \/>\n<strong>Contenu vun der Liwwerung<\/strong><br \/>\nabegraff Accessoiren Quick Start Guide, Power Kabel<br \/>\nDispositioun vun <strong>Tastatur<\/strong> an <strong>D\u00e4itsch<\/strong><br \/>\n<strong>Erweiderung Plaze<\/strong><br \/>\nExpansiounsplazen 1x PCIe 4.0 (11. Gen) \/ 3.0 (10. Gen) x16 Slot, 2x PCIe 3.0 x1 Slot<br \/>\nIntel 11th Gen Prozessoren \u00ebnnerst\u00ebtzen PCIe 4.0 x16. 10th Gen Prozessoren \u00ebnnerst\u00ebtzen PCIe 3.0 x16<br \/>\n<strong>Gewiicht an Dimensiounen<\/strong><br \/>\nhauteur 44 cm<br \/>\nBreet 18 cm<br \/>\nD\u00e9ift 42 cm<br \/>\nGewiicht 10 kg<br \/>\n<strong>Aner Funktiounen<\/strong><br \/>\nZuel vun de Verl\u00e4ngerung Tir\u00e4ng 1 vu vir zoug\u00e4nglech - 13,3 cm (5,25 \u2033)<br \/>\n2 vu vir zoug\u00e4nglech - 8,9 cm (3,5 \u2033)<br \/>\n2 intern - 8,9 cm (3,5&quot; \/ 2,5&quot; mat Adapter)<br \/>\n1 intern 6,4 cm (fir 2,5 Zoll SSD)<br \/>\nInterface 4x USB 3.2 Gen 1 Ports (2x Front), 6x USB 2.0 Ports (2x Front) \/ (all Typ A)<br \/>\n1x DisplayPort, 1x D-Sub (VGA), 1x HDMI, 1x LAN RJ5, 3x Audio, 2x PS\/2<br \/>\n<strong>Fakultativ<\/strong> : 1x COM<br \/>\nKompatibel Betribssystemer Windows 10, Windows 11<br \/>\nMotherboard Hiersteller Asus Prime H510M-A<br \/>\nIndustriekonformit\u00e9it D\u00ebsen Apparat ass klass\u00e9iert als Klass B Informatiounstechnologie Ausr\u00fcstung (ITE) an ass haapts\u00e4chlech fir Wunn- oder B\u00fcrogebrauch geduecht. D&#039;CE Marquage zertifiz\u00e9iert d&#039;Konformit\u00e9it mat de folgenden europ\u00e4eschen Direktiven: (1) EMC Direktiv 2004\/108\/EC Elektromagnetesch Kompatibilit\u00e9it (2) Nidderegspannungsdirektiv 2006\/95\/EC Elektresch Ausr\u00fcstung geduecht fir ze benotzen bannent best\u00ebmmte Spannungsgrenzen.<br \/>\nSpezial Features TPM 2.0<br \/>\nS\u00e9chert Boot<br \/>\n4x virun USB<br \/>\n<strong>Maus<\/strong><br \/>\nMaus abegraff TERRA Rad optesch vun Cherry<br \/>\n<strong>Grafik<\/strong><br \/>\nGrafiken Schn\u00ebttplazen 1x DP, 1x HDMI, 1x VGA<br \/>\n\u00cbnnerst\u00ebtzt duebel Iwwerwachung<br \/>\nDynamic Integr\u00e9iert Graphikadapter Memory<br \/>\nIntegr\u00e9iert Graphikadapter Maximal Opl\u00e9isung HDMI 4096 x 2160 @ 60Hz (CPU 11th Gen), 4096 x 2160 @ 24Hz (CPU 10th Gen)<br \/>\nDP 4096 x 2304 @ 60Hz<br \/>\nVGA max. 1920 \u00d7 1200<br \/>\nIntel UHD Graphics 730 (1130 MHz) Grafikkarte<br \/>\nOnboard Graphikadapter Modell Intel UHD Graphics 730 (1130 MHz)<br \/>\n<strong>M\u00e4chteg<\/strong><br \/>\nPower Quell ATX meets 80 Plus Bronze Energieversuergung, g\u00ebeegent fir Standard Operatioun max. 60 Stonnen \/ Woch<br \/>\nEnergieeffizienz bei Laascht 10 % \/ 20 % \/ 50 % \/ 100 %): 82 % \/ 82 % \/ 85 % \/ 82 %.<br \/>\nEnergieverbrauch (Standby) \u00d8 1,8 Watt (S3 Modus, Suspend to RAM, WOL aktiv\u00e9iert)<br \/>\nMaximal Input Muecht 350 Watt<br \/>\nNominell Muecht \u00d8 33 Watt<br \/>\n\u00d8 116 kWh pro Joer (TEC = Typical Energy Consumption)<br \/>\nFir m\u00e9i Informatiounen iwwer Stroumverbrauch, kuckt op www.wortmann.de\/green an\/oder d&#039;Schnelllinks zu d\u00ebsem Produkt (wann verf\u00fcgbar).<br \/>\nStroumversuergung AC Input Volt 230 V (50 Hz)<br \/>\n<strong>Aarbechtskonditiounen<\/strong><br \/>\nOperatioun Temperatur Ber\u00e4ich 5 \u00b0 C - 35 \u00b0 C<br \/>\nRecommand\u00e9iert Fiichtegkeetsber\u00e4ich 10-75% (net-kondens\u00e9ierend)<br \/>\n<strong>Reseau<\/strong><br \/>\nIntegr\u00e9iert Ethernet port Network Adapter - integr\u00e9iert<br \/>\nIntel I219V LAN Controller, WOL \/ PXE<br \/>\nEthernet Datelink Protokoller<br \/>\nFast Ethernet<br \/>\nGigabit Ethernet<br \/>\nOptesch fueren<br \/>\nOptesch fueren - DVD \u00b1 RW Typ<br \/>\nInput Apparat<br \/>\nOptesch Bewegungserkennung Technologie<br \/>\nUSB Apparat Interface<\/p>","protected":false},"excerpt":{"rendered":"<p>&#8211;<strong> Intel Core i5<\/strong> (11. Gen) 11400 \/ 2,6 GHz (12 MB Smart Cache, max. 4,4 GHz mat Intel Turbo Boost Technologie)<br \/>\n&#8211; <strong>Windows 11<\/strong> Doheem<br \/>\n&#8211; <strong>16 GB<\/strong> RAM Er\u00ebnnerung<br \/>\n- Home Serie<br \/>\n- Intel UHD Graphics 730 (1130 MHz)<br \/>\n- Festplack Kapazit\u00e9it 1 x <strong>500 GB - SSD<\/strong><\/p>","protected":false},"featured_media":40852,"comment_status":"closed","ping_status":"closed","template":"","meta":{"_seopress_robots_primary_cat":"none","_seopress_titles_title":"","_seopress_titles_desc":"","_seopress_robots_index":""},"product_brand":[],"product_cat":[1510,82],"product_tag":[30843,30844,30840,30824,30799,30798,30839,138,30842,30845,30793,30841],"class_list":{"0":"post-40850","1":"product","2":"type-product","3":"status-publish","4":"has-post-thumbnail","6":"product_cat-informatique","7":"product_cat-ordinateurs","8":"product_tag-16gb","9":"product_tag-500gb","10":"product_tag-computer","11":"product_tag-econcept","12":"product_tag-i5","13":"product_tag-intel","14":"product_tag-ordinateur","15":"product_tag-pc","16":"product_tag-qwertz","17":"product_tag-ssd","18":"product_tag-terra","19":"product_tag-win11","21":"first","22":"instock","23":"featured","24":"shipping-taxable","25":"purchasable","26":"product-type-simple"},"_links":{"self":[{"href":"https:\/\/shop24.lu\/lb\/wp-json\/wp\/v2\/product\/40850","targetHints":{"allow":["GET"]}}],"collection":[{"href":"https:\/\/shop24.lu\/lb\/wp-json\/wp\/v2\/product"}],"about":[{"href":"https:\/\/shop24.lu\/lb\/wp-json\/wp\/v2\/types\/product"}],"replies":[{"embeddable":true,"href":"https:\/\/shop24.lu\/lb\/wp-json\/wp\/v2\/comments?post=40850"}],"wp:featuredmedia":[{"embeddable":true,"href":"https:\/\/shop24.lu\/lb\/wp-json\/wp\/v2\/media\/40852"}],"wp:attachment":[{"href":"https:\/\/shop24.lu\/lb\/wp-json\/wp\/v2\/media?parent=40850"}],"wp:term":[{"taxonomy":"product_brand","embeddable":true,"href":"https:\/\/shop24.lu\/lb\/wp-json\/wp\/v2\/product_brand?post=40850"},{"taxonomy":"product_cat","embeddable":true,"href":"https:\/\/shop24.lu\/lb\/wp-json\/wp\/v2\/product_cat?post=40850"},{"taxonomy":"product_tag","embeddable":true,"href":"https:\/\/shop24.lu\/lb\/wp-json\/wp\/v2\/product_tag?post=40850"}],"curies":[{"name":"wp","href":"https:\/\/api.w.org\/{rel}","templated":true}]}}