{"id":40857,"date":"2021-12-29T19:51:37","date_gmt":"2021-12-29T17:51:37","guid":{"rendered":"https:\/\/shop24.lu\/?post_type=product&#038;p=40857"},"modified":"2022-01-04T00:27:34","modified_gmt":"2022-01-03T22:27:34","slug":"terra-pc-micro-3000-silent-greenline-mui","status":"publish","type":"product","link":"https:\/\/shop24.lu\/lb\/product\/terra-pc-micro-3000-silent-greenline-mui\/","title":{"rendered":"TERRA PC-MICRO 3000 SILENT GREENLINE MUI"},"content":{"rendered":"<table id=\"ctl00_ctl00_ctl00_SiteContent_SiteContent_SiteContent_articleFeatureDisplayDetails_gridViewProductAttributes\" class=\"table table-condensed\" border=\"0\" cellspacing=\"0\">\n<tbody>\n<tr>\n<td><strong>General<\/strong><\/td>\n<\/tr>\n<tr>\n<td class=\"col-xs-3\">Prozessor<\/td>\n<td>Intel\u00ae Celeron\u00ae J4005 Prozessor (4M Cache, bis zu 2,70 GHz)<\/td>\n<\/tr>\n<tr>\n<td class=\"col-xs-3\">Betribssystem<\/td>\n<td>Windows 10 Home Gratis Upgrade op Windows 11 wann verf\u00fcgbar*<\/td>\n<\/tr>\n<tr>\n<td class=\"col-xs-3\"><\/td>\n<td><strong>Software<\/strong><\/td>\n<\/tr>\n<tr>\n<td class=\"col-xs-3\">virinstall\u00e9iert Software<\/td>\n<td>1 Mount Test fir nei Microsoft\u00ae 365 Clienten<\/td>\n<\/tr>\n<tr>\n<td class=\"col-xs-3\"><\/td>\n<td><strong>Prozessor<\/strong><\/td>\n<\/tr>\n<tr>\n<td class=\"col-xs-3\">Prozessor Famill<\/td>\n<td>Celeron<\/td>\n<\/tr>\n<tr>\n<td class=\"col-xs-3\">Zuel vun Prozessor K\u00e4r<\/td>\n<td>Dual Core (2 Cores)<\/td>\n<\/tr>\n<tr>\n<td class=\"col-xs-3\">Zuel vun Prozessoren<\/td>\n<td>1<\/td>\n<\/tr>\n<tr>\n<td class=\"col-xs-3\"><\/td>\n<td><strong>M\u00e9moire<\/strong><\/td>\n<\/tr>\n<tr>\n<td class=\"col-xs-3\">RAM Er\u00ebnnerung<\/td>\n<td>4GB<\/td>\n<\/tr>\n<tr>\n<td class=\"col-xs-3\">Er\u00ebnnerung Layout<\/td>\n<td>1 x 4GB<\/td>\n<\/tr>\n<tr>\n<td class=\"col-xs-3\">Maximum RAM Er\u00ebnnerung<\/td>\n<td>8 mbg<\/td>\n<\/tr>\n<tr>\n<td class=\"col-xs-3\">Intern Er\u00ebnnerung Typ<\/td>\n<td>DDR 4<\/td>\n<\/tr>\n<tr>\n<td class=\"col-xs-3\">Er\u00ebnnerung Plaze<\/td>\n<td>2<\/td>\n<\/tr>\n<tr>\n<td class=\"col-xs-3\">Er\u00ebnnerung Form Faktor<\/td>\n<td>SO-DIMM, 260 Pole<\/td>\n<\/tr>\n<tr>\n<td class=\"col-xs-3\"><\/td>\n<td><strong>Stockage Medium<\/strong><\/td>\n<\/tr>\n<tr>\n<td class=\"col-xs-3\">Total Er\u00ebnnerung Kapazit\u00e9it<\/td>\n<td>240 GB<\/td>\n<\/tr>\n<tr>\n<td class=\"col-xs-3\">Festplack Interface<\/td>\n<td>SATA 6Gb\/s<\/td>\n<\/tr>\n<tr>\n<td class=\"col-xs-3\">SSD Interface<\/td>\n<td>SATA<\/td>\n<\/tr>\n<tr>\n<td class=\"col-xs-3\">SSD Sp\u00e4icherkapazit\u00e9it<\/td>\n<td>240 GB<\/td>\n<\/tr>\n<tr>\n<td class=\"col-xs-3\">Festplack Kapazit\u00e9it<\/td>\n<td>1 x 240 GB - SSD<\/td>\n<\/tr>\n<tr>\n<td class=\"col-xs-3\">Kompatibel Er\u00ebnnerung Kaarte<\/td>\n<td>SDXC Er\u00ebnnerung Kaart<\/td>\n<\/tr>\n<tr>\n<td class=\"col-xs-3\">Zuel vun Plaze<\/td>\n<td>1<\/td>\n<\/tr>\n<tr>\n<td class=\"col-xs-3\">Stockage Medium<\/td>\n<td>SSD 2.5<\/td>\n<\/tr>\n<tr>\n<td class=\"col-xs-3\"><\/td>\n<td><strong>Performancen<\/strong><\/td>\n<\/tr>\n<tr>\n<td class=\"col-xs-3\">Serie<\/td>\n<td>Home Mikro \/ Mini Format<\/td>\n<\/tr>\n<tr>\n<td class=\"col-xs-3\">Typ vum Produkt<\/td>\n<td>Pers\u00e9inleche Computer<\/td>\n<\/tr>\n<tr>\n<td class=\"col-xs-3\">Audio Channels<\/td>\n<td>Stereo<\/td>\n<\/tr>\n<tr>\n<td class=\"col-xs-3\">Audio System<\/td>\n<td>H\u00e9ich Definitioun Audio<\/td>\n<\/tr>\n<tr>\n<td class=\"col-xs-3\"><\/td>\n<td><strong>Design<\/strong><\/td>\n<\/tr>\n<tr>\n<td class=\"col-xs-3\">Typ vun Geh\u00e4use<\/td>\n<td>Mikro Gr\u00e9isst<\/td>\n<\/tr>\n<tr>\n<td class=\"col-xs-3\">Zertifikatioun<\/td>\n<td>Assembl\u00e9e no ISO9001 an D\u00e4itschland Kompatibilit\u00e9it: SMBios (DMI), EnergyStar (g\u00fclteg n\u00ebmme fir US), EN60950, EN55022, EN55024, EN61000-3-2\/3, 89\/336\/ECC<\/td>\n<\/tr>\n<tr>\n<td class=\"col-xs-3\">Keyboard Form Faktor<\/td>\n<td>Fakultativ<\/td>\n<\/tr>\n<tr>\n<td class=\"col-xs-3\"><\/td>\n<td><strong>Technesch Detailer<\/strong><\/td>\n<\/tr>\n<tr>\n<td class=\"col-xs-3\">Location<\/td>\n<td>International<\/td>\n<\/tr>\n<tr>\n<td class=\"col-xs-3\"><\/td>\n<td><strong>Contenu vun der Liwwerung<\/strong><\/td>\n<\/tr>\n<tr>\n<td class=\"col-xs-3\">Geliwwert Accessoiren<\/td>\n<td>Quick Installatioun Guide, Stroumadapter, LCD VESA Mount<\/td>\n<\/tr>\n<tr>\n<td class=\"col-xs-3\"><\/td>\n<td><strong>Gewiicht an Dimensiounen<\/strong><\/td>\n<\/tr>\n<tr>\n<td class=\"col-xs-3\">H\u00e9icht<\/td>\n<td>5,16 cm<\/td>\n<\/tr>\n<tr>\n<td class=\"col-xs-3\">Breet<\/td>\n<td>11,5 cm<\/td>\n<\/tr>\n<tr>\n<td class=\"col-xs-3\">D\u00e9ift<\/td>\n<td>11,1 cm<\/td>\n<\/tr>\n<tr>\n<td class=\"col-xs-3\">Gewiicht<\/td>\n<td>1,3 kg<\/td>\n<\/tr>\n<tr>\n<td class=\"col-xs-3\"><\/td>\n<td><strong>Aner Funktiounen<\/strong><\/td>\n<\/tr>\n<tr>\n<td class=\"col-xs-3\">Zuel vun Expansioun Tir\u00e4ng<\/td>\n<td>1 intern - 2,5 \u2033 fir SSD<\/td>\n<\/tr>\n<tr>\n<td class=\"col-xs-3\">Interface<\/td>\n<td>4x USB 3.0 (2x virun; 2x hannen) 1x RJ45 1x DC an 2x HDMI<\/td>\n<\/tr>\n<tr>\n<td class=\"col-xs-3\">Kompatibel Betribssystemer<\/td>\n<td>Windows 10 (64 Bit)<\/td>\n<\/tr>\n<tr>\n<td class=\"col-xs-3\">Ofkillung<\/td>\n<td>Aktiv<\/td>\n<\/tr>\n<tr>\n<td class=\"col-xs-3\">Special Fonctiounen<\/td>\n<td>Kensington Sp\u00e4r Dual Rei Front Mikro<\/td>\n<\/tr>\n<tr>\n<td class=\"col-xs-3\"><\/td>\n<td><strong>Maus<\/strong><\/td>\n<\/tr>\n<tr>\n<td class=\"col-xs-3\">Maus abegraff<\/td>\n<td>Fakultativ<\/td>\n<\/tr>\n<tr>\n<td class=\"col-xs-3\"><\/td>\n<td><strong>Grafik<\/strong><\/td>\n<\/tr>\n<tr>\n<td class=\"col-xs-3\">Grafesch Schn\u00ebttplazen<\/td>\n<td>2 x HDMI \u00cbnnerst\u00ebtzung duebel Iwwerwachung<\/td>\n<\/tr>\n<tr>\n<td class=\"col-xs-3\">Integr\u00e9iert Graphikadapter Maximal Opl\u00e9isung<\/td>\n<td>Max. 4096 x 2160 @ 60Hz<\/td>\n<\/tr>\n<tr>\n<td class=\"col-xs-3\">Grafikkaart<\/td>\n<td>Intel HD Graphics 600<\/td>\n<\/tr>\n<tr>\n<td class=\"col-xs-3\">On-board Graphikadapter Modell<\/td>\n<td>Integr\u00e9iert<\/td>\n<\/tr>\n<tr>\n<td class=\"col-xs-3\">Integr\u00e9iert Graphikadapter<\/td>\n<td>Integr\u00e9iert<\/td>\n<\/tr>\n<tr>\n<td class=\"col-xs-3\"><\/td>\n<td><strong>M\u00e4chteg<\/strong><\/td>\n<\/tr>\n<tr>\n<td class=\"col-xs-3\">Stroumversuergung<\/td>\n<td>Fanlos extern Stroumversuergung<\/td>\n<\/tr>\n<tr>\n<td class=\"col-xs-3\">Energieverbrauch (Standby)<\/td>\n<td>\u00d8 0,67 Watt (S3. Suspend to RAM. WOL Modus an) 0.43 Watt Soft Off (S5 Modus) W<\/td>\n<\/tr>\n<tr>\n<td class=\"col-xs-3\">Maximal Input Muecht<\/td>\n<td>36 watt<\/td>\n<\/tr>\n<tr>\n<td class=\"col-xs-3\">Nominell Muecht<\/td>\n<td>\u00d8 4,69 Watt Leermodus \u00d8 19,58 kWh pro Joer (TEC = Typical Energy Consumption)<\/td>\n<\/tr>\n<tr>\n<td class=\"col-xs-3\">Energieversuergung Input Volt<\/td>\n<td>AC Stroum 100\/240 V (50\/60 Hz)<\/td>\n<\/tr>\n<tr>\n<td class=\"col-xs-3\"><\/td>\n<td><strong>Aarbechtskonditiounen<\/strong><\/td>\n<\/tr>\n<tr>\n<td class=\"col-xs-3\">Operatioun Temperatur Ber\u00e4ich<\/td>\n<td>0\u00b0C \u2013 40\u00b0C<\/td>\n<\/tr>\n<tr>\n<td class=\"col-xs-3\"><\/td>\n<td><strong>Reseau<\/strong><\/td>\n<\/tr>\n<tr>\n<td class=\"col-xs-3\">Gebaut-an Ethernet Verbindung<\/td>\n<td>Netzwierkadapter - integr\u00e9iert<\/td>\n<\/tr>\n<tr>\n<td class=\"col-xs-3\">LAN Controller<\/td>\n<td>Realtek RTL8111H, 10\/100\/1000 Mbps, WOL\/PXE<\/td>\n<\/tr>\n<tr>\n<td class=\"col-xs-3\">WLAN Standarden<\/td>\n<td>Intel Wireless-AC 9462 Frequenz Band: 2,4 GHz + 5 GHz<\/td>\n<\/tr>\n<tr>\n<td class=\"col-xs-3\">Datelink Protokoller<\/td>\n<td>Ethernet, Fast Ethernet, Gigabit Ethernet, IEEE 802.11b, IEEE 802.11g, IEEE 802.11n Bluetooth 5.0<\/td>\n<\/tr>\n<tr>\n<td class=\"col-xs-3\"><\/td>\n<td><strong>Optesch fueren<\/strong><\/td>\n<\/tr>\n<tr>\n<td class=\"col-xs-3\">Optesch Fuert - Typ<\/td>\n<td>Ouni opteschen fueren<\/td>\n<\/tr>\n<tr>\n<td class=\"col-xs-3\"><\/td>\n<td><strong>Remarquen<\/strong><\/td>\n<\/tr>\n<tr>\n<td class=\"col-xs-3\">Weider Informatiounen<\/td>\n<td>*Den Upgradeprozess ass an de leschten Etappen a g\u00ebtt erwaart Enn 2021 unzef\u00e4nken. De genaue Prozess an den Timing k\u00ebnne jee no Apparat vari\u00e9ieren. D&#039;Mindestfuerderunge fir e gratis Update fannt Dir op: https:\/\/www.microsoft.com\/de-de\/windows\/windows-11-specifications<\/td>\n<\/tr>\n<\/tbody>\n<\/table>","protected":false},"excerpt":{"rendered":"<p>Den TERRA MicroPC an engem extrem kompakten a Plazspuerend Geh\u00e4use vun n\u00ebmmen 0,6 Liter. M\u00e4chteg a roueg dank der Notzung vun engem Solid-State-Drive (SSD). VESA Montage Kit abegraff fir h\u00ebnnescht Montage op e passenden Display.<\/p>\n<ul>\n<li>Prozessor <strong>Intel\u00ae Celeron\u00ae J4005<\/strong> (4M Cache, bis zu 2,70 GHz)<\/li>\n<li><strong>Windows 10 Home<\/strong> (Gratis Update op Windows 11 wann verf\u00fcgbar *)<\/li>\n<li><strong>4GB<\/strong> RAM Er\u00ebnnerung<\/li>\n<li>Home Mikro \/ Mini Format Serie<\/li>\n<li>Intel HD Graphics 600<\/li>\n<li>Festplack Kapazit\u00e9it 1 x <strong>240 GB - SSD<\/strong><\/li>\n<\/ul>","protected":false},"featured_media":40859,"comment_status":"closed","ping_status":"closed","template":"","meta":{"_seopress_robots_primary_cat":"none","_seopress_titles_title":"","_seopress_titles_desc":"","_seopress_robots_index":""},"product_brand":[],"product_cat":[1510,82],"product_tag":[30847,30840,30848,1539,30839,138,30846,30845,30793],"class_list":{"0":"post-40857","1":"product","2":"type-product","3":"status-publish","4":"has-post-thumbnail","6":"product_cat-informatique","7":"product_cat-ordinateurs","8":"product_tag-240gb","9":"product_tag-computer","10":"product_tag-ddr4","11":"product_tag-micro","12":"product_tag-ordinateur","13":"product_tag-pc","14":"product_tag-silent","15":"product_tag-ssd","16":"product_tag-terra","18":"first","19":"instock","20":"shipping-taxable","21":"purchasable","22":"product-type-simple"},"_links":{"self":[{"href":"https:\/\/shop24.lu\/lb\/wp-json\/wp\/v2\/product\/40857","targetHints":{"allow":["GET"]}}],"collection":[{"href":"https:\/\/shop24.lu\/lb\/wp-json\/wp\/v2\/product"}],"about":[{"href":"https:\/\/shop24.lu\/lb\/wp-json\/wp\/v2\/types\/product"}],"replies":[{"embeddable":true,"href":"https:\/\/shop24.lu\/lb\/wp-json\/wp\/v2\/comments?post=40857"}],"wp:featuredmedia":[{"embeddable":true,"href":"https:\/\/shop24.lu\/lb\/wp-json\/wp\/v2\/media\/40859"}],"wp:attachment":[{"href":"https:\/\/shop24.lu\/lb\/wp-json\/wp\/v2\/media?parent=40857"}],"wp:term":[{"taxonomy":"product_brand","embeddable":true,"href":"https:\/\/shop24.lu\/lb\/wp-json\/wp\/v2\/product_brand?post=40857"},{"taxonomy":"product_cat","embeddable":true,"href":"https:\/\/shop24.lu\/lb\/wp-json\/wp\/v2\/product_cat?post=40857"},{"taxonomy":"product_tag","embeddable":true,"href":"https:\/\/shop24.lu\/lb\/wp-json\/wp\/v2\/product_tag?post=40857"}],"curies":[{"name":"wp","href":"https:\/\/api.w.org\/{rel}","templated":true}]}}