{"id":42669,"date":"2022-01-03T23:19:50","date_gmt":"2022-01-03T21:19:50","guid":{"rendered":"https:\/\/shop24.lu\/?post_type=product&#038;p=42669"},"modified":"2022-01-04T00:26:58","modified_gmt":"2022-01-03T22:26:58","slug":"byebyecellulite-200ml","status":"publish","type":"product","link":"https:\/\/shop24.lu\/lb\/product\/byebyecellulite-200ml\/","title":{"rendered":"ByeByeCellulite 200ml"},"content":{"rendered":"<p>Kombinatioun vun aktiven Zutaten, d\u00e9i d&#039;Erscheinung vu Cellulite s\u00e9ier a laang dauerhaft verbesseren. No ongef\u00e9ier 1 Woch f\u00e4llt d\u00e9i initial Roudechkeet an d&#039;Gefill vun der H\u00ebtzt of, en Zeeche vun der Effektivit\u00e9it.<\/p>\n<p>Dank der Interaktioun vun h\u00e9ich konzentr\u00e9iert Mati\u00e8re premi\u00e8re, kann dimples siichtbar equilibr\u00e9iert an harmonis\u00e9iert ginn. D&#039;Erscheinung vu Cellulite kann reduz\u00e9iert ginn.<\/p>\n<p><iframe title=\"InShape.lu - ByeByeCellulite LU (04.2017)\" width=\"1020\" height=\"574\" src=\"https:\/\/www.youtube.com\/embed\/wfxLfvL4hS4?feature=oembed\" frameborder=\"0\" allow=\"accelerometer; autoplay; clipboard-write; encrypted-media; gyroscope; picture-in-picture; web-share\" allowfullscreen><\/iframe><\/p>\n<p>ByeByeCellulite enth\u00e4lt eenzegaarteg Gem\u00e9is Rohmaterial mat engem aktive Konzept a 6 Etappen: Effekter:<\/p>\n<p>Visibel Erh\u00e9ijung vun der Mikrozirkulatioun (R\u00f6tung vun der Haut).<br \/>\nGefill vun H\u00ebtzt.<br \/>\nVerbessert d&#039;N\u00e4hrstoffaufnahme<br \/>\nGlat Haut<br \/>\nSt\u00e4erkt d&#039;Struktur vun der Haut<br \/>\nHarmonis\u00e9ierung vum Hautbild<\/p>\n<p>Inhalt: 200 ml \/ 6,76 fl.oz<\/p>","protected":false},"excerpt":{"rendered":"<p>D\u00ebse phenomenalen Energiepack enth\u00e4lt h\u00e9ich effektiv aktiv Zutaten an enger best\u00ebmmter Kombinatioun an entw\u00e9ckelt s\u00e4in 3D Effekt an engem 6-Schr\u00ebtt Prozess.<\/p>","protected":false},"featured_media":42677,"comment_status":"closed","ping_status":"closed","template":"","meta":{"_seopress_robots_primary_cat":"none","_seopress_titles_title":"","_seopress_titles_desc":"","_seopress_robots_index":""},"product_brand":[],"product_cat":[60,30855],"product_tag":[30849,30850,578,30854,30852,30853,30851],"class_list":{"0":"post-42669","1":"product","2":"type-product","3":"status-publish","4":"has-post-thumbnail","6":"product_cat-beaute","7":"product_cat-cosmetique","8":"product_tag-bye","9":"product_tag-byebye","10":"product_tag-cellulite","11":"product_tag-cosmetic","12":"product_tag-dr","13":"product_tag-effect","14":"product_tag-juchheim","16":"first","17":"instock","18":"featured","19":"shipping-taxable","20":"product-type-external"},"_links":{"self":[{"href":"https:\/\/shop24.lu\/lb\/wp-json\/wp\/v2\/product\/42669","targetHints":{"allow":["GET"]}}],"collection":[{"href":"https:\/\/shop24.lu\/lb\/wp-json\/wp\/v2\/product"}],"about":[{"href":"https:\/\/shop24.lu\/lb\/wp-json\/wp\/v2\/types\/product"}],"replies":[{"embeddable":true,"href":"https:\/\/shop24.lu\/lb\/wp-json\/wp\/v2\/comments?post=42669"}],"wp:featuredmedia":[{"embeddable":true,"href":"https:\/\/shop24.lu\/lb\/wp-json\/wp\/v2\/media\/42677"}],"wp:attachment":[{"href":"https:\/\/shop24.lu\/lb\/wp-json\/wp\/v2\/media?parent=42669"}],"wp:term":[{"taxonomy":"product_brand","embeddable":true,"href":"https:\/\/shop24.lu\/lb\/wp-json\/wp\/v2\/product_brand?post=42669"},{"taxonomy":"product_cat","embeddable":true,"href":"https:\/\/shop24.lu\/lb\/wp-json\/wp\/v2\/product_cat?post=42669"},{"taxonomy":"product_tag","embeddable":true,"href":"https:\/\/shop24.lu\/lb\/wp-json\/wp\/v2\/product_tag?post=42669"}],"curies":[{"name":"wp","href":"https:\/\/api.w.org\/{rel}","templated":true}]}}