{"id":42678,"date":"2022-01-03T23:34:23","date_gmt":"2022-01-03T21:34:23","guid":{"rendered":"https:\/\/shop24.lu\/?post_type=product&#038;p=42678"},"modified":"2022-01-03T23:37:18","modified_gmt":"2022-01-03T21:37:18","slug":"lipo-sculp","status":"publish","type":"product","link":"https:\/\/shop24.lu\/lb\/product\/lipo-sculp\/","title":{"rendered":"Lipo Sculp 200ml"},"content":{"rendered":"<div class=\"product-desc-content\">\n<p>D&#039;Interaktioun vun d\u00ebsen aktiven Substanzen dr\u00e9it zur Reduktioun vum Volume an der Substanz vun der Haut b\u00e4i, d&#039;Strukturen ginn verst\u00e4erkt an harmonis\u00e9iert.<\/p>\n<p>Den Effekt vun der m\u00e4chteger Cr\u00e8me kann mat engem Kierperlift vergl\u00e4ichbar sinn.<\/p>\n<\/div>\n<p><iframe title=\"InShape.lu - Lipo Sculp LU (01.2018)\" width=\"1020\" height=\"574\" src=\"https:\/\/www.youtube.com\/embed\/WiKMhCzfRZQ?feature=oembed\" frameborder=\"0\" allow=\"accelerometer; autoplay; clipboard-write; encrypted-media; gyroscope; picture-in-picture; web-share\" allowfullscreen><\/iframe><\/p>\n<p>Benotzt:<\/p>\n<div class=\"product-desc-content\">\n<ul class=\"ProdAnwList\">\n<li>appliz\u00e9iert 1-2x pro Dag op d\u00e9i betraffe Haut.<\/li>\n<li>Start mat enger klenger Quantit\u00e9it Lipo Sculp.<\/li>\n<li>Ofh\u00e4ngeg vun der Toleranz kann de Betrag pro Applikatioun erh\u00e9icht ginn.<\/li>\n<li>No 1 Woch verschw\u00ebnnt d\u00e9i \u00e9ischt R\u00f6tung vun der Haut an d&#039;Gefill vun der H\u00ebtzt normalerweis, dat heescht datt den Effekt a vollem Schwong ass.<\/li>\n<li>Wann dat \u00e9ischt Gefill vun H\u00ebtzt a Roudechkeet ze vill ass, g\u00eblle manner Cr\u00e8me d\u00e9i n\u00e4chst K\u00e9ier.<\/li>\n<\/ul>\n<\/div>","protected":false},"excerpt":{"rendered":"<p>Schlank Cr\u00e8me<\/p>","protected":false},"featured_media":42680,"comment_status":"closed","ping_status":"closed","template":"","meta":{"_seopress_robots_primary_cat":"none","_seopress_titles_title":"","_seopress_titles_desc":"","_seopress_robots_index":""},"product_brand":[],"product_cat":[60,30855],"product_tag":[30854,30858,30859,30860,333,30852,30851,30856,30861,30857],"class_list":{"0":"post-42678","1":"product","2":"type-product","3":"status-publish","4":"has-post-thumbnail","6":"product_cat-beaute","7":"product_cat-cosmetique","8":"product_tag-cosmetic","9":"product_tag-cosmetics","10":"product_tag-cosmetique","11":"product_tag-cream","12":"product_tag-creme","13":"product_tag-dr","14":"product_tag-juchheim","15":"product_tag-lipo","16":"product_tag-minceur","17":"product_tag-sculp","19":"first","20":"instock","21":"shipping-taxable","22":"product-type-external"},"_links":{"self":[{"href":"https:\/\/shop24.lu\/lb\/wp-json\/wp\/v2\/product\/42678","targetHints":{"allow":["GET"]}}],"collection":[{"href":"https:\/\/shop24.lu\/lb\/wp-json\/wp\/v2\/product"}],"about":[{"href":"https:\/\/shop24.lu\/lb\/wp-json\/wp\/v2\/types\/product"}],"replies":[{"embeddable":true,"href":"https:\/\/shop24.lu\/lb\/wp-json\/wp\/v2\/comments?post=42678"}],"wp:featuredmedia":[{"embeddable":true,"href":"https:\/\/shop24.lu\/lb\/wp-json\/wp\/v2\/media\/42680"}],"wp:attachment":[{"href":"https:\/\/shop24.lu\/lb\/wp-json\/wp\/v2\/media?parent=42678"}],"wp:term":[{"taxonomy":"product_brand","embeddable":true,"href":"https:\/\/shop24.lu\/lb\/wp-json\/wp\/v2\/product_brand?post=42678"},{"taxonomy":"product_cat","embeddable":true,"href":"https:\/\/shop24.lu\/lb\/wp-json\/wp\/v2\/product_cat?post=42678"},{"taxonomy":"product_tag","embeddable":true,"href":"https:\/\/shop24.lu\/lb\/wp-json\/wp\/v2\/product_tag?post=42678"}],"curies":[{"name":"wp","href":"https:\/\/api.w.org\/{rel}","templated":true}]}}