{"id":42695,"date":"2022-01-03T23:46:15","date_gmt":"2022-01-03T21:46:15","guid":{"rendered":"https:\/\/shop24.lu\/?post_type=product&#038;p=42695"},"modified":"2022-01-03T23:46:16","modified_gmt":"2022-01-03T21:46:16","slug":"serum-4-eyes","status":"publish","type":"product","link":"https:\/\/shop24.lu\/lb\/product\/serum-4-eyes\/","title":{"rendered":"Serum 4 Eyes"},"content":{"rendered":"<p>D&#039;Faszinatioun vun \u00c4ren Aen, den \u00cbnnerhalt vum jugendleche Glanz war d&#039;Motivatioun fir d&#039;Entw\u00e9cklung vun d\u00ebsem m\u00e4chtege Serum. D&#039;Aengebitt ass d\u00e9i \u00e9ischt, d\u00e9i vun den Alterungszeeche betraff ass.<\/p>\n<p>En d\u00e9if, midd Look reduz\u00e9iert d&#039;Attraktivit\u00e9it a Charisma.<\/p>","protected":false},"excerpt":{"rendered":"<p>Turbo Effekt fir stralende Aen; g\u00e9int Schwellungen a Falten<\/p>\n<p>Verpackung: 15 ml<\/p>","protected":false},"featured_media":42697,"comment_status":"closed","ping_status":"closed","template":"","meta":{"_seopress_robots_primary_cat":"","_seopress_titles_title":"","_seopress_titles_desc":"","_seopress_robots_index":""},"product_brand":[],"product_cat":[60,30855],"product_tag":[30858,30852,30853,30869,30851,362,30870],"class_list":{"0":"post-42695","1":"product","2":"type-product","3":"status-publish","4":"has-post-thumbnail","6":"product_cat-beaute","7":"product_cat-cosmetique","8":"product_tag-cosmetics","9":"product_tag-dr","10":"product_tag-effect","11":"product_tag-eyes","12":"product_tag-juchheim","13":"product_tag-serum","14":"product_tag-serum4eyes","16":"first","17":"instock","18":"shipping-taxable","19":"product-type-external"},"_links":{"self":[{"href":"https:\/\/shop24.lu\/lb\/wp-json\/wp\/v2\/product\/42695","targetHints":{"allow":["GET"]}}],"collection":[{"href":"https:\/\/shop24.lu\/lb\/wp-json\/wp\/v2\/product"}],"about":[{"href":"https:\/\/shop24.lu\/lb\/wp-json\/wp\/v2\/types\/product"}],"replies":[{"embeddable":true,"href":"https:\/\/shop24.lu\/lb\/wp-json\/wp\/v2\/comments?post=42695"}],"wp:featuredmedia":[{"embeddable":true,"href":"https:\/\/shop24.lu\/lb\/wp-json\/wp\/v2\/media\/42697"}],"wp:attachment":[{"href":"https:\/\/shop24.lu\/lb\/wp-json\/wp\/v2\/media?parent=42695"}],"wp:term":[{"taxonomy":"product_brand","embeddable":true,"href":"https:\/\/shop24.lu\/lb\/wp-json\/wp\/v2\/product_brand?post=42695"},{"taxonomy":"product_cat","embeddable":true,"href":"https:\/\/shop24.lu\/lb\/wp-json\/wp\/v2\/product_cat?post=42695"},{"taxonomy":"product_tag","embeddable":true,"href":"https:\/\/shop24.lu\/lb\/wp-json\/wp\/v2\/product_tag?post=42695"}],"curies":[{"name":"wp","href":"https:\/\/api.w.org\/{rel}","templated":true}]}}