{"id":42699,"date":"2022-01-03T23:49:29","date_gmt":"2022-01-03T21:49:29","guid":{"rendered":"https:\/\/shop24.lu\/?post_type=product&#038;p=42699"},"modified":"2022-01-03T23:49:29","modified_gmt":"2022-01-03T21:49:29","slug":"beauty-pen","status":"publish","type":"product","link":"https:\/\/shop24.lu\/lb\/product\/beauty-pen\/","title":{"rendered":"Sch\u00e9inheet Pen"},"content":{"rendered":"<p>Erlieft aussergew\u00e9inlech, erstaunlech \u00c4nnerung, och fir d\u00e9if Falten. De Beauty Pen h\u00eblleft Iech besser a m\u00e9i jonk ze fillen. Nieft klenge Falten glatt et och d\u00e9if Falten mat senger spezieller aktiver Formel a m\u00e9cht L\u00e4ngsfalken (Schloffalken) verschwannen. Pinsel einfach den Applikator iwwer st\u00e9ierend Falten a loosst et kuerz absorb\u00e9ieren.<\/p>\n<p>Extrakter aus Chinesesch Seidbaum Rinde, Edelweiss, Gentian a speziell Peptiden handelen als Kollagen-Boosting Faktoren an h\u00ebllefen d&#039;Hautelastizit\u00e9it ze verbesseren. Planzkollagen kann direkt Falten opf\u00ebllen an d&#039;Haut m\u00e9i jonk maachen. Den direkten Effekt dauert fir Stonnen a kann Haltbarkeet vun enger Applikatioun op d\u00e9i aner gewannen.<\/p>\n<p>Gitt inspir\u00e9iert vu m\u00e9i sch\u00e9iner a m\u00e9i jonk ausgesinn Haut!<\/p>\n<p class=\"ProductInfoHighlight\"><strong>Opgepasst:<\/strong> Net a Kontakt mat den Aen setzen. Op de baussenzegen Eck vum Auge opdroen, ewech vum Auge. Am Fall vu Kontakt mat den Aen, sp\u00fclen se direkt mat fl\u00e9issendem Waasser fir 15 Minutten. Weg halen ewech vum Aen.<\/p>","protected":false},"excerpt":{"rendered":"<p>Instant Pen - direkt sch\u00e9in<\/p>\n<p>Verpackung: 6 ml<\/p>","protected":false},"featured_media":42701,"comment_status":"closed","ping_status":"closed","template":"","meta":{"_seopress_robots_primary_cat":"","_seopress_titles_title":"","_seopress_titles_desc":"","_seopress_robots_index":""},"product_brand":[],"product_cat":[60,30855],"product_tag":[329,30858,30852,30853,30851,867,30868,30867],"class_list":{"0":"post-42699","1":"product","2":"type-product","3":"status-publish","4":"has-post-thumbnail","6":"product_cat-beaute","7":"product_cat-cosmetique","8":"product_tag-beauty","9":"product_tag-cosmetics","10":"product_tag-dr","11":"product_tag-effect","12":"product_tag-juchheim","13":"product_tag-pen","14":"product_tag-store","15":"product_tag-vip","17":"first","18":"instock","19":"shipping-taxable","20":"product-type-external"},"_links":{"self":[{"href":"https:\/\/shop24.lu\/lb\/wp-json\/wp\/v2\/product\/42699","targetHints":{"allow":["GET"]}}],"collection":[{"href":"https:\/\/shop24.lu\/lb\/wp-json\/wp\/v2\/product"}],"about":[{"href":"https:\/\/shop24.lu\/lb\/wp-json\/wp\/v2\/types\/product"}],"replies":[{"embeddable":true,"href":"https:\/\/shop24.lu\/lb\/wp-json\/wp\/v2\/comments?post=42699"}],"wp:featuredmedia":[{"embeddable":true,"href":"https:\/\/shop24.lu\/lb\/wp-json\/wp\/v2\/media\/42701"}],"wp:attachment":[{"href":"https:\/\/shop24.lu\/lb\/wp-json\/wp\/v2\/media?parent=42699"}],"wp:term":[{"taxonomy":"product_brand","embeddable":true,"href":"https:\/\/shop24.lu\/lb\/wp-json\/wp\/v2\/product_brand?post=42699"},{"taxonomy":"product_cat","embeddable":true,"href":"https:\/\/shop24.lu\/lb\/wp-json\/wp\/v2\/product_cat?post=42699"},{"taxonomy":"product_tag","embeddable":true,"href":"https:\/\/shop24.lu\/lb\/wp-json\/wp\/v2\/product_tag?post=42699"}],"curies":[{"name":"wp","href":"https:\/\/api.w.org\/{rel}","templated":true}]}}