{"id":42702,"date":"2022-01-03T23:52:55","date_gmt":"2022-01-03T21:52:55","guid":{"rendered":"https:\/\/shop24.lu\/?post_type=product&#038;p=42702"},"modified":"2022-01-03T23:52:57","modified_gmt":"2022-01-03T21:52:57","slug":"filler-4-face-aux-cellules-souches-vegetales","status":"publish","type":"product","link":"https:\/\/shop24.lu\/lb\/product\/filler-4-face-aux-cellules-souches-vegetales\/","title":{"rendered":"Filler 4 Facing Planz Stammzellen"},"content":{"rendered":"<p class=\"ProdSubhead\">D\u00e9i ultimativ Anti-Aging Behandlung mat engem Lifteffekt.<\/p>\n<p>D\u00e9i ultimativ Anti-Falten Dag an Nuecht Fleeg fir Gesiicht an Hals ass m\u00ebll w\u00e9i Puff, a gl\u00e4ichz\u00e4iteg extrem reich an ausgewielten aktiven Zutaten.<\/p>\n<p>&nbsp;<\/p>\n<div class=\"product-desc-content\">\n<p>Ayurvedesch Planzenextrakter, Guggul Harz (Indesch Myrrh), Planzenstamzellen an d\u00e9i lescht Generatioun Hyalurons\u00e4ure maachen d\u00ebs Cr\u00e8me zu engem pure Wuelbefannen mat engem sch\u00fctzende a plumpende Effekt. D\u00e9i aktiv Zutate ginn an d&#039;Hautzellen an der Basislinn transport\u00e9iert, wou se direkt op eng sanft, awer laangfristeg Man\u00e9ier uf\u00e4nke fir Effekt ze maachen.<\/p>\n<p>Falten a feine Linne gi vu bannen gepflanzt, d&#039;Haut sch\u00e9ngt energesch, verst\u00e4erkt a verj\u00fcngt. Loosst \u00c4r Haut bl\u00e9nken a gen\u00e9isst seng samteg Struktur.<\/p>\n<\/div>","protected":false},"excerpt":{"rendered":"<p>Anti-Falten Dag an Nuecht Cr\u00e8me mat plumping Effekt<\/p>\n<p>Verpackung: 30 ml<\/p>","protected":false},"featured_media":42704,"comment_status":"closed","ping_status":"closed","template":"","meta":{"_seopress_robots_primary_cat":"","_seopress_titles_title":"","_seopress_titles_desc":"","_seopress_robots_index":""},"product_brand":[],"product_cat":[60,30855],"product_tag":[30873,30858,30852,30853,30871,30872,30851,30874,30875],"class_list":{"0":"post-42702","1":"product","2":"type-product","3":"status-publish","4":"has-post-thumbnail","6":"product_cat-beaute","7":"product_cat-cosmetique","8":"product_tag-cellules","9":"product_tag-cosmetics","10":"product_tag-dr","11":"product_tag-effect","12":"product_tag-filler","13":"product_tag-filler4face","14":"product_tag-juchheim","15":"product_tag-souche","16":"product_tag-stammzellen","18":"first","19":"instock","20":"shipping-taxable","21":"product-type-external"},"_links":{"self":[{"href":"https:\/\/shop24.lu\/lb\/wp-json\/wp\/v2\/product\/42702","targetHints":{"allow":["GET"]}}],"collection":[{"href":"https:\/\/shop24.lu\/lb\/wp-json\/wp\/v2\/product"}],"about":[{"href":"https:\/\/shop24.lu\/lb\/wp-json\/wp\/v2\/types\/product"}],"replies":[{"embeddable":true,"href":"https:\/\/shop24.lu\/lb\/wp-json\/wp\/v2\/comments?post=42702"}],"wp:featuredmedia":[{"embeddable":true,"href":"https:\/\/shop24.lu\/lb\/wp-json\/wp\/v2\/media\/42704"}],"wp:attachment":[{"href":"https:\/\/shop24.lu\/lb\/wp-json\/wp\/v2\/media?parent=42702"}],"wp:term":[{"taxonomy":"product_brand","embeddable":true,"href":"https:\/\/shop24.lu\/lb\/wp-json\/wp\/v2\/product_brand?post=42702"},{"taxonomy":"product_cat","embeddable":true,"href":"https:\/\/shop24.lu\/lb\/wp-json\/wp\/v2\/product_cat?post=42702"},{"taxonomy":"product_tag","embeddable":true,"href":"https:\/\/shop24.lu\/lb\/wp-json\/wp\/v2\/product_tag?post=42702"}],"curies":[{"name":"wp","href":"https:\/\/api.w.org\/{rel}","templated":true}]}}