{"id":42705,"date":"2022-01-03T23:56:06","date_gmt":"2022-01-03T21:56:06","guid":{"rendered":"https:\/\/shop24.lu\/?post_type=product&#038;p=42705"},"modified":"2022-01-03T23:56:07","modified_gmt":"2022-01-03T21:56:07","slug":"acide-hyaluronique-liposomique","status":"publish","type":"product","link":"https:\/\/shop24.lu\/lb\/product\/acide-hyaluronique-liposomique\/","title":{"rendered":"Liposomal Hyalurons\u00e4ure"},"content":{"rendered":"<p>Innovativ Technologien, High-Performance Liposomen-encapsul\u00e9iert Hyalurons\u00e4ure a w\u00e4ertvoll Planzenextrakter charakteris\u00e9ieren d\u00ebse luxuri\u00e9ise Serum, deen als e richtegen Duuschtl\u00e4scher fir gestresst Haut wierkt.<\/p>\n<p>&nbsp;<\/p>\n<div class=\"product-desc-content\">\n<p>De liposomalen hyaluronesche Booster wierkt g\u00e9int altersbedingte Hautverloscht vu Substanz an ass wesentlech an all Anti-Aging Behandlung.<\/p>\n<p>Gen\u00e9isst \u00c4r Haut mat Feuchtigkeit a restaur\u00e9iert de Glanz vun \u00c4rer Haut a jugendleche Glanz.<\/p>\n<\/div>\n<p>&nbsp;<\/p>\n<p>Inhalt 30ml \/ 1,01 fl oz<\/p>","protected":false},"excerpt":{"rendered":"<p>Serum fir Gesiicht, Hals an H\u00e4nn.<\/p>\n<p>Verpackung: 30 ml<\/p>","protected":false},"featured_media":42707,"comment_status":"closed","ping_status":"closed","template":"","meta":{"_seopress_robots_primary_cat":"","_seopress_titles_title":"","_seopress_titles_desc":"","_seopress_robots_index":""},"product_brand":[],"product_cat":[60,30855],"product_tag":[30876,30858,30852,30853,369,30877,30851,30878,30879,30868,30867],"class_list":{"0":"post-42705","1":"product","2":"type-product","3":"status-publish","4":"has-post-thumbnail","6":"product_cat-beaute","7":"product_cat-cosmetique","8":"product_tag-acide","9":"product_tag-cosmetics","10":"product_tag-dr","11":"product_tag-effect","12":"product_tag-hyaluron","13":"product_tag-hyaluronique","14":"product_tag-juchheim","15":"product_tag-liposomique","16":"product_tag-saure","17":"product_tag-store","18":"product_tag-vip","20":"first","21":"instock","22":"shipping-taxable","23":"product-type-external"},"_links":{"self":[{"href":"https:\/\/shop24.lu\/lb\/wp-json\/wp\/v2\/product\/42705","targetHints":{"allow":["GET"]}}],"collection":[{"href":"https:\/\/shop24.lu\/lb\/wp-json\/wp\/v2\/product"}],"about":[{"href":"https:\/\/shop24.lu\/lb\/wp-json\/wp\/v2\/types\/product"}],"replies":[{"embeddable":true,"href":"https:\/\/shop24.lu\/lb\/wp-json\/wp\/v2\/comments?post=42705"}],"wp:featuredmedia":[{"embeddable":true,"href":"https:\/\/shop24.lu\/lb\/wp-json\/wp\/v2\/media\/42707"}],"wp:attachment":[{"href":"https:\/\/shop24.lu\/lb\/wp-json\/wp\/v2\/media?parent=42705"}],"wp:term":[{"taxonomy":"product_brand","embeddable":true,"href":"https:\/\/shop24.lu\/lb\/wp-json\/wp\/v2\/product_brand?post=42705"},{"taxonomy":"product_cat","embeddable":true,"href":"https:\/\/shop24.lu\/lb\/wp-json\/wp\/v2\/product_cat?post=42705"},{"taxonomy":"product_tag","embeddable":true,"href":"https:\/\/shop24.lu\/lb\/wp-json\/wp\/v2\/product_tag?post=42705"}],"curies":[{"name":"wp","href":"https:\/\/api.w.org\/{rel}","templated":true}]}}