{"id":42726,"date":"2022-01-04T00:14:29","date_gmt":"2022-01-03T22:14:29","guid":{"rendered":"https:\/\/shop24.lu\/?post_type=product&#038;p=42726"},"modified":"2022-01-04T00:14:31","modified_gmt":"2022-01-03T22:14:31","slug":"tonic-water-eau-tonifiante","status":"publish","type":"product","link":"https:\/\/shop24.lu\/lb\/product\/tonic-water-eau-tonifiante\/","title":{"rendered":"Tonic Waasser"},"content":{"rendered":"<p>Den Tonic l\u00e4scht fetteg Reschter vun der Haut sou datt Cremen aus Effekt Kosmetik m\u00e9i d\u00e9if a m\u00e9i s\u00e9ier an d&#039;Haut penetr\u00e9ieren.<\/p>","protected":false},"excerpt":{"rendered":"<p>Reinigungswasser fir d&#039;Effizienz vun de kosmeteschen Effekter ze erh\u00e9ijen.<\/p>\n<p>Verpackung: 150 ml<\/p>","protected":false},"featured_media":42728,"comment_status":"closed","ping_status":"closed","template":"","meta":{"_seopress_robots_primary_cat":"","_seopress_titles_title":"","_seopress_titles_desc":"","_seopress_robots_index":""},"product_brand":[],"product_cat":[60,30855],"product_tag":[30858,30852,342,30853,30851,30894,30896,30895],"class_list":{"0":"post-42726","1":"product","2":"type-product","3":"status-publish","4":"has-post-thumbnail","6":"product_cat-beaute","7":"product_cat-cosmetique","8":"product_tag-cosmetics","9":"product_tag-dr","10":"product_tag-eau","11":"product_tag-effect","12":"product_tag-juchheim","13":"product_tag-tonic","14":"product_tag-tonifiante","15":"product_tag-water","17":"first","18":"instock","19":"shipping-taxable","20":"product-type-external"},"_links":{"self":[{"href":"https:\/\/shop24.lu\/lb\/wp-json\/wp\/v2\/product\/42726","targetHints":{"allow":["GET"]}}],"collection":[{"href":"https:\/\/shop24.lu\/lb\/wp-json\/wp\/v2\/product"}],"about":[{"href":"https:\/\/shop24.lu\/lb\/wp-json\/wp\/v2\/types\/product"}],"replies":[{"embeddable":true,"href":"https:\/\/shop24.lu\/lb\/wp-json\/wp\/v2\/comments?post=42726"}],"wp:featuredmedia":[{"embeddable":true,"href":"https:\/\/shop24.lu\/lb\/wp-json\/wp\/v2\/media\/42728"}],"wp:attachment":[{"href":"https:\/\/shop24.lu\/lb\/wp-json\/wp\/v2\/media?parent=42726"}],"wp:term":[{"taxonomy":"product_brand","embeddable":true,"href":"https:\/\/shop24.lu\/lb\/wp-json\/wp\/v2\/product_brand?post=42726"},{"taxonomy":"product_cat","embeddable":true,"href":"https:\/\/shop24.lu\/lb\/wp-json\/wp\/v2\/product_cat?post=42726"},{"taxonomy":"product_tag","embeddable":true,"href":"https:\/\/shop24.lu\/lb\/wp-json\/wp\/v2\/product_tag?post=42726"}],"curies":[{"name":"wp","href":"https:\/\/api.w.org\/{rel}","templated":true}]}}