{"id":42890,"date":"2022-01-07T21:24:20","date_gmt":"2022-01-07T19:24:20","guid":{"rendered":"https:\/\/shop24.lu\/?post_type=product&#038;p=42890"},"modified":"2022-01-07T21:26:43","modified_gmt":"2022-01-07T19:26:43","slug":"synology-nas-disk-station-ds1821-8-bay","status":"publish","type":"product","link":"https:\/\/shop24.lu\/lb\/product\/synology-nas-disk-station-ds1821-8-bay\/","title":{"rendered":"Synology NAS Disk Station DS1821 + (8 Sch\u00e4cht)"},"content":{"rendered":"<table id=\"ctl00_ctl00_ctl00_SiteContent_SiteContent_SiteContent_articleFeatureDisplayDetails_gridViewProductAttributes\" class=\"table table-condensed\" border=\"0\" cellspacing=\"0\">\n<tbody>\n<tr>\n<td class=\"col-xs-3\"><\/td>\n<td><strong>Technesch Detailer<\/strong><\/td>\n<\/tr>\n<tr>\n<td class=\"col-xs-3\">Hiersteller<\/td>\n<td>Synology<\/td>\n<\/tr>\n<tr>\n<td class=\"col-xs-3\"><\/td>\n<td><strong>Design<\/strong><\/td>\n<\/tr>\n<tr>\n<td class=\"col-xs-3\">Typ vun Geh\u00e4use<\/td>\n<td>B\u00fcro \/ Tower<\/td>\n<\/tr>\n<tr>\n<td class=\"col-xs-3\">Kensington Sp\u00e4r<\/td>\n<td>jo<\/td>\n<\/tr>\n<tr>\n<td class=\"col-xs-3\">Typ vun Standuert Kabel Sp\u00e4r<\/td>\n<td>Kensington<\/td>\n<\/tr>\n<tr>\n<td class=\"col-xs-3\">LED Indicateuren<\/td>\n<td>jo<\/td>\n<\/tr>\n<tr>\n<td class=\"col-xs-3\">Produit Faarf<\/td>\n<td>Noir<\/td>\n<\/tr>\n<tr>\n<td class=\"col-xs-3\">Zuel vun de Fans<\/td>\n<td>2 fans<\/td>\n<\/tr>\n<tr>\n<td class=\"col-xs-3\">Ofkillung<\/td>\n<td>Aktiv<\/td>\n<\/tr>\n<tr>\n<td class=\"col-xs-3\">Fan Duerchmiesser<\/td>\n<td>120 mm<\/td>\n<\/tr>\n<tr>\n<td class=\"col-xs-3\"><\/td>\n<td><strong>Stockage Medium<\/strong><\/td>\n<\/tr>\n<tr>\n<td class=\"col-xs-3\">Zuel vun Plaze<\/td>\n<td>8<\/td>\n<\/tr>\n<tr>\n<td class=\"col-xs-3\">Stockage Medien Interfaces<\/td>\n<td>M.2 NVME SATA<\/td>\n<\/tr>\n<tr>\n<td class=\"col-xs-3\">Stockage Medien Typ<\/td>\n<td>HDD, SSD<\/td>\n<\/tr>\n<tr>\n<td class=\"col-xs-3\">RAID Niveau<\/td>\n<td>0 1 10 5 6 JBOD<\/td>\n<\/tr>\n<tr>\n<td class=\"col-xs-3\">Stockage Chauffeuren install\u00e9iert<\/td>\n<td>Nee<\/td>\n<\/tr>\n<tr>\n<td class=\"col-xs-3\">Maximal Sp\u00e4icherkapazit\u00e9it \u00ebnnerst\u00ebtzt<\/td>\n<td>108 TB<\/td>\n<\/tr>\n<tr>\n<td class=\"col-xs-3\">Typ vun Stockage fueren install\u00e9iert<\/td>\n<td>Nee<\/td>\n<\/tr>\n<tr>\n<td class=\"col-xs-3\">Hot-swappable Gebitt bays<\/td>\n<td>jo<\/td>\n<\/tr>\n<tr>\n<td class=\"col-xs-3\">\u00cbnnerst\u00ebtzt Dateisystemer<\/td>\n<td>BTRFS, FAT, HFS +, NTFS, ext3, ext4<\/td>\n<\/tr>\n<tr>\n<td class=\"col-xs-3\">Zuel vun M.2 Plaze (M &amp; B)<\/td>\n<td>2<\/td>\n<\/tr>\n<tr>\n<td class=\"col-xs-3\">RAID \u00cbnnerst\u00ebtzung<\/td>\n<td>jo<\/td>\n<\/tr>\n<tr>\n<td class=\"col-xs-3\">Stockage Drive Gr\u00e9issten \u00ebnnerst\u00ebtzt<\/td>\n<td>2.5.3.5 Zoll<\/td>\n<\/tr>\n<tr>\n<td class=\"col-xs-3\"><\/td>\n<td><strong>M\u00e9moire<\/strong><\/td>\n<\/tr>\n<tr>\n<td class=\"col-xs-3\">Maximum RAM Er\u00ebnnerung<\/td>\n<td>32 GB<\/td>\n<\/tr>\n<tr>\n<td class=\"col-xs-3\">Intern Er\u00ebnnerung Typ<\/td>\n<td>DDR 4<\/td>\n<\/tr>\n<tr>\n<td class=\"col-xs-3\">Er\u00ebnnerung Plaze<\/td>\n<td>2<\/td>\n<\/tr>\n<tr>\n<td class=\"col-xs-3\">RAM Kapazit\u00e9it<\/td>\n<td>4GB<\/td>\n<\/tr>\n<tr>\n<td class=\"col-xs-3\"><\/td>\n<td><strong>M\u00e4chteg<\/strong><\/td>\n<\/tr>\n<tr>\n<td class=\"col-xs-3\">Redundant Energieversuergung \u00cbnnerst\u00ebtzung<\/td>\n<td>Nee<\/td>\n<\/tr>\n<tr>\n<td class=\"col-xs-3\">Muecht Eenheet Muecht<\/td>\n<td>250 W<\/td>\n<\/tr>\n<tr>\n<td class=\"col-xs-3\">Energieverbrauch (HDD am Standby)<\/td>\n<td>26.18 Uhr<\/td>\n<\/tr>\n<tr>\n<td class=\"col-xs-3\">Energieverbrauch (Standard Operatioun)<\/td>\n<td>59,8w<\/td>\n<\/tr>\n<tr>\n<td class=\"col-xs-3\">Zuel vun PSUs<\/td>\n<td>1<\/td>\n<\/tr>\n<tr>\n<td class=\"col-xs-3\">AC Input Frequenz<\/td>\n<td>50\/60 Hz<\/td>\n<\/tr>\n<tr>\n<td class=\"col-xs-3\">AC Input Volt<\/td>\n<td>100-240 V<\/td>\n<\/tr>\n<tr>\n<td class=\"col-xs-3\">Stroumversuergung<\/td>\n<td>Integr\u00e9iert<\/td>\n<\/tr>\n<tr>\n<td class=\"col-xs-3\"><\/td>\n<td><strong>Ports an Interfaces<\/strong><\/td>\n<\/tr>\n<tr>\n<td class=\"col-xs-3\">Zuel vun de LAN Ports (RJ-45)<\/td>\n<td>4<\/td>\n<\/tr>\n<tr>\n<td class=\"col-xs-3\">PCI-Express x8 (Gen 3.x) H\u00e4fen<\/td>\n<td>1<\/td>\n<\/tr>\n<tr>\n<td class=\"col-xs-3\">Zuel vun USB 3.2 Gen 1 (3.1 Gen 1) Typ A H\u00e4fen<\/td>\n<td>4<\/td>\n<\/tr>\n<tr>\n<td class=\"col-xs-3\">USB Hafen<\/td>\n<td>jo<\/td>\n<\/tr>\n<tr>\n<td class=\"col-xs-3\">Zuel vun eSATA H\u00e4fen<\/td>\n<td>2<\/td>\n<\/tr>\n<tr>\n<td class=\"col-xs-3\"><\/td>\n<td><strong>Software<\/strong><\/td>\n<\/tr>\n<tr>\n<td class=\"col-xs-3\">Betribssystem<\/td>\n<td>DiskStation Manager<\/td>\n<\/tr>\n<tr>\n<td class=\"col-xs-3\">\u00cbnnerst\u00ebtzt Server Betribssystemer<\/td>\n<td>Windows Server 2016, Windows Server 2019<\/td>\n<\/tr>\n<tr>\n<td class=\"col-xs-3\"><\/td>\n<td><strong>Reseau<\/strong><\/td>\n<\/tr>\n<tr>\n<td class=\"col-xs-3\">Integr\u00e9iert Ethernet Hafen<\/td>\n<td>jo<\/td>\n<\/tr>\n<tr>\n<td class=\"col-xs-3\">Wake-on-LAN prett<\/td>\n<td>jo<\/td>\n<\/tr>\n<tr>\n<td class=\"col-xs-3\">Link Aggregatioun<\/td>\n<td>jo<\/td>\n<\/tr>\n<tr>\n<td class=\"col-xs-3\">Ethernet LAN Daten\u00fcbertragungsraten<\/td>\n<td>1000 Mbit\/s<\/td>\n<\/tr>\n<tr>\n<td class=\"col-xs-3\">\u00cbnnerst\u00ebtzt Netzwierkprotokoller<\/td>\n<td>SMB1 (CIFS), SMB2, SMB3, NFSv3, NFSv4, NFSv4.1, NFS iSCSI, HTTP, HTTPs, FTP, SNMP, LDAP, CalDAV<\/td>\n<\/tr>\n<tr>\n<td class=\"col-xs-3\">iSCSI \u00cbnnerst\u00ebtzung<\/td>\n<td>jo<\/td>\n<\/tr>\n<tr>\n<td class=\"col-xs-3\"><\/td>\n<td><strong>Prozessor<\/strong><\/td>\n<\/tr>\n<tr>\n<td class=\"col-xs-3\">Prozessor Fabrikant beschw\u00e9iert<\/td>\n<td>AMD<\/td>\n<\/tr>\n<tr>\n<td class=\"col-xs-3\">CPU Auer Frequenz<\/td>\n<td>2,2 GHz<\/td>\n<\/tr>\n<tr>\n<td class=\"col-xs-3\">Prozessor Famill<\/td>\n<td>AMD Ryzen<\/td>\n<\/tr>\n<tr>\n<td class=\"col-xs-3\">Prozessor<\/td>\n<td>V1500B<\/td>\n<\/tr>\n<tr>\n<td class=\"col-xs-3\">Zuel vun Prozessor K\u00e4r<\/td>\n<td>4<\/td>\n<\/tr>\n<tr>\n<td class=\"col-xs-3\"><\/td>\n<td><strong>Contenu vun der Liwwerung<\/strong><\/td>\n<\/tr>\n<tr>\n<td class=\"col-xs-3\">Kabele geliwwert<\/td>\n<td>AC, LAN (RJ-45)<\/td>\n<\/tr>\n<tr>\n<td class=\"col-xs-3\"><\/td>\n<td><strong>Gewiicht an Dimensiounen<\/strong><\/td>\n<\/tr>\n<tr>\n<td class=\"col-xs-3\">H\u00e9icht<\/td>\n<td>166 mm<\/td>\n<\/tr>\n<tr>\n<td class=\"col-xs-3\">Breet<\/td>\n<td>343 mm<\/td>\n<\/tr>\n<tr>\n<td class=\"col-xs-3\">D\u00e9ift<\/td>\n<td>243 mm<\/td>\n<\/tr>\n<tr>\n<td class=\"col-xs-3\">Gewiicht<\/td>\n<td>6000 g<\/td>\n<\/tr>\n<tr>\n<td class=\"col-xs-3\"><\/td>\n<td><strong>Performancen<\/strong><\/td>\n<\/tr>\n<tr>\n<td class=\"col-xs-3\">Apparat Klass<\/td>\n<td>Grouss Firmen<\/td>\n<\/tr>\n<tr>\n<td class=\"col-xs-3\">Backupsatellit Funktioun<\/td>\n<td>jo<\/td>\n<\/tr>\n<tr>\n<td class=\"col-xs-3\">Backupsatellit Funktiounen<\/td>\n<td>Cloud, iSCSI LUN<\/td>\n<\/tr>\n<tr>\n<td class=\"col-xs-3\">Zuel vun de Benotzer<\/td>\n<td>2.048 Benotzer<\/td>\n<\/tr>\n<tr>\n<td class=\"col-xs-3\">Sound Niveau<\/td>\n<td>22,2 dB<\/td>\n<\/tr>\n<tr>\n<td class=\"col-xs-3\">Hot Wirtschaft<\/td>\n<td>jo<\/td>\n<\/tr>\n<tr>\n<td class=\"col-xs-3\">Typ<\/td>\n<td>NAS<\/td>\n<\/tr>\n<tr>\n<td class=\"col-xs-3\">Momentaner<\/td>\n<td>jo<\/td>\n<\/tr>\n<tr>\n<td class=\"col-xs-3\">Web-bas\u00e9iert Gestioun<\/td>\n<td>jo<\/td>\n<\/tr>\n<tr>\n<td class=\"col-xs-3\">Zougang Kontroll L\u00ebscht<\/td>\n<td>jo<\/td>\n<\/tr>\n<tr>\n<td class=\"col-xs-3\">Reset Kn\u00e4ppchen<\/td>\n<td>jo<\/td>\n<\/tr>\n<tr>\n<td class=\"col-xs-3\">M\u00e9isproocheg \u00cbnnerst\u00ebtzung<\/td>\n<td>jo<\/td>\n<\/tr>\n<tr>\n<td class=\"col-xs-3\">An (Schalter)<\/td>\n<td>jo<\/td>\n<\/tr>\n<tr>\n<td class=\"col-xs-3\">\u00cbnnerst\u00ebtzt Browser<\/td>\n<td>Google Chrome, Firefox, Microsoft Edge, Internet Explorer 10+, Safari 10+<\/td>\n<\/tr>\n<tr>\n<td class=\"col-xs-3\"><\/td>\n<td><strong>Aarbechtskonditiounen<\/strong><\/td>\n<\/tr>\n<tr>\n<td class=\"col-xs-3\">Operatioun Temperatur Ber\u00e4ich<\/td>\n<td>0 - 40 \u00b0C<\/td>\n<\/tr>\n<tr>\n<td class=\"col-xs-3\">Relativ Fiichtegkeet w\u00e4hrend Operatioun<\/td>\n<td>5 &#8211; 95 %<\/td>\n<\/tr>\n<tr>\n<td class=\"col-xs-3\">Sp\u00e4ichertemperaturbereich<\/td>\n<td>-20 - 60 \u00b0 C<\/td>\n<\/tr>\n<tr>\n<td class=\"col-xs-3\"><\/td>\n<td><strong>Certificaten<\/strong><\/td>\n<\/tr>\n<tr>\n<td class=\"col-xs-3\">Zertifikatioun<\/td>\n<td>RoHS FCC CE BSMI EAC CCC KC VCCI RCM<\/td>\n<\/tr>\n<\/tbody>\n<\/table>\n<ul>\n<li><\/li>\n<\/ul>","protected":false},"excerpt":{"rendered":"<ul>\n<li>Hiersteller <strong>Synology<\/strong><\/li>\n<li>Typ vun <strong>Bo\u00eetier<\/strong> <strong>Desktop<\/strong> \/ Tuerm<\/li>\n<li>Zuel vun <strong>beeren 8<\/strong><\/li>\n<li>Stockage Medien M.2 NVME SATA Schn\u00ebttplazen<\/li>\n<li>Typ vun Stockage Medien HDD, SSD<\/li>\n<li><strong>108 TB Maximal Sp\u00e4icherkapazit\u00e9it<\/strong> \u00ebnnerst\u00ebtzt<\/li>\n<li><strong>32 GB RAM M\u00e9moire<\/strong> maximal<\/li>\n<li>Redundant Power Support Nr<\/li>\n<li>Zuel vun H\u00e4fen <strong>LAN<\/strong> (RJ-45) <strong>4<\/strong><\/li>\n<li>DiskStation Manager<\/li>\n<li>Prozessor Fabrikant beschw\u00e9iert <strong>AMD<\/strong><\/li>\n<li>2,2 GHz Prozessor Auer Frequenz<\/li>\n<li>V1500B<\/li>\n<\/ul>","protected":false},"featured_media":42892,"comment_status":"closed","ping_status":"closed","template":"","meta":{"_seopress_robots_primary_cat":"none","_seopress_titles_title":"","_seopress_titles_desc":"","_seopress_robots_index":""},"product_brand":[],"product_cat":[1506,1510],"product_tag":[30903,30907,30824,30902,30904,30901,30797,30793],"class_list":{"0":"post-42890","1":"product","2":"type-product","3":"status-publish","4":"has-post-thumbnail","6":"product_cat-accessoires-informatiques","7":"product_cat-informatique","8":"product_tag-disk","9":"product_tag-ds1821","10":"product_tag-econcept","11":"product_tag-nas","12":"product_tag-station","13":"product_tag-synology","14":"product_tag-tech","15":"product_tag-terra","17":"first","18":"instock","19":"shipping-taxable","20":"purchasable","21":"product-type-simple"},"_links":{"self":[{"href":"https:\/\/shop24.lu\/lb\/wp-json\/wp\/v2\/product\/42890","targetHints":{"allow":["GET"]}}],"collection":[{"href":"https:\/\/shop24.lu\/lb\/wp-json\/wp\/v2\/product"}],"about":[{"href":"https:\/\/shop24.lu\/lb\/wp-json\/wp\/v2\/types\/product"}],"replies":[{"embeddable":true,"href":"https:\/\/shop24.lu\/lb\/wp-json\/wp\/v2\/comments?post=42890"}],"wp:featuredmedia":[{"embeddable":true,"href":"https:\/\/shop24.lu\/lb\/wp-json\/wp\/v2\/media\/42892"}],"wp:attachment":[{"href":"https:\/\/shop24.lu\/lb\/wp-json\/wp\/v2\/media?parent=42890"}],"wp:term":[{"taxonomy":"product_brand","embeddable":true,"href":"https:\/\/shop24.lu\/lb\/wp-json\/wp\/v2\/product_brand?post=42890"},{"taxonomy":"product_cat","embeddable":true,"href":"https:\/\/shop24.lu\/lb\/wp-json\/wp\/v2\/product_cat?post=42890"},{"taxonomy":"product_tag","embeddable":true,"href":"https:\/\/shop24.lu\/lb\/wp-json\/wp\/v2\/product_tag?post=42890"}],"curies":[{"name":"wp","href":"https:\/\/api.w.org\/{rel}","templated":true}]}}