{"id":42899,"date":"2021-12-07T21:32:21","date_gmt":"2021-12-07T19:32:21","guid":{"rendered":"https:\/\/shop24.lu\/?post_type=product&#038;p=42899"},"modified":"2022-02-06T18:02:32","modified_gmt":"2022-02-06T16:02:32","slug":"seagate-hd3-5-sata3-12tb-st12000ne0008-7-2k","status":"publish","type":"product","link":"https:\/\/shop24.lu\/lb\/product\/seagate-hd3-5-sata3-12tb-st12000ne0008-7-2k\/","title":{"rendered":"Seagate HD3.5 Zoll SATA3 12TB ST12000NE0008\/7.2k"},"content":{"rendered":"<table id=\"ctl00_ctl00_ctl00_SiteContent_SiteContent_SiteContent_articleFeatureDisplayDetails_gridViewProductAttributes\" class=\"table table-condensed\" border=\"0\" cellspacing=\"0\">\n<tbody>\n<tr>\n<td><strong>Technesch Detailer<\/strong><\/td>\n<\/tr>\n<tr>\n<td class=\"col-xs-3\">Hiersteller<\/td>\n<td>Seagate<\/td>\n<\/tr>\n<tr>\n<td class=\"col-xs-3\"><\/td>\n<td><strong>Gewiicht an Dimensiounen<\/strong><\/td>\n<\/tr>\n<tr>\n<td class=\"col-xs-3\">H\u00e9icht<\/td>\n<td>26,1 mm<\/td>\n<\/tr>\n<tr>\n<td class=\"col-xs-3\">Breet<\/td>\n<td>101,8 mm<\/td>\n<\/tr>\n<tr>\n<td class=\"col-xs-3\">D\u00e9ift<\/td>\n<td>147 mm<\/td>\n<\/tr>\n<tr>\n<td class=\"col-xs-3\">Gewiicht<\/td>\n<td>6 90g<\/td>\n<\/tr>\n<tr>\n<td class=\"col-xs-3\"><\/td>\n<td><strong>Charakteristiken<\/strong><\/td>\n<\/tr>\n<tr>\n<td class=\"col-xs-3\">Duerchschn\u00ebtt Waardez\u00e4it<\/td>\n<td>4, 16ms<\/td>\n<\/tr>\n<tr>\n<td class=\"col-xs-3\">HDD Interface Transfermaart Taux<\/td>\n<td>6 Gbit\/s<\/td>\n<\/tr>\n<tr>\n<td class=\"col-xs-3\">Kontinu\u00e9ierlech HDD Transfermaart Taux<\/td>\n<td>25 Mbit\/s<\/td>\n<\/tr>\n<tr>\n<td class=\"col-xs-3\">HDD Gr\u00e9isst<\/td>\n<td>3,5 Zoll<\/td>\n<\/tr>\n<tr>\n<td class=\"col-xs-3\">Interface<\/td>\n<td>Serial ATA III<\/td>\n<\/tr>\n<tr>\n<td class=\"col-xs-3\">Typ<\/td>\n<td>Festplack<\/td>\n<\/tr>\n<tr>\n<td class=\"col-xs-3\">Memory Drive Buffergr\u00e9isst<\/td>\n<td>256 MB<\/td>\n<\/tr>\n<tr>\n<td class=\"col-xs-3\">Torsional Vibration (RV) Sensoren<\/td>\n<td>jo<\/td>\n<\/tr>\n<tr>\n<td class=\"col-xs-3\">24 Stonnen Operatioun<\/td>\n<td>jo<\/td>\n<\/tr>\n<tr>\n<td class=\"col-xs-3\">Festplack Vitesse<\/td>\n<td>7200 U\/min<\/td>\n<\/tr>\n<tr>\n<td class=\"col-xs-3\">Duerchschn\u00ebtt Operatiounsz\u00e4it t\u00ebscht Feeler (MTBF)<\/td>\n<td>1200000h<\/td>\n<\/tr>\n<tr>\n<td class=\"col-xs-3\">HDD Kapazit\u00e9it<\/td>\n<td>12000 GB<\/td>\n<\/tr>\n<tr>\n<td class=\"col-xs-3\">Komponent fir<\/td>\n<td>NAS<\/td>\n<\/tr>\n<tr>\n<td class=\"col-xs-3\"><\/td>\n<td><strong>Leeschtung<\/strong><\/td>\n<\/tr>\n<tr>\n<td class=\"col-xs-3\">Energieverbrauch (Standby)<\/td>\n<td>0,8 Watt<\/td>\n<\/tr>\n<tr>\n<td class=\"col-xs-3\">Startaktuell<\/td>\n<td>2A<\/td>\n<\/tr>\n<tr>\n<td class=\"col-xs-3\">Aarbechtsspannung<\/td>\n<td>5\/12 V<\/td>\n<\/tr>\n<tr>\n<td class=\"col-xs-3\">Energieverbrauch (Idle)<\/td>\n<td>5 wt<\/td>\n<\/tr>\n<tr>\n<td class=\"col-xs-3\"><\/td>\n<td><strong>Aarbechtskonditiounen<\/strong><\/td>\n<\/tr>\n<tr>\n<td class=\"col-xs-3\">Operatioun Temperatur Ber\u00e4ich<\/td>\n<td>5-60\u00b0C<\/td>\n<\/tr>\n<tr>\n<td class=\"col-xs-3\">Stockage Fiichtegkeet<\/td>\n<td>5 &#8211; 95 %<\/td>\n<\/tr>\n<tr>\n<td class=\"col-xs-3\">Stockage H\u00e9icht<\/td>\n<td>-304,8 - 12192m<\/td>\n<\/tr>\n<tr>\n<td class=\"col-xs-3\">Schockresistenz (an Operatioun)<\/td>\n<td>70g vun<\/td>\n<\/tr>\n<tr>\n<td class=\"col-xs-3\">Schockresistenz (net funktionn\u00e9iert)<\/td>\n<td>250g vun<\/td>\n<\/tr>\n<tr>\n<td class=\"col-xs-3\">Net-Operatioun Vibration<\/td>\n<td>2, 27g<\/td>\n<\/tr>\n<tr>\n<td class=\"col-xs-3\">Relativ Fiichtegkeet w\u00e4hrend Operatioun<\/td>\n<td>5 &#8211; 90 %<\/td>\n<\/tr>\n<tr>\n<td class=\"col-xs-3\">Sp\u00e4ichertemperaturbereich<\/td>\n<td>-40 - 70 \u00b0 C<\/td>\n<\/tr>\n<tr>\n<td class=\"col-xs-3\"><\/td>\n<td><strong>Verpackungsdaten<\/strong><\/td>\n<\/tr>\n<tr>\n<td class=\"col-xs-3\">Zuel vun<\/td>\n<td>1<\/td>\n<\/tr>\n<\/tbody>\n<\/table>","protected":false},"excerpt":{"rendered":"<p>Seagate HD3.5&quot; - 12TB - SATA3 - 7.2k<\/p>\n<p>Garantie \/ Garantie via Wortmann<\/p>","protected":false},"featured_media":42901,"comment_status":"closed","ping_status":"closed","template":"","meta":{"_seopress_robots_primary_cat":"none","_seopress_titles_title":"","_seopress_titles_desc":"","_seopress_robots_index":""},"product_brand":[],"product_cat":[1506,1510],"product_tag":[30909,30811,30914,30913,30912,106,30910,30911,30908],"class_list":{"0":"post-42899","1":"product","2":"type-product","3":"status-publish","4":"has-post-thumbnail","6":"product_cat-accessoires-informatiques","7":"product_cat-informatique","8":"product_tag-3-5","9":"product_tag-disque","10":"product_tag-disque-dur","11":"product_tag-festplatte","12":"product_tag-harddisk","13":"product_tag-hd","14":"product_tag-sata","15":"product_tag-sata3","16":"product_tag-seagate","18":"first","19":"instock","20":"shipping-taxable","21":"purchasable","22":"product-type-simple"},"_links":{"self":[{"href":"https:\/\/shop24.lu\/lb\/wp-json\/wp\/v2\/product\/42899","targetHints":{"allow":["GET"]}}],"collection":[{"href":"https:\/\/shop24.lu\/lb\/wp-json\/wp\/v2\/product"}],"about":[{"href":"https:\/\/shop24.lu\/lb\/wp-json\/wp\/v2\/types\/product"}],"replies":[{"embeddable":true,"href":"https:\/\/shop24.lu\/lb\/wp-json\/wp\/v2\/comments?post=42899"}],"wp:featuredmedia":[{"embeddable":true,"href":"https:\/\/shop24.lu\/lb\/wp-json\/wp\/v2\/media\/42901"}],"wp:attachment":[{"href":"https:\/\/shop24.lu\/lb\/wp-json\/wp\/v2\/media?parent=42899"}],"wp:term":[{"taxonomy":"product_brand","embeddable":true,"href":"https:\/\/shop24.lu\/lb\/wp-json\/wp\/v2\/product_brand?post=42899"},{"taxonomy":"product_cat","embeddable":true,"href":"https:\/\/shop24.lu\/lb\/wp-json\/wp\/v2\/product_cat?post=42899"},{"taxonomy":"product_tag","embeddable":true,"href":"https:\/\/shop24.lu\/lb\/wp-json\/wp\/v2\/product_tag?post=42899"}],"curies":[{"name":"wp","href":"https:\/\/api.w.org\/{rel}","templated":true}]}}