{"id":42909,"date":"2021-12-07T21:53:07","date_gmt":"2021-12-07T19:53:07","guid":{"rendered":"https:\/\/shop24.lu\/?post_type=product&#038;p=42909"},"modified":"2022-02-06T17:13:51","modified_gmt":"2022-02-06T15:13:51","slug":"wd-hd3-5-sata3-4tb-wd4003ffbx-24x7-nas-di","status":"publish","type":"product","link":"https:\/\/shop24.lu\/lb\/product\/wd-hd3-5-sata3-4tb-wd4003ffbx-24x7-nas-di\/","title":{"rendered":"WD HD3.5\u2033 SATA3 4TB WD4003FFBX \/ 24\u00d77 \/NAS (Di)"},"content":{"rendered":"<p><span id=\"ctl00_ctl00_ctl00_SiteContent_SiteContent_SiteContent_LabelProductDescription\">WD Red \u2122 (DMSMR) bleift d\u00e9i prim\u00e4r Optioun fir Heemb\u00fcro \/ Heemb\u00fcro Uwendungen mat liicht bis m\u00ebttlerer Aarbechtslaascht a laanger Ausdauer. WD Red \u2122 Plus (CMR) adress\u00e9iert d\u00e9i m\u00e9i h\u00e9ich Aarbechtsbelaaschtungsfuerderunge vu klengen a m\u00ebttelgrousse Betriber w\u00e9i och d&#039;Bedierfnesser vun der ZFS Gemeinschaft. WD Red \u2122 Pro (CMR) bleift eis High-Performance-L\u00e9isung fir Gesch\u00e4fter mat NAS-Systemer mat m\u00e9i grousser Drive Bay-Zuelen an intensiver Aarbechtsbelaaschtung. <\/span><\/p>","protected":false},"excerpt":{"rendered":"<ul>\n<li>Hiersteller <strong>Western Digital<\/strong><\/li>\n<li>Festplack Kapazit\u00e9it <strong>4000 GB<\/strong><\/li>\n<li>Festplack Interface <strong>Serial ATA III<\/strong><\/li>\n<\/ul>","protected":false},"featured_media":42908,"comment_status":"closed","ping_status":"closed","template":"","meta":{"_seopress_robots_primary_cat":"none","_seopress_titles_title":"","_seopress_titles_desc":"","_seopress_robots_index":""},"product_brand":[],"product_cat":[1506,1510],"product_tag":[30909,30921,30922,30920,30903,30811,30915,30923,106,30911,30918,30919],"class_list":{"0":"post-42909","1":"product","2":"type-product","3":"status-publish","4":"has-post-thumbnail","6":"product_cat-accessoires-informatiques","7":"product_cat-informatique","8":"product_tag-3-5","9":"product_tag-4tb","10":"product_tag-4to","11":"product_tag-digital","12":"product_tag-disk","13":"product_tag-disque","14":"product_tag-dur","15":"product_tag-hard","16":"product_tag-hd","17":"product_tag-sata3","18":"product_tag-wd","19":"product_tag-western","21":"first","22":"instock","23":"shipping-taxable","24":"purchasable","25":"product-type-simple"},"_links":{"self":[{"href":"https:\/\/shop24.lu\/lb\/wp-json\/wp\/v2\/product\/42909","targetHints":{"allow":["GET"]}}],"collection":[{"href":"https:\/\/shop24.lu\/lb\/wp-json\/wp\/v2\/product"}],"about":[{"href":"https:\/\/shop24.lu\/lb\/wp-json\/wp\/v2\/types\/product"}],"replies":[{"embeddable":true,"href":"https:\/\/shop24.lu\/lb\/wp-json\/wp\/v2\/comments?post=42909"}],"wp:featuredmedia":[{"embeddable":true,"href":"https:\/\/shop24.lu\/lb\/wp-json\/wp\/v2\/media\/42908"}],"wp:attachment":[{"href":"https:\/\/shop24.lu\/lb\/wp-json\/wp\/v2\/media?parent=42909"}],"wp:term":[{"taxonomy":"product_brand","embeddable":true,"href":"https:\/\/shop24.lu\/lb\/wp-json\/wp\/v2\/product_brand?post=42909"},{"taxonomy":"product_cat","embeddable":true,"href":"https:\/\/shop24.lu\/lb\/wp-json\/wp\/v2\/product_cat?post=42909"},{"taxonomy":"product_tag","embeddable":true,"href":"https:\/\/shop24.lu\/lb\/wp-json\/wp\/v2\/product_tag?post=42909"}],"curies":[{"name":"wp","href":"https:\/\/api.w.org\/{rel}","templated":true}]}}