{"id":42912,"date":"2021-12-07T22:02:25","date_gmt":"2021-12-07T20:02:25","guid":{"rendered":"https:\/\/shop24.lu\/?post_type=product&#038;p=42912"},"modified":"2022-02-06T17:13:26","modified_gmt":"2022-02-06T15:13:26","slug":"wd-hd3-5-sata3-2tb-wd2002ffsx-24x7-nas-di","status":"publish","type":"product","link":"https:\/\/shop24.lu\/lb\/product\/wd-hd3-5-sata3-2tb-wd2002ffsx-24x7-nas-di\/","title":{"rendered":"WD HD3.5\u2033 SATA3 2TB WD2002FFSX \/ 24\u00d77 \/ NAS (Di)"},"content":{"rendered":"<p><span id=\"ctl00_ctl00_ctl00_SiteContent_SiteContent_SiteContent_LabelProductDescription\">WD Red \u2122 (DMSMR) bleift d&#039;Mainstream Optioun fir pers\u00e9inlech \/ Heem B\u00fcro Uwendungen mat liicht bis m\u00ebttlerer Aarbechtslaascht a laang Leerz\u00e4iten. WD Red \u2122 Plus (CMR) entspr\u00e9cht d\u00e9i m\u00e9i h\u00e9ich Aarbechtsbelaaschtungsfuerderunge vu klengen a m\u00ebttelgrousse Betriber w\u00e9i och d&#039;Bedierfnesser vun der ZFS Gemeinschaft. WD Red\u2122 Pro (CMR) bleift eis High-Performance-L\u00e9isung fir Gesch\u00e4fter mat NAS-Systemer mat m\u00e9i grousser Drive Bay-Zuelen an intensiver Aarbechtslaascht <\/span><\/p>\n<table id=\"ctl00_ctl00_ctl00_SiteContent_SiteContent_SiteContent_articleFeatureDisplayDetails_gridViewProductAttributes\" class=\"table table-condensed\" border=\"0\" cellspacing=\"0\">\n<tbody>\n<tr>\n<td><strong>Technesch Detailer<\/strong><\/td>\n<\/tr>\n<tr>\n<td class=\"col-xs-3\">Hiersteller<\/td>\n<td>Western Digital<\/td>\n<\/tr>\n<tr>\n<td class=\"col-xs-3\">Nohaltegkeet Certificaten<\/td>\n<td>RoHS<\/td>\n<\/tr>\n<tr>\n<td class=\"col-xs-3\"><\/td>\n<td><strong>Gewiicht an Dimensiounen<\/strong><\/td>\n<\/tr>\n<tr>\n<td class=\"col-xs-3\">H\u00e9icht<\/td>\n<td>26,1 mm<\/td>\n<\/tr>\n<tr>\n<td class=\"col-xs-3\">Breet<\/td>\n<td>101,6 mm<\/td>\n<\/tr>\n<tr>\n<td class=\"col-xs-3\">D\u00e9ift<\/td>\n<td>147 mm<\/td>\n<\/tr>\n<tr>\n<td class=\"col-xs-3\">Gewiicht<\/td>\n<td>720g vun<\/td>\n<\/tr>\n<tr>\n<td class=\"col-xs-3\"><\/td>\n<td><strong>Charakteristiken<\/strong><\/td>\n<\/tr>\n<tr>\n<td class=\"col-xs-3\">HDD Interface Transfermaart Taux<\/td>\n<td>6 Gbit\/s<\/td>\n<\/tr>\n<tr>\n<td class=\"col-xs-3\">Kontinu\u00e9ierlech HDD Transfermaart Taux<\/td>\n<td>164 Mb\/s<\/td>\n<\/tr>\n<tr>\n<td class=\"col-xs-3\">HDD Gr\u00e9isst<\/td>\n<td>3,5 Zoll<\/td>\n<\/tr>\n<tr>\n<td class=\"col-xs-3\">Interface<\/td>\n<td>Serial ATA III<\/td>\n<\/tr>\n<tr>\n<td class=\"col-xs-3\">Typ<\/td>\n<td>Festplack<\/td>\n<\/tr>\n<tr>\n<td class=\"col-xs-3\">Start (Stoppzyklen)<\/td>\n<td>600000<\/td>\n<\/tr>\n<tr>\n<td class=\"col-xs-3\">Memory Drive Buffergr\u00e9isst<\/td>\n<td>64 MB<\/td>\n<\/tr>\n<tr>\n<td class=\"col-xs-3\">HDD Geschwindegkeet<\/td>\n<td>7200 U\/min<\/td>\n<\/tr>\n<tr>\n<td class=\"col-xs-3\">Duerchschn\u00ebtt Operatiounsz\u00e4it t\u00ebscht Feeler (MTBF)<\/td>\n<td>1.000.000 h<\/td>\n<\/tr>\n<tr>\n<td class=\"col-xs-3\">HDD Kapazit\u00e9it<\/td>\n<td>2000 GB<\/td>\n<\/tr>\n<tr>\n<td class=\"col-xs-3\">Komponent fir<\/td>\n<td>NAS<\/td>\n<\/tr>\n<tr>\n<td class=\"col-xs-3\"><\/td>\n<td><strong>Festplack<\/strong><\/td>\n<\/tr>\n<tr>\n<td class=\"col-xs-3\">HDD Interface Transfermaart Taux<\/td>\n<td>6 Gbit\/s<\/td>\n<\/tr>\n<tr>\n<td class=\"col-xs-3\">HDD Gr\u00e9isst<\/td>\n<td>3,5 Zoll<\/td>\n<\/tr>\n<tr>\n<td class=\"col-xs-3\">Apparat Typ<\/td>\n<td>Festplack<\/td>\n<\/tr>\n<tr>\n<td class=\"col-xs-3\">Festplack, Puffer Gr\u00e9isst<\/td>\n<td>64 MB<\/td>\n<\/tr>\n<tr>\n<td class=\"col-xs-3\">Festplack Rotatiounshastighet<\/td>\n<td>7200 U\/min<\/td>\n<\/tr>\n<tr>\n<td class=\"col-xs-3\">Festplack Kapazit\u00e9it<\/td>\n<td>2000 GB<\/td>\n<\/tr>\n<tr>\n<td class=\"col-xs-3\">Festplack Interface<\/td>\n<td>Serial ATA III<\/td>\n<\/tr>\n<tr>\n<td class=\"col-xs-3\"><\/td>\n<td><strong>M\u00e4chteg<\/strong><\/td>\n<\/tr>\n<tr>\n<td class=\"col-xs-3\">Energieverbrauch (Standby)<\/td>\n<td>1,4 W<\/td>\n<\/tr>\n<tr>\n<td class=\"col-xs-3\">Startaktuell<\/td>\n<td>1,9 A<\/td>\n<\/tr>\n<tr>\n<td class=\"col-xs-3\">Aarbechtsspannung<\/td>\n<td>5\/12 V<\/td>\n<\/tr>\n<tr>\n<td class=\"col-xs-3\">Energieverbrauch (Idle)<\/td>\n<td>6 W<\/td>\n<\/tr>\n<tr>\n<td class=\"col-xs-3\">Energieverbrauch (Liesen)<\/td>\n<td>7, 8w<\/td>\n<\/tr>\n<tr>\n<td class=\"col-xs-3\">Stroumverbrauch (schreiwen)<\/td>\n<td>7, 8w<\/td>\n<\/tr>\n<tr>\n<td class=\"col-xs-3\"><\/td>\n<td><strong>Aarbechtskonditiounen<\/strong><\/td>\n<\/tr>\n<tr>\n<td class=\"col-xs-3\">Operatioun Temperatur Ber\u00e4ich<\/td>\n<td>5-60\u00b0C<\/td>\n<\/tr>\n<tr>\n<td class=\"col-xs-3\">Schockresistenz (an Operatioun)<\/td>\n<td>30 G<\/td>\n<\/tr>\n<tr>\n<td class=\"col-xs-3\">Schockresistenz (net funktionn\u00e9iert)<\/td>\n<td>3 00g<\/td>\n<\/tr>\n<tr>\n<td class=\"col-xs-3\">Sp\u00e4ichertemperaturbereich<\/td>\n<td>-40 - 70 \u00b0 C<\/td>\n<\/tr>\n<tr>\n<td class=\"col-xs-3\"><\/td>\n<td><strong>Verpackungsdaten<\/strong><\/td>\n<\/tr>\n<tr>\n<td class=\"col-xs-3\">Zuel vun<\/td>\n<td>1<\/td>\n<\/tr>\n<tr>\n<td class=\"col-xs-3\">Er\u00ebnnerung Lieser Adapter abegraff<\/td>\n<td>Nee<\/td>\n<\/tr>\n<\/tbody>\n<\/table>","protected":false},"excerpt":{"rendered":"<ul>\n<li>Fabrikant Western Digital<\/li>\n<li>2000 GB Festplack Kapazit\u00e9it<\/li>\n<li>Serial ATA III Festplack Interface<\/li>\n<\/ul>","protected":false},"featured_media":42908,"comment_status":"closed","ping_status":"closed","template":"","meta":{"_seopress_robots_primary_cat":"none","_seopress_titles_title":"","_seopress_titles_desc":"","_seopress_robots_index":""},"product_brand":[],"product_cat":[1506,1510],"product_tag":[30927,30926,30925,30920,30903,30811,30924,30915,30902,30918,30919],"class_list":{"0":"post-42912","1":"product","2":"type-product","3":"status-publish","4":"has-post-thumbnail","6":"product_cat-accessoires-informatiques","7":"product_cat-informatique","8":"product_tag-24x7","9":"product_tag-2tb","10":"product_tag-2to","11":"product_tag-digital","12":"product_tag-disk","13":"product_tag-disque","14":"product_tag-drive","15":"product_tag-dur","16":"product_tag-nas","17":"product_tag-wd","18":"product_tag-western","20":"first","21":"instock","22":"shipping-taxable","23":"purchasable","24":"product-type-simple"},"_links":{"self":[{"href":"https:\/\/shop24.lu\/lb\/wp-json\/wp\/v2\/product\/42912","targetHints":{"allow":["GET"]}}],"collection":[{"href":"https:\/\/shop24.lu\/lb\/wp-json\/wp\/v2\/product"}],"about":[{"href":"https:\/\/shop24.lu\/lb\/wp-json\/wp\/v2\/types\/product"}],"replies":[{"embeddable":true,"href":"https:\/\/shop24.lu\/lb\/wp-json\/wp\/v2\/comments?post=42912"}],"wp:featuredmedia":[{"embeddable":true,"href":"https:\/\/shop24.lu\/lb\/wp-json\/wp\/v2\/media\/42908"}],"wp:attachment":[{"href":"https:\/\/shop24.lu\/lb\/wp-json\/wp\/v2\/media?parent=42912"}],"wp:term":[{"taxonomy":"product_brand","embeddable":true,"href":"https:\/\/shop24.lu\/lb\/wp-json\/wp\/v2\/product_brand?post=42912"},{"taxonomy":"product_cat","embeddable":true,"href":"https:\/\/shop24.lu\/lb\/wp-json\/wp\/v2\/product_cat?post=42912"},{"taxonomy":"product_tag","embeddable":true,"href":"https:\/\/shop24.lu\/lb\/wp-json\/wp\/v2\/product_tag?post=42912"}],"curies":[{"name":"wp","href":"https:\/\/api.w.org\/{rel}","templated":true}]}}