{"id":51258,"date":"2022-04-10T16:09:55","date_gmt":"2022-04-10T14:09:55","guid":{"rendered":"https:\/\/shop24.lu\/?post_type=product&#038;p=51258"},"modified":"2023-12-04T17:00:25","modified_gmt":"2023-12-04T15:00:25","slug":"terra-all-in-one-pc-2400-greenline","status":"publish","type":"product","link":"https:\/\/shop24.lu\/lb\/product\/terra-all-in-one-pc-2400-greenline\/","title":{"rendered":"TERRA ALL-AN-EEN-PC 2400 GREENLINE"},"content":{"rendered":"<table id=\"ctl00_ctl00_ctl00_SiteContent_SiteContent_SiteContent_articleFeatureDisplayDetails_gridViewProductAttributes\" class=\"table table-condensed\" border=\"0\" cellspacing=\"0\">\n<tbody>\n<tr>\n<td><strong>General<\/strong><\/td>\n<\/tr>\n<tr>\n<td class=\"col-xs-3\">Prozessor<\/td>\n<td>Intel Core i3 (13e g\u00e9n\u00e9ration) 1315U\u00a0 (10 Mo Intel SmartCache, jusqu&rsquo;\u00e0 4.4 GHz avec Intel Turbo Boost Technology)<\/td>\n<\/tr>\n<tr>\n<td class=\"col-xs-3\">Betribssystem<\/td>\n<td>Windows 11 Pro<\/td>\n<\/tr>\n<tr>\n<td class=\"col-xs-3\"><\/td>\n<td><strong>Software<\/strong><\/td>\n<\/tr>\n<tr>\n<td class=\"col-xs-3\">virinstall\u00e9iert Software<\/td>\n<td>1 Mount Test fir nei Microsoft\u00ae 365 Clienten<\/td>\n<\/tr>\n<tr>\n<td class=\"col-xs-3\"><\/td>\n<td><strong>\u00c9cran<\/strong><\/td>\n<\/tr>\n<tr>\n<td class=\"col-xs-3\">\u00c9cran Resolutioun<\/td>\n<td>1920 x 1080 (Full HD)<\/td>\n<\/tr>\n<tr>\n<td class=\"col-xs-3\">\u00c9cran Typ<\/td>\n<td>Net-Touch LCD \u00c9cran - Net-transparent<\/td>\n<\/tr>\n<tr>\n<td class=\"col-xs-3\">Hellegkeet<\/td>\n<td>250 cd\/m<\/td>\n<\/tr>\n<tr>\n<td class=\"col-xs-3\">\u00c4ntwert Z\u00e4it<\/td>\n<td>14 ms<\/td>\n<\/tr>\n<tr>\n<td class=\"col-xs-3\">Kontrast Verh\u00e4ltnis<\/td>\n<td>1000:1<\/td>\n<\/tr>\n<tr>\n<td class=\"col-xs-3\">Sichtw\u00e9nkel, horizontal<\/td>\n<td>178\u00b0<\/td>\n<\/tr>\n<tr>\n<td class=\"col-xs-3\">Bildw\u00e9nkel, vertikal<\/td>\n<td>178\u00b0<\/td>\n<\/tr>\n<tr>\n<td class=\"col-xs-3\">LED G\u00e9igeliicht Typ<\/td>\n<td>LED G\u00e9igeliicht<\/td>\n<\/tr>\n<tr>\n<td class=\"col-xs-3\">\u00c9cran diagonal<\/td>\n<td>60,5 cm (23,8 Zoll)<\/td>\n<\/tr>\n<tr>\n<td class=\"col-xs-3\"><\/td>\n<td><strong>Prozessor<\/strong><\/td>\n<\/tr>\n<tr>\n<td class=\"col-xs-3\">Prozessor Famill<\/td>\n<td>Core i3<\/td>\n<\/tr>\n<tr>\n<td class=\"col-xs-3\">Zuel vun Prozessor K\u00e4r<\/td>\n<td>Hexacore<\/td>\n<\/tr>\n<tr>\n<td class=\"col-xs-3\">Maximal Unzuel vun SMP Prozessoren<\/td>\n<td>1<\/td>\n<\/tr>\n<tr>\n<td class=\"col-xs-3\">Prozessor Socket<\/td>\n<td>FCBGA1528<\/td>\n<\/tr>\n<tr>\n<td class=\"col-xs-3\">Zuel vun Prozessoren<\/td>\n<td>1<\/td>\n<\/tr>\n<tr>\n<td class=\"col-xs-3\"><\/td>\n<td><strong>M\u00e9moire<\/strong><\/td>\n<\/tr>\n<tr>\n<td class=\"col-xs-3\">RAM Er\u00ebnnerung<\/td>\n<td>8 mbg<\/td>\n<\/tr>\n<tr>\n<td class=\"col-xs-3\">Er\u00ebnnerung Layout<\/td>\n<td>1 x 8gb<\/td>\n<\/tr>\n<tr>\n<td class=\"col-xs-3\">Maximum RAM Er\u00ebnnerung<\/td>\n<td>32 GB<\/td>\n<\/tr>\n<tr>\n<td class=\"col-xs-3\">Er\u00ebnnerung Auer Frequenz<\/td>\n<td><\/td>\n<\/tr>\n<tr>\n<td class=\"col-xs-3\">Intern Er\u00ebnnerung Typ<\/td>\n<td>DDR 4<\/td>\n<\/tr>\n<tr>\n<td class=\"col-xs-3\">Er\u00ebnnerung G\u00e9igespiller Plaze<\/td>\n<td>2 Z\u00ebmmer)<\/td>\n<\/tr>\n<tr>\n<td class=\"col-xs-3\">Er\u00ebnnerung Form Faktor<\/td>\n<td>SO DIMM 260-PIN<\/td>\n<\/tr>\n<tr>\n<td class=\"col-xs-3\"><\/td>\n<td><strong>Stockage Medium<\/strong><\/td>\n<\/tr>\n<tr>\n<td class=\"col-xs-3\">Total Er\u00ebnnerung Kapazit\u00e9it<\/td>\n<td>500 GB<\/td>\n<\/tr>\n<tr>\n<td class=\"col-xs-3\">Festplack Interface<\/td>\n<td>1x SATA 6GB\/s 1x M.2 Typ 2280 (SATA &amp; PCIe NVMe)<\/td>\n<\/tr>\n<tr>\n<td class=\"col-xs-3\">Integr\u00e9iert Kaart Lieser<\/td>\n<td>Nee<\/td>\n<\/tr>\n<tr>\n<td class=\"col-xs-3\">SSD Interface<\/td>\n<td>PCIe (NVMe)<\/td>\n<\/tr>\n<tr>\n<td class=\"col-xs-3\">SSD Sp\u00e4icherkapazit\u00e9it<\/td>\n<td>500 GB<\/td>\n<\/tr>\n<tr>\n<td class=\"col-xs-3\">Festplack Kapazit\u00e9it<\/td>\n<td>1 x 500 Go &#8211; \u00e0 l&rsquo;\u00e9tat solide<\/td>\n<\/tr>\n<tr>\n<td class=\"col-xs-3\">Stockage Medien<\/td>\n<td>M.2 SSD<\/td>\n<\/tr>\n<tr>\n<td class=\"col-xs-3\"><\/td>\n<td><strong>Optesch fueren<\/strong><\/td>\n<\/tr>\n<tr>\n<td class=\"col-xs-3\">Optesch Fuert - Typ<\/td>\n<td>Ouni opteschen fueren<\/td>\n<\/tr>\n<tr>\n<td class=\"col-xs-3\"><\/td>\n<td><strong>Performancen<\/strong><\/td>\n<\/tr>\n<tr>\n<td class=\"col-xs-3\">Serie<\/td>\n<td>Business<\/td>\n<\/tr>\n<tr>\n<td class=\"col-xs-3\">Typ vum Produkt<\/td>\n<td>Pers\u00e9inleche Computer<\/td>\n<\/tr>\n<tr>\n<td class=\"col-xs-3\">Sound Niveau<\/td>\n<td>22.3dB (Idle Modus)<\/td>\n<\/tr>\n<tr>\n<td class=\"col-xs-3\"><\/td>\n<td><strong>Keyboard<\/strong><\/td>\n<\/tr>\n<tr>\n<td class=\"col-xs-3\">Apparat Interface<\/td>\n<td>USB<\/td>\n<\/tr>\n<tr>\n<td class=\"col-xs-3\"><\/td>\n<td><strong>Technesch Detailer<\/strong><\/td>\n<\/tr>\n<tr>\n<td class=\"col-xs-3\">Location<\/td>\n<td>International<\/td>\n<\/tr>\n<tr>\n<td class=\"col-xs-3\"><\/td>\n<td><strong>Contenu vun der Liwwerung<\/strong><\/td>\n<\/tr>\n<tr>\n<td class=\"col-xs-3\">Geliwwert Accessoiren<\/td>\n<td>Quick Start Guide, Power Adapter, EU Power Cable, Stand<\/td>\n<\/tr>\n<tr>\n<td class=\"col-xs-3\">Keyboard abegraff<\/td>\n<td>Fakultativ<\/td>\n<\/tr>\n<tr>\n<td class=\"col-xs-3\"><\/td>\n<td><strong>Gewiicht an Dimensiounen<\/strong><\/td>\n<\/tr>\n<tr>\n<td class=\"col-xs-3\">H\u00e9icht<\/td>\n<td>44,4 (n\u00ebmmen 32,7 \u00c9cran) cm<\/td>\n<\/tr>\n<tr>\n<td class=\"col-xs-3\">Breet<\/td>\n<td>54,0cm<\/td>\n<\/tr>\n<tr>\n<td class=\"col-xs-3\">D\u00e9ift<\/td>\n<td>20,2 (Fouss abegraff) \/ 4,5 (Panel ouni Fouss) cm<\/td>\n<\/tr>\n<tr>\n<td class=\"col-xs-3\">Gewiicht<\/td>\n<td>3, 9kg<\/td>\n<\/tr>\n<tr>\n<td class=\"col-xs-3\"><\/td>\n<td><strong>Aner Funktiounen<\/strong><\/td>\n<\/tr>\n<tr>\n<td class=\"col-xs-3\">Erweiderung Plaze<\/td>\n<td>1 x 2,5 Zoll SSD<\/td>\n<\/tr>\n<tr>\n<td class=\"col-xs-3\">Interface<\/td>\n<td>HDMI, LAN RJ-45, 4x USB 3.2 Gen2, Audio (Line-Out, Mikrofon), DC-In<\/td>\n<\/tr>\n<tr>\n<td class=\"col-xs-3\">Kompatibel Betribssystemer<\/td>\n<td>Win10, Win11<\/td>\n<\/tr>\n<tr>\n<td class=\"col-xs-3\">Maximal Ofkillungskapazit\u00e9it<\/td>\n<td>Aktiv<\/td>\n<\/tr>\n<tr>\n<td class=\"col-xs-3\">Konformit\u00e9it mat Industrienormen<\/td>\n<td>D\u00ebsen Apparat g\u00ebtt als Klass B Informatiounstechnologie Ausr\u00fcstung (ITE) ugesinn an ass haapts\u00e4chlech fir Heem- a Gesch\u00e4ftsgebrauch geduecht. D&#039;CE Marquage certifi\u00e9ert d&#039;Konformit\u00e9it mat de folgenden europ\u00e4eschen Direktiven: (1) EMC Direktiv 2004\/108\/EC Elektromagnetesch Kompatibilit\u00e9it (2) Nidderegspannungsdirektiv 2006\/95\/EC Elektresch Ausr\u00fcstung geduecht fir ze benotzen bannent best\u00ebmmte Spannungsgrenzen.<\/td>\n<\/tr>\n<tr>\n<td class=\"col-xs-3\">Special Fonctiounen<\/td>\n<td>2x 1.5 W TPM 2.0 Bluetooth Stereo-Lautsprecher Kipp no vir an no hannen (-5\u00b0 bis + 20\u00b0) Frameless Design Faarf: S\u00eblwer (virun + Fouss), schwaarz hannen Optional: VESA Support<\/td>\n<\/tr>\n<tr>\n<td class=\"col-xs-3\"><\/td>\n<td><strong>Design<\/strong><\/td>\n<\/tr>\n<tr>\n<td class=\"col-xs-3\">Zertifikatioun<\/td>\n<td>Assembl\u00e9e no ISO9001 an D\u00e4itschland Kompatibilit\u00e9it: SMBios (DMI), EnergyStar (g\u00fclteg n\u00ebmme fir US), EN62368-1, EN55032, EN55035, EN61000-3-2\/3, EN62623, 89\/336\/ECC Produkt entspr\u00e9cht RAL Crit\u00e8ren UZ 78 (Bloen Engel)<\/td>\n<\/tr>\n<tr>\n<td class=\"col-xs-3\">Form Faktor<\/td>\n<td>Alles-zu-eent (komplett L\u00e9isung)<\/td>\n<\/tr>\n<tr>\n<td class=\"col-xs-3\"><\/td>\n<td><strong>Maus<\/strong><\/td>\n<\/tr>\n<tr>\n<td class=\"col-xs-3\">Maus abegraff<\/td>\n<td>Fakultativ<\/td>\n<\/tr>\n<tr>\n<td class=\"col-xs-3\"><\/td>\n<td><strong>Grafik<\/strong><\/td>\n<\/tr>\n<tr>\n<td class=\"col-xs-3\">Maximal Opl\u00e9isung<\/td>\n<td>HDMI 1.4a bis 4096 \u00d7 2304 @ 60Hz (4K), \u00cbnnerst\u00ebtzt Dual Iwwerwaachung<\/td>\n<\/tr>\n<tr>\n<td class=\"col-xs-3\">Integr\u00e9iert Graphikadapter Er\u00ebnnerung<\/td>\n<td>Dynamesch<\/td>\n<\/tr>\n<tr>\n<td class=\"col-xs-3\">Grafikkaart<\/td>\n<td>Intel UHD Graphics 620<\/td>\n<\/tr>\n<tr>\n<td class=\"col-xs-3\">On-board Graphikadapter Modell<\/td>\n<td>Intel UHD Graphics 620<\/td>\n<\/tr>\n<tr>\n<td class=\"col-xs-3\"><\/td>\n<td><strong>M\u00e4chteg<\/strong><\/td>\n<\/tr>\n<tr>\n<td class=\"col-xs-3\">Stroumversuergung<\/td>\n<td>Fanlos extern Stroumversuergung<\/td>\n<\/tr>\n<tr>\n<td class=\"col-xs-3\">Energieverbrauch (Standby)<\/td>\n<td>Hellegkeet max. \/ Belaaschtung: 26,8 \/ 37,9 Watt<\/td>\n<\/tr>\n<tr>\n<td class=\"col-xs-3\">Maximal Input Muecht<\/td>\n<td>65 wt<\/td>\n<\/tr>\n<tr>\n<td class=\"col-xs-3\">Energieversuergung Input Volt<\/td>\n<td>AC Stroum 100\/240 V (50\/60 Hz)<\/td>\n<\/tr>\n<tr>\n<td class=\"col-xs-3\"><\/td>\n<td><strong>Aarbechtskonditiounen<\/strong><\/td>\n<\/tr>\n<tr>\n<td class=\"col-xs-3\">Operatioun Temperatur<\/td>\n<td>5\u00b0C \u2013 35\u00b0C<\/td>\n<\/tr>\n<tr>\n<td class=\"col-xs-3\">Recommand\u00e9iert Fiichtegkeet Ber\u00e4ich<\/td>\n<td>10-75% (net-kondens\u00e9ierend)<\/td>\n<\/tr>\n<tr>\n<td class=\"col-xs-3\"><\/td>\n<td><strong>Reseau<\/strong><\/td>\n<\/tr>\n<tr>\n<td class=\"col-xs-3\">Gebaut-an Ethernet Verbindung<\/td>\n<td>Netzwierkadapter - integr\u00e9iert<\/td>\n<\/tr>\n<tr>\n<td class=\"col-xs-3\">LAN Controller<\/td>\n<td>Intel i219V, Gigabit LAN, WOL+PXE<\/td>\n<\/tr>\n<tr>\n<td class=\"col-xs-3\">WLAN Standarden<\/td>\n<td>Intel\u00ae Dual Band Wireless-AC 9260 Frequenzband: 2,4 GHz + 5 GHz Dual Stream IEEE 802.11 ac<\/td>\n<\/tr>\n<tr>\n<td class=\"col-xs-3\">Datelink Protokoller<\/td>\n<td>Ethernet, Fast Ethernet, Gigabit Ethernet, IEEE 802.11ac Bluetooth 5.0<\/td>\n<\/tr>\n<tr>\n<td class=\"col-xs-3\"><\/td>\n<td><strong>Input Apparat<\/strong><\/td>\n<\/tr>\n<tr>\n<td class=\"col-xs-3\">Apparat Interface<\/td>\n<td>USB<\/td>\n<\/tr>\n<tr>\n<td class=\"col-xs-3\"><\/td>\n<td><strong>Audio<\/strong><\/td>\n<\/tr>\n<tr>\n<td class=\"col-xs-3\">Audio Channels<\/td>\n<td>6 h\u00e9ich Definitioun Channels<\/td>\n<\/tr>\n<tr>\n<td class=\"col-xs-3\">Audio System<\/td>\n<td>Integr\u00e9iert<\/td>\n<\/tr>\n<\/tbody>\n<\/table>","protected":false},"excerpt":{"rendered":"<p><strong>Intel Core i3<\/strong> (13. Gen.) 1315U (10 MB Intel SmartCache, bis zu 4,4 GHz mat Intel Turbo Boost Technology)<br \/>\n<strong>Windows 11<\/strong> Pro<\/p>\n<p>Hutt Dir w\u00e9ineg Plaz op \u00c4rem Schreifd\u00ebsch? An Dir hutt alles uerdentlech g\u00e4r, dann ass de stilvollen TERRA All-in-One PC am schlanken frameless Design d\u00e9i perfekt L\u00e9isung.<\/p>\n<p>Dank der Intels Core i3 CPU mat Mobile Prozessor Technologie, huet d\u00ebs glat a roueg PC niddereg Muecht Konsum. TERRA All-in-One PCs si perfekt fir den Heem B\u00fcro. Mat enger drahtlose Tastatur \/ Maus Combo kritt Dir en extrem kloer an uerdentlecht Aarbechtsber\u00e4ich.<\/p>","protected":false},"featured_media":51260,"comment_status":"closed","ping_status":"closed","template":"","meta":{"_seopress_robots_primary_cat":"none","_seopress_titles_title":"","_seopress_titles_desc":"","_seopress_robots_index":""},"product_brand":[],"product_cat":[1510,82],"product_tag":[30995,30824,30986,30993,30994,30996,30798,138,30997,30793,1289,30998,30823],"class_list":{"0":"post-51258","1":"product","2":"type-product","3":"status-publish","4":"has-post-thumbnail","6":"product_cat-informatique","7":"product_cat-ordinateurs","8":"product_tag-all-in-one","9":"product_tag-econcept","10":"product_tag-etech","11":"product_tag-green","12":"product_tag-greenline","13":"product_tag-i3","14":"product_tag-intel","15":"product_tag-pc","16":"product_tag-shop24","17":"product_tag-terra","18":"product_tag-weiss","19":"product_tag-white","20":"product_tag-wortmann","22":"first","23":"instock","24":"featured","25":"shipping-taxable","26":"purchasable","27":"product-type-simple"},"_links":{"self":[{"href":"https:\/\/shop24.lu\/lb\/wp-json\/wp\/v2\/product\/51258","targetHints":{"allow":["GET"]}}],"collection":[{"href":"https:\/\/shop24.lu\/lb\/wp-json\/wp\/v2\/product"}],"about":[{"href":"https:\/\/shop24.lu\/lb\/wp-json\/wp\/v2\/types\/product"}],"replies":[{"embeddable":true,"href":"https:\/\/shop24.lu\/lb\/wp-json\/wp\/v2\/comments?post=51258"}],"wp:featuredmedia":[{"embeddable":true,"href":"https:\/\/shop24.lu\/lb\/wp-json\/wp\/v2\/media\/51260"}],"wp:attachment":[{"href":"https:\/\/shop24.lu\/lb\/wp-json\/wp\/v2\/media?parent=51258"}],"wp:term":[{"taxonomy":"product_brand","embeddable":true,"href":"https:\/\/shop24.lu\/lb\/wp-json\/wp\/v2\/product_brand?post=51258"},{"taxonomy":"product_cat","embeddable":true,"href":"https:\/\/shop24.lu\/lb\/wp-json\/wp\/v2\/product_cat?post=51258"},{"taxonomy":"product_tag","embeddable":true,"href":"https:\/\/shop24.lu\/lb\/wp-json\/wp\/v2\/product_tag?post=51258"}],"curies":[{"name":"wp","href":"https:\/\/api.w.org\/{rel}","templated":true}]}}