{"id":51275,"date":"2022-04-10T16:22:59","date_gmt":"2022-04-10T14:22:59","guid":{"rendered":"https:\/\/shop24.lu\/?post_type=product&#038;p=51275"},"modified":"2023-12-25T00:18:43","modified_gmt":"2023-12-24T22:18:43","slug":"terra-lcd-led-2448w-noir-hdmi-greenline-plus","status":"publish","type":"product","link":"https:\/\/shop24.lu\/lb\/product\/terra-lcd-led-2448w-noir-hdmi-greenline-plus\/","title":{"rendered":"TERRA LCD \/ LED 2448W Schwaarz HDMI GREENLINE PLUS"},"content":{"rendered":"<table id=\"ctl00_ctl00_ctl00_SiteContent_SiteContent_SiteContent_articleFeatureDisplayDetails_gridViewProductAttributes\" class=\"table table-condensed\" border=\"0\" cellspacing=\"0\">\n<tbody>\n<tr>\n<td><strong>\u00c9cran<\/strong><\/td>\n<\/tr>\n<tr>\n<td class=\"col-xs-3\">\u00c9cran diagonal<\/td>\n<td>23,8 Zoll<\/td>\n<\/tr>\n<tr>\n<td class=\"col-xs-3\">\u00c9cran diagonal (cm)<\/td>\n<td>60,5 cm \u00e9p<\/td>\n<\/tr>\n<tr>\n<td class=\"col-xs-3\">\u00c9cran Resolutioun<\/td>\n<td>1920 x 1080 Pixel (Full HD)<\/td>\n<\/tr>\n<tr>\n<td class=\"col-xs-3\">Hellegkeet<\/td>\n<td>250 cd\/m<\/td>\n<\/tr>\n<tr>\n<td class=\"col-xs-3\">Reaktioun Z\u00e4it<\/td>\n<td>5 ms (overdrive)<\/td>\n<\/tr>\n<tr>\n<td class=\"col-xs-3\">H\u00ebnneschten Schr\u00e9iegt W\u00e9nkel<\/td>\n<td>20\u00b0<\/td>\n<\/tr>\n<tr>\n<td class=\"col-xs-3\">Front schlank W\u00e9nkel<\/td>\n<td>5\u00b0<\/td>\n<\/tr>\n<tr>\n<td class=\"col-xs-3\">Anti-Glanz \u00c9cran<\/td>\n<td>jo<\/td>\n<\/tr>\n<tr>\n<td class=\"col-xs-3\">Zuel vun \u00c9cran Faarwen<\/td>\n<td>16,7 Millioune Faarwen<\/td>\n<\/tr>\n<tr>\n<td class=\"col-xs-3\">Pixel Gr\u00e9isst<\/td>\n<td>0,2745 mm<\/td>\n<\/tr>\n<tr>\n<td class=\"col-xs-3\">Kontrast Verh\u00e4ltnis<\/td>\n<td>30.000.000:1 (DCR)<\/td>\n<\/tr>\n<tr>\n<td class=\"col-xs-3\">Sichtw\u00e9nkel, horizontal<\/td>\n<td>178\u00b0<\/td>\n<\/tr>\n<tr>\n<td class=\"col-xs-3\">Bildw\u00e9nkel, vertikal<\/td>\n<td>178\u00b0<\/td>\n<\/tr>\n<tr>\n<td class=\"col-xs-3\">Bild Verh\u00e4ltnis<\/td>\n<td>16:9<\/td>\n<\/tr>\n<tr>\n<td class=\"col-xs-3\">Backlight Typ<\/td>\n<td>LED G\u00e9igeliicht<\/td>\n<\/tr>\n<tr>\n<td class=\"col-xs-3\">Panel Technologie<\/td>\n<td>IPS<\/td>\n<\/tr>\n<tr>\n<td class=\"col-xs-3\"><\/td>\n<td><strong>Verbindungen an Schn\u00ebttplazen<\/strong><\/td>\n<\/tr>\n<tr>\n<td class=\"col-xs-3\">Interface<\/td>\n<td>HDMI-VGA<\/td>\n<\/tr>\n<tr>\n<td class=\"col-xs-3\">Computer Audio Input<\/td>\n<td>3,5 mm Jack (Line in)<\/td>\n<\/tr>\n<tr>\n<td class=\"col-xs-3\">HDCP<\/td>\n<td>jo<\/td>\n<\/tr>\n<tr>\n<td class=\"col-xs-3\"><\/td>\n<td><strong>Design<\/strong><\/td>\n<\/tr>\n<tr>\n<td class=\"col-xs-3\">Produit Faarf<\/td>\n<td>Matte Schwaarz<\/td>\n<\/tr>\n<tr>\n<td class=\"col-xs-3\"><\/td>\n<td><strong>Gewiicht an Dimensiounen<\/strong><\/td>\n<\/tr>\n<tr>\n<td class=\"col-xs-3\">H\u00e9icht (Fouss abegraff)<\/td>\n<td>41,7cm<\/td>\n<\/tr>\n<tr>\n<td class=\"col-xs-3\">Breet (Fouss abegraff)<\/td>\n<td>54,0cm<\/td>\n<\/tr>\n<tr>\n<td class=\"col-xs-3\">D\u00e9ift (Fouss abegraff)<\/td>\n<td>22,0cm<\/td>\n<\/tr>\n<tr>\n<td class=\"col-xs-3\">Gewiicht (Stand abegraff)<\/td>\n<td>3 ,5kg<\/td>\n<\/tr>\n<tr>\n<td class=\"col-xs-3\">H\u00e9icht<\/td>\n<td>32,5 cm \u00e9p<\/td>\n<\/tr>\n<tr>\n<td class=\"col-xs-3\">Breet<\/td>\n<td>54,0cm<\/td>\n<\/tr>\n<tr>\n<td class=\"col-xs-3\">D\u00e9ift<\/td>\n<td>3, 9cm<\/td>\n<\/tr>\n<tr>\n<td class=\"col-xs-3\">Gewiicht<\/td>\n<td>3 ,1kg<\/td>\n<\/tr>\n<tr>\n<td class=\"col-xs-3\"><\/td>\n<td><strong>M\u00e4chteg<\/strong><\/td>\n<\/tr>\n<tr>\n<td class=\"col-xs-3\">Energiequell<\/td>\n<td>jo<\/td>\n<\/tr>\n<tr>\n<td class=\"col-xs-3\">Energieverbrauch (aus)<\/td>\n<td>&lt; 0,3 Watt<\/td>\n<\/tr>\n<tr>\n<td class=\"col-xs-3\">Energieverbrauch (Standby)<\/td>\n<td>&lt; 0,5 Watt<\/td>\n<\/tr>\n<tr>\n<td class=\"col-xs-3\">Energieeffizienz Klass<\/td>\n<td>E<\/td>\n<\/tr>\n<tr>\n<td class=\"col-xs-3\">Nominell Muecht<\/td>\n<td>15 W<\/td>\n<\/tr>\n<tr>\n<td class=\"col-xs-3\">AC Input Volt<\/td>\n<td>100 \u2013 240 V, 50 \u2013 60 Hz<\/td>\n<\/tr>\n<tr>\n<td class=\"col-xs-3\">Stroumversuergung<\/td>\n<td>Intern<\/td>\n<\/tr>\n<tr>\n<td class=\"col-xs-3\"><\/td>\n<td><strong>Ergonomie<\/strong><\/td>\n<\/tr>\n<tr>\n<td class=\"col-xs-3\">Kensington Sp\u00e4r<\/td>\n<td>jo<\/td>\n<\/tr>\n<tr>\n<td class=\"col-xs-3\">H\u00e9icht Upassung<\/td>\n<td>Nee<\/td>\n<\/tr>\n<tr>\n<td class=\"col-xs-3\">Pivot<\/td>\n<td>Nee<\/td>\n<\/tr>\n<tr>\n<td class=\"col-xs-3\">VESA Opriichte Interface<\/td>\n<td>100 x 100 mm<\/td>\n<\/tr>\n<tr>\n<td class=\"col-xs-3\">plug-and-play<\/td>\n<td>DDC 1\/2B\/CI<\/td>\n<\/tr>\n<tr>\n<td class=\"col-xs-3\"><\/td>\n<td><strong>Certificaten<\/strong><\/td>\n<\/tr>\n<tr>\n<td class=\"col-xs-3\">Konformit\u00e9it mat Industrienormen<\/td>\n<td>DAT<\/td>\n<\/tr>\n<tr>\n<td class=\"col-xs-3\"><\/td>\n<td><strong>Aner Funktiounen<\/strong><\/td>\n<\/tr>\n<tr>\n<td class=\"col-xs-3\">Special Fonctiounen<\/td>\n<td>- Frameless Design<br \/>\n- IPS Panel Technologie<br \/>\n- Flickerfr\u00e4i LED G\u00e9igeliicht<br \/>\n- Anti-blo Liichtfunktioun, justierbar duerch DeepL Zougang<br \/>\n- Multi-Computer Operatioun m\u00e9iglech (1x VGA, 1x HDMI, Schalter iwwer Tastekombinatioun)<\/td>\n<\/tr>\n<tr>\n<td class=\"col-xs-3\"><\/td>\n<td><strong>Multimedia<\/strong><\/td>\n<\/tr>\n<tr>\n<td class=\"col-xs-3\">Built-in Spriecher<\/td>\n<td>jo<\/td>\n<\/tr>\n<tr>\n<td class=\"col-xs-3\"><\/td>\n<td><strong>Liicht Client<\/strong><\/td>\n<\/tr>\n<tr>\n<td class=\"col-xs-3\">Montage der d\u00ebnn Client<\/td>\n<td>jo<\/td>\n<\/tr>\n<tr>\n<td class=\"col-xs-3\"><\/td>\n<td><strong>Contenu vun der Liwwerung<\/strong><\/td>\n<\/tr>\n<tr>\n<td class=\"col-xs-3\">Geliwwert Accessoiren<\/td>\n<td>Stroumkabel, HDMI Kabel, Audiokabel, Schnellinstallatiounsguide (D, UK, F, ES, IT, RUS, POL, CZ)<\/td>\n<\/tr>\n<tr>\n<td class=\"col-xs-3\"><\/td>\n<td><strong>Technesch Detailer<\/strong><\/td>\n<\/tr>\n<tr>\n<td class=\"col-xs-3\">Fabrikant d&#039;Garantie<\/td>\n<td>24 M\u00e9int Garantie mat Austauschservice op der Plaz<br \/>\nService Hotline: 05744 \/ 944-595<\/td>\n<\/tr>\n<\/tbody>\n<\/table>","protected":false},"excerpt":{"rendered":"<p><strong>23,8 Zoll \u00c9cran<\/strong> mat Opl\u00e9isung <strong>Voll HD<\/strong> a Paneltechnologie <strong>IPS<\/strong> an engem frameless Design.<\/p>\n<p>D\u00ebst attraktiv \u00c9cran mat engem modernen Design <strong>ouni virun Kader<\/strong> suergt, dank senge reduz\u00e9ierte S\u00e4itekanten, reduz\u00e9iert extern Dimensiounen an e elegante Look op all Schreifd\u00ebsch. Am Dual-Screen Modus g\u00ebtt et n\u00ebmmen eng kleng Distanz t\u00ebscht den Desktops.<\/p>\n<p>Dank deem <strong>Technologie<\/strong> plaatz <strong>IPS<\/strong>, De Display bitt h\u00e9ich Kontrastw\u00e4erter, exzellent Faarfvertriedung a besonnesch breet Gesiichtsw\u00e9nkel.<\/p>\n<p>den <strong>LED G\u00e9igeliicht<\/strong> Energieeffizient a flimmerfr\u00e4i, kombin\u00e9iert mat der antibloer Luuchtfunktioun, reduz\u00e9iert Auge Middegkeet an erlaabt agreabel Aarbecht och mat intensiver Benotzung.<\/p>\n<p>D&#039;Verbindung <strong>hdmi<\/strong> suergt fir eng optimal Signaliwwerdroung a kann och mat Signalquellen w\u00e9i z.B <strong>DVI<\/strong>, <strong>Display Port<\/strong> Wou <strong>USB-C benotzt optional Adapter<\/strong>. Eng Interface <strong>VGA<\/strong> ass och verf\u00fcgbar fir Kompatibilit\u00e9it mat eelere PC Systemer. D\u00e9i agebaute Lautsprecher k\u00ebnnen digital oder analog kontroll\u00e9iert ginn.<\/p>\n<p>Dank sengem 100 mm VESA-Mount kann den \u00c9cran op verschidde Wandklammern oder Multi-Funktiounsst\u00e4nn befestegt ginn. Et ass och m\u00e9iglech Mikro-PCs, Mini-PCs, D\u00ebnn Clienten oder Nettops direkt um R\u00e9ck vum \u00c9cran ze mont\u00e9ieren.<\/p>\n<p>Accessoiren fir h\u00ebnneschte Montage vun TERRA PC-Micro \/ PC-Mini \/ PC-Nettop Apparater:<br \/>\n- TERRA PC-Micro: keng aner Accessoiren sinn erfuerderlech.<br \/>\n- TERRA PC-Mini V4 \/ V5: \u00cbnnerst\u00ebtzung 1407073 (d&#039;Schr\u00e9iegt vum Monitor no hannen ass op ongef\u00e9ier 10\u00b0 reduz\u00e9iert, wat awer an de meeschte F\u00e4ll genuch ass).<br \/>\n\u2013 TERRA PC-Nettop 3540 Fanless: Klammer 1407091<\/p>","protected":false},"featured_media":51278,"comment_status":"closed","ping_status":"closed","template":"","meta":{"_seopress_robots_primary_cat":"none","_seopress_titles_title":"","_seopress_titles_desc":"","_seopress_robots_index":""},"product_brand":[],"product_cat":[30813,1510],"product_tag":[30824,30814,30993,30994,30822,30815,783,21094,30999,30793,30823],"class_list":{"0":"post-51275","1":"product","2":"type-product","3":"status-publish","4":"has-post-thumbnail","6":"product_cat-ecrans","7":"product_cat-informatique","8":"product_tag-econcept","9":"product_tag-ecran","10":"product_tag-green","11":"product_tag-greenline","12":"product_tag-hdmi","13":"product_tag-lcd","14":"product_tag-led","15":"product_tag-noir","16":"product_tag-plus","17":"product_tag-terra","18":"product_tag-wortmann","20":"first","21":"instock","22":"shipping-taxable","23":"purchasable","24":"product-type-simple"},"_links":{"self":[{"href":"https:\/\/shop24.lu\/lb\/wp-json\/wp\/v2\/product\/51275","targetHints":{"allow":["GET"]}}],"collection":[{"href":"https:\/\/shop24.lu\/lb\/wp-json\/wp\/v2\/product"}],"about":[{"href":"https:\/\/shop24.lu\/lb\/wp-json\/wp\/v2\/types\/product"}],"replies":[{"embeddable":true,"href":"https:\/\/shop24.lu\/lb\/wp-json\/wp\/v2\/comments?post=51275"}],"wp:featuredmedia":[{"embeddable":true,"href":"https:\/\/shop24.lu\/lb\/wp-json\/wp\/v2\/media\/51278"}],"wp:attachment":[{"href":"https:\/\/shop24.lu\/lb\/wp-json\/wp\/v2\/media?parent=51275"}],"wp:term":[{"taxonomy":"product_brand","embeddable":true,"href":"https:\/\/shop24.lu\/lb\/wp-json\/wp\/v2\/product_brand?post=51275"},{"taxonomy":"product_cat","embeddable":true,"href":"https:\/\/shop24.lu\/lb\/wp-json\/wp\/v2\/product_cat?post=51275"},{"taxonomy":"product_tag","embeddable":true,"href":"https:\/\/shop24.lu\/lb\/wp-json\/wp\/v2\/product_tag?post=51275"}],"curies":[{"name":"wp","href":"https:\/\/api.w.org\/{rel}","templated":true}]}}