{"id":51290,"date":"2022-04-10T17:06:19","date_gmt":"2022-04-10T15:06:19","guid":{"rendered":"https:\/\/shop24.lu\/?post_type=product&#038;p=51290"},"modified":"2023-12-24T23:57:50","modified_gmt":"2023-12-24T21:57:50","slug":"terra-mobile-1516","status":"publish","type":"product","link":"https:\/\/shop24.lu\/lb\/product\/terra-mobile-1516\/","title":{"rendered":"TERRA MOBILE 1516T [CH]"},"content":{"rendered":"<table id=\"ctl00_ctl00_ctl00_SiteContent_SiteContent_SiteContent_articleFeatureDisplayDetails_gridViewProductAttributes\" class=\"table table-condensed\" border=\"0\" cellspacing=\"0\">\n<tbody>\n<tr>\n<td class=\"col-xs-3\"><\/td>\n<td><strong>General<\/strong><\/td>\n<\/tr>\n<tr>\n<td class=\"col-xs-3\">Prozessor<\/td>\n<td>Prozessor <strong>Intel\u00ae Core\u2122 i5<\/strong>-1135G7 (8M Cache, bis zu 4,20 GHz)<\/td>\n<\/tr>\n<tr>\n<td class=\"col-xs-3\">Betribssystem<\/td>\n<td>Windows 11 Home<\/td>\n<\/tr>\n<tr>\n<td class=\"col-xs-3\"><\/td>\n<td><strong>Software<\/strong><\/td>\n<\/tr>\n<tr>\n<td class=\"col-xs-3\">virinstall\u00e9iert Software<\/td>\n<td>1-Mount Test fir nei Microsoft\u00ae 365 Clienten.<\/td>\n<\/tr>\n<tr>\n<td class=\"col-xs-3\"><\/td>\n<td><strong>\u00c9cran<\/strong><\/td>\n<\/tr>\n<tr>\n<td class=\"col-xs-3\">\u00c9cran Gr\u00e9isst<\/td>\n<td>39,6 cm (ENG) <strong>15.6&quot;<\/strong> )<\/td>\n<\/tr>\n<tr>\n<td class=\"col-xs-3\">\u00c9cran Resolutioun<\/td>\n<td>1920 x 1080<\/td>\n<\/tr>\n<tr>\n<td class=\"col-xs-3\">\u00c9cran Typ<\/td>\n<td>Kee Glanz<\/td>\n<\/tr>\n<tr>\n<td class=\"col-xs-3\">Aspekt Verh\u00e4ltnis<\/td>\n<td>16:9<\/td>\n<\/tr>\n<tr>\n<td class=\"col-xs-3\">Backlight Typ<\/td>\n<td>LED G\u00e9igeliicht<\/td>\n<\/tr>\n<tr>\n<td class=\"col-xs-3\"><\/td>\n<td><strong>Prozessor<\/strong><\/td>\n<\/tr>\n<tr>\n<td class=\"col-xs-3\">Prozessor Famill<\/td>\n<td>Core i5<\/td>\n<\/tr>\n<tr>\n<td class=\"col-xs-3\">Zuel vun Prozessor K\u00e4r<\/td>\n<td>Quad-K\u00e4r<\/td>\n<\/tr>\n<tr>\n<td class=\"col-xs-3\"><\/td>\n<td><strong>M\u00e9moire<\/strong><\/td>\n<\/tr>\n<tr>\n<td class=\"col-xs-3\">RAM Er\u00ebnnerung<\/td>\n<td>8 mbg<\/td>\n<\/tr>\n<tr>\n<td class=\"col-xs-3\">Maximum RAM Er\u00ebnnerung<\/td>\n<td>64 GB<\/td>\n<\/tr>\n<tr>\n<td class=\"col-xs-3\">Intern Er\u00ebnnerung Typ<\/td>\n<td>DDR4 RAM<\/td>\n<\/tr>\n<tr>\n<td class=\"col-xs-3\">Er\u00ebnnerung G\u00e9igespiller Plaze<\/td>\n<td>2 Sockets, 1 vun deenen ass gratis<\/td>\n<\/tr>\n<tr>\n<td class=\"col-xs-3\"><\/td>\n<td><strong>Grafik<\/strong><\/td>\n<\/tr>\n<tr>\n<td class=\"col-xs-3\">Grafiken Kaart Famill<\/td>\n<td>Intel\u00ae UHD Grafiken<\/td>\n<\/tr>\n<tr>\n<td class=\"col-xs-3\">Grafikkaart<\/td>\n<td>Intel\u00ae UHD Grafiken<\/td>\n<\/tr>\n<tr>\n<td class=\"col-xs-3\"><\/td>\n<td><strong>Optesch fueren<\/strong><\/td>\n<\/tr>\n<tr>\n<td class=\"col-xs-3\">Optesch Fuert - Typ<\/td>\n<td>DVD\u00b1RW<\/td>\n<\/tr>\n<tr>\n<td class=\"col-xs-3\"><\/td>\n<td><strong>Performancen<\/strong><\/td>\n<\/tr>\n<tr>\n<td class=\"col-xs-3\">Serie<\/td>\n<td>Entr\u00e9e<\/td>\n<\/tr>\n<tr>\n<td class=\"col-xs-3\">Produit Faarf<\/td>\n<td>Noir<\/td>\n<\/tr>\n<tr>\n<td class=\"col-xs-3\"><\/td>\n<td><strong>Reseau<\/strong><\/td>\n<\/tr>\n<tr>\n<td class=\"col-xs-3\">Bluetooth<\/td>\n<td>5<\/td>\n<\/tr>\n<tr>\n<td class=\"col-xs-3\">WLAN Standarden<\/td>\n<td>Bluetooth, WLAN 802.11 a\/b\/g\/n\/ac<\/td>\n<\/tr>\n<tr>\n<td class=\"col-xs-3\">Handy Standarden<\/td>\n<td>LTE Upgrade m\u00e9iglech<\/td>\n<\/tr>\n<tr>\n<td class=\"col-xs-3\">Interface<\/td>\n<td>Gigabit-Ethernet<\/td>\n<\/tr>\n<tr>\n<td class=\"col-xs-3\"><\/td>\n<td><strong>Stockage Medium<\/strong><\/td>\n<\/tr>\n<tr>\n<td class=\"col-xs-3\">Integr\u00e9iert Kaart Lieser<\/td>\n<td>6 vun1<\/td>\n<\/tr>\n<tr>\n<td class=\"col-xs-3\">SSD Interface<\/td>\n<td>PCIe (NVMe)<\/td>\n<\/tr>\n<tr>\n<td class=\"col-xs-3\">SSD Sp\u00e4icherkapazit\u00e9it<\/td>\n<td>500 GB<\/td>\n<\/tr>\n<tr>\n<td class=\"col-xs-3\">Er\u00ebnnerung G\u00e9igespiller Plaze<\/td>\n<td>1 x M.2 2280 SSD, SATA\/PCIe Gen3x4 Interface 1 x SATA Interface (7mm HDD\/SSD)<\/td>\n<\/tr>\n<tr>\n<td class=\"col-xs-3\">Total Sp\u00e4icherkapazit\u00e9it<\/td>\n<td>500 GB<\/td>\n<\/tr>\n<tr>\n<td class=\"col-xs-3\"><\/td>\n<td><strong>Technesch Detailer<\/strong><\/td>\n<\/tr>\n<tr>\n<td class=\"col-xs-3\">Location<\/td>\n<td><strong>Schw\u00e4izer D\u00e4itsch<\/strong><\/td>\n<\/tr>\n<tr>\n<td class=\"col-xs-3\">Backlit Keyboard<\/td>\n<td>jo<\/td>\n<\/tr>\n<tr>\n<td class=\"col-xs-3\"><\/td>\n<td><strong>Gewiicht an Dimensiounen<\/strong><\/td>\n<\/tr>\n<tr>\n<td class=\"col-xs-3\">H\u00e9icht<\/td>\n<td>2,41 cm<\/td>\n<\/tr>\n<tr>\n<td class=\"col-xs-3\">Breet<\/td>\n<td>36,1 cm<\/td>\n<\/tr>\n<tr>\n<td class=\"col-xs-3\">D\u00e9ift<\/td>\n<td>25,6cm<\/td>\n<\/tr>\n<tr>\n<td class=\"col-xs-3\">Gewiicht<\/td>\n<td>2 ,2kg<\/td>\n<\/tr>\n<tr>\n<td class=\"col-xs-3\"><\/td>\n<td><strong>Batterie \/ Akkuen<\/strong><\/td>\n<\/tr>\n<tr>\n<td class=\"col-xs-3\">Batterie (Autonomie - Batterie Technologie)<\/td>\n<td>6 Stonnen - Lithium-Ion (6 M\u00e9int Batterie Garantie)<\/td>\n<\/tr>\n<tr>\n<td class=\"col-xs-3\"><\/td>\n<td><strong>Aner Funktiounen<\/strong><\/td>\n<\/tr>\n<tr>\n<td class=\"col-xs-3\">Interface<\/td>\n<td>1 x USB 3.0 Typ C 1 x USB 3.0 2 x USB 2.0 HDMI (bis 1920 x 1080) VGA (bis 1280 x 1024) 1 x Mic an 1 x LAN Line Out Kensington Lock<\/td>\n<\/tr>\n<tr>\n<td class=\"col-xs-3\"><\/td>\n<td><strong>S\u00e9cherheet<\/strong><\/td>\n<\/tr>\n<tr>\n<td class=\"col-xs-3\">S\u00e9cherheet Fonctiounen<\/td>\n<td>TPM 2.0<\/td>\n<\/tr>\n<tr>\n<td class=\"col-xs-3\"><\/td>\n<td><strong>Kamera<\/strong><\/td>\n<\/tr>\n<tr>\n<td class=\"col-xs-3\">Built-in Kamera<\/td>\n<td>jo<\/td>\n<\/tr>\n<tr>\n<td class=\"col-xs-3\">Haaptkamera Resolutioun<\/td>\n<td>1 megapixel<\/td>\n<\/tr>\n<\/tbody>\n<\/table>","protected":false},"excerpt":{"rendered":"<p><strong>Universal Talent.<\/strong><br \/>\nStiftung Warentest - Qualit\u00e9it Uerteel: GUTT (2,5). Wortmann Terra Mobile 1516.<br \/>\nBacklit Tastatur, M\u00e9iglechkeet fir LTE Upgrade, M\u00e9iglechkeet fir en anert 2,5 Zoll Sp\u00e4ichermedium derb\u00e4i ze ginn.<\/p>","protected":false},"featured_media":51292,"comment_status":"closed","ping_status":"closed","template":"","meta":{"_seopress_robots_primary_cat":"none","_seopress_titles_title":"","_seopress_titles_desc":"","_seopress_robots_index":""},"product_brand":[],"product_cat":[1510,82,31004],"product_tag":[31006,30799,30798,30795,126,31005,30793,30841,30823],"class_list":{"0":"post-51290","1":"product","2":"type-product","3":"status-publish","4":"has-post-thumbnail","6":"product_cat-informatique","7":"product_cat-ordinateurs","8":"product_cat-portables","9":"product_tag-15-6","10":"product_tag-i5","11":"product_tag-intel","12":"product_tag-laptop","13":"product_tag-mobile","14":"product_tag-portable","15":"product_tag-terra","16":"product_tag-win11","17":"product_tag-wortmann","19":"first","20":"instock","21":"shipping-taxable","22":"purchasable","23":"product-type-simple"},"_links":{"self":[{"href":"https:\/\/shop24.lu\/lb\/wp-json\/wp\/v2\/product\/51290","targetHints":{"allow":["GET"]}}],"collection":[{"href":"https:\/\/shop24.lu\/lb\/wp-json\/wp\/v2\/product"}],"about":[{"href":"https:\/\/shop24.lu\/lb\/wp-json\/wp\/v2\/types\/product"}],"replies":[{"embeddable":true,"href":"https:\/\/shop24.lu\/lb\/wp-json\/wp\/v2\/comments?post=51290"}],"wp:featuredmedia":[{"embeddable":true,"href":"https:\/\/shop24.lu\/lb\/wp-json\/wp\/v2\/media\/51292"}],"wp:attachment":[{"href":"https:\/\/shop24.lu\/lb\/wp-json\/wp\/v2\/media?parent=51290"}],"wp:term":[{"taxonomy":"product_brand","embeddable":true,"href":"https:\/\/shop24.lu\/lb\/wp-json\/wp\/v2\/product_brand?post=51290"},{"taxonomy":"product_cat","embeddable":true,"href":"https:\/\/shop24.lu\/lb\/wp-json\/wp\/v2\/product_cat?post=51290"},{"taxonomy":"product_tag","embeddable":true,"href":"https:\/\/shop24.lu\/lb\/wp-json\/wp\/v2\/product_tag?post=51290"}],"curies":[{"name":"wp","href":"https:\/\/api.w.org\/{rel}","templated":true}]}}