{"id":51310,"date":"2022-04-10T17:55:00","date_gmt":"2022-04-10T15:55:00","guid":{"rendered":"https:\/\/shop24.lu\/?post_type=product&#038;p=51310"},"modified":"2023-12-30T23:40:11","modified_gmt":"2023-12-30T21:40:11","slug":"terra-mobile-1470u","status":"publish","type":"product","link":"https:\/\/shop24.lu\/lb\/product\/terra-mobile-1470u\/","title":{"rendered":"TERRA MOBILE 1470U [CH]"},"content":{"rendered":"<p>Den TERRA MOBILE 1470T mat enger Dicke vun 17 Millimeter an engem qualitativ h\u00e9ichw\u00e4ertege Magnesiumgeh\u00e4use ass optimis\u00e9iert fir mobil Notzung am Beruffsfeld. Generatioun Intel Core Prozessor, kombin\u00e9iert mat engem PCIe 4.0 Solid-State Drive, g\u00ebtt Iech s\u00e9ier uptime a grouss Rechenkraft. De Laptop ass mat engem 14-Zoll Full-HD Bildschierm an enger Backlit Tastatur ausgestatt. Mat n\u00ebmmen 1,11 kg iwwerzeegt den TERRA MOBILE 1470T wat Gewiicht an Handhabung ugeet. Dank der 73Wh Li-Ion Batterie ass et m\u00e9iglech bis zu 20 Stonnen ouni Stroum ze schaffen. A Kombinatioun mat der TERRA USB-C Dockingstatioun ass Multi-Monitor Operatioun m\u00e9iglech mat bis zu zwee zous\u00e4tzlech externen Affichage.<\/p>\n<table id=\"ctl00_ctl00_ctl00_SiteContent_SiteContent_SiteContent_articleFeatureDisplayDetails_gridViewProductAttributes\" class=\"table table-condensed\" border=\"0\" cellspacing=\"0\">\n<tbody>\n<tr>\n<td class=\"col-xs-3\"><\/td>\n<td><strong>General<\/strong><\/td>\n<\/tr>\n<tr>\n<td class=\"col-xs-3\">Prozessor<\/td>\n<td>Prozessor<strong>Intel\u00ae Core\u2122 i5-1235U<\/strong>(12M de cache, jusqu&rsquo;\u00e0 4.40 GHz)<\/td>\n<\/tr>\n<tr>\n<td class=\"col-xs-3\">Betribssystem<\/td>\n<td><strong>Windows 11<\/strong> Pro<\/td>\n<\/tr>\n<tr>\n<td class=\"col-xs-3\"><\/td>\n<td><strong>Software<\/strong><\/td>\n<\/tr>\n<tr>\n<td class=\"col-xs-3\">virinstall\u00e9iert Software<\/td>\n<td>1-Mount Test fir nei Microsoft\u00ae 365 Clienten.<\/td>\n<\/tr>\n<tr>\n<td class=\"col-xs-3\"><\/td>\n<td><strong>\u00c9cran<\/strong><\/td>\n<\/tr>\n<tr>\n<td class=\"col-xs-3\">\u00c9cran Gr\u00e9isst<\/td>\n<td>35,6 cm (14 Zoll)<\/td>\n<\/tr>\n<tr>\n<td class=\"col-xs-3\">\u00c9cran Resolutioun<\/td>\n<td>1920 x 1080<\/td>\n<\/tr>\n<tr>\n<td class=\"col-xs-3\">\u00c9cran Typ<\/td>\n<td>Kee Glanz<\/td>\n<\/tr>\n<tr>\n<td class=\"col-xs-3\"><\/td>\n<td><strong>Prozessor<\/strong><\/td>\n<\/tr>\n<tr>\n<td class=\"col-xs-3\">Prozessor Famill<\/td>\n<td>Core i5<\/td>\n<\/tr>\n<tr>\n<td class=\"col-xs-3\">Zuel vun Prozessor K\u00e4r<\/td>\n<td>10 Core<\/td>\n<\/tr>\n<tr>\n<td class=\"col-xs-3\"><\/td>\n<td><strong>M\u00e9moire<\/strong><\/td>\n<\/tr>\n<tr>\n<td class=\"col-xs-3\">RAM Er\u00ebnnerung<\/td>\n<td>8 mbg<\/td>\n<\/tr>\n<tr>\n<td class=\"col-xs-3\">Maximum RAM Er\u00ebnnerung<\/td>\n<td>40 GO<\/td>\n<\/tr>\n<tr>\n<td class=\"col-xs-3\">Intern Er\u00ebnnerung Typ<\/td>\n<td>DDR4SDRAM<\/td>\n<\/tr>\n<tr>\n<td class=\"col-xs-3\">Er\u00ebnnerung G\u00e9igespiller Plaze<\/td>\n<td>2 Base, dor\u00ebnner 1 fr\u00e4i<\/td>\n<\/tr>\n<tr>\n<td class=\"col-xs-3\"><\/td>\n<td><strong>Grafik<\/strong><\/td>\n<\/tr>\n<tr>\n<td class=\"col-xs-3\">Grafikkaart<\/td>\n<td>Intel\u00ae Iris\u00ae XE Grafiken<\/td>\n<\/tr>\n<tr>\n<td class=\"col-xs-3\"><\/td>\n<td><strong>Optesch fueren<\/strong><\/td>\n<\/tr>\n<tr>\n<td class=\"col-xs-3\">Optesch Fuert - Typ<\/td>\n<td>Keen)<\/td>\n<\/tr>\n<tr>\n<td class=\"col-xs-3\"><\/td>\n<td><strong>Performancen<\/strong><\/td>\n<\/tr>\n<tr>\n<td class=\"col-xs-3\">Serie<\/td>\n<td>Top vun der Linn<\/td>\n<\/tr>\n<tr>\n<td class=\"col-xs-3\">Produit Faarf<\/td>\n<td>Suen<\/td>\n<\/tr>\n<tr>\n<td class=\"col-xs-3\"><\/td>\n<td><strong>Reseau<\/strong><\/td>\n<\/tr>\n<tr>\n<td class=\"col-xs-3\">Bluetooth<\/td>\n<td>5.0<\/td>\n<\/tr>\n<tr>\n<td class=\"col-xs-3\">WLAN Standarden<\/td>\n<td>Bluetooth 5.2, WiFi 6 (802.11ax)<\/td>\n<\/tr>\n<tr>\n<td class=\"col-xs-3\">Handy Standarden<\/td>\n<td>LTE Upgrade m\u00e9iglech<\/td>\n<\/tr>\n<tr>\n<td class=\"col-xs-3\"><\/td>\n<td><strong>Stockage Medium<\/strong><\/td>\n<\/tr>\n<tr>\n<td class=\"col-xs-3\">Integr\u00e9iert Kaart Lieser<\/td>\n<td>jo<\/td>\n<\/tr>\n<tr>\n<td class=\"col-xs-3\">SSD Interface<\/td>\n<td>PCIe (NVMe)<\/td>\n<\/tr>\n<tr>\n<td class=\"col-xs-3\">SSD Sp\u00e4icherkapazit\u00e9it<\/td>\n<td>500 GB<\/td>\n<\/tr>\n<tr>\n<td class=\"col-xs-3\">Er\u00ebnnerung G\u00e9igespiller Plaze<\/td>\n<td>1 x M.2 2280 SSD, SATA \/ PCIe Gen3x4 Interface<\/td>\n<\/tr>\n<tr>\n<td class=\"col-xs-3\">Total Sp\u00e4icherkapazit\u00e9it<\/td>\n<td>500 GB<\/td>\n<\/tr>\n<tr>\n<td class=\"col-xs-3\"><\/td>\n<td><strong>Technesch Detailer<\/strong><\/td>\n<\/tr>\n<tr>\n<td class=\"col-xs-3\">Location<\/td>\n<td><strong>Schw\u00e4izer D\u00e4itsch<\/strong><\/td>\n<\/tr>\n<tr>\n<td class=\"col-xs-3\">Backlit Keyboard<\/td>\n<td>jo<\/td>\n<\/tr>\n<tr>\n<td class=\"col-xs-3\"><\/td>\n<td><strong>Gewiicht an Dimensiounen<\/strong><\/td>\n<\/tr>\n<tr>\n<td class=\"col-xs-3\">H\u00e9icht<\/td>\n<td>1,65 cm \u00e9p<\/td>\n<\/tr>\n<tr>\n<td class=\"col-xs-3\">Breet<\/td>\n<td>32,2 cm<\/td>\n<\/tr>\n<tr>\n<td class=\"col-xs-3\">D\u00e9ift<\/td>\n<td>21,68 cm<\/td>\n<\/tr>\n<tr>\n<td class=\"col-xs-3\">Gewiicht<\/td>\n<td>1,11 kg<\/td>\n<\/tr>\n<tr>\n<td class=\"col-xs-3\"><\/td>\n<td><strong>Batterie \/ Akkuen<\/strong><\/td>\n<\/tr>\n<tr>\n<td class=\"col-xs-3\">Batterie (Batterieverbrauchsz\u00e4it)<\/td>\n<td>8 p.m.<\/td>\n<\/tr>\n<tr>\n<td class=\"col-xs-3\"><\/td>\n<td><strong>Aner Funktiounen<\/strong><\/td>\n<\/tr>\n<tr>\n<td class=\"col-xs-3\">Interface<\/td>\n<td>1 x USB 3.1 Gen 1 (Typ A) 1 x USB 3.1 Gen 2 (Typ A) 1 x DisplayPort iwwer USB 3.1 Gen 2 (Thunderbolt Type C) \/ mat Stroumversuergung 1 x HDMI Kopfh\u00f6rer \/ Mikrofon<\/td>\n<\/tr>\n<tr>\n<td class=\"col-xs-3\"><\/td>\n<td><strong>S\u00e9cherheet<\/strong><\/td>\n<\/tr>\n<tr>\n<td class=\"col-xs-3\">S\u00e9cherheet Fonctiounen<\/td>\n<td>TPM 2.0<\/td>\n<\/tr>\n<tr>\n<td class=\"col-xs-3\"><\/td>\n<td><strong>Kamera<\/strong><\/td>\n<\/tr>\n<tr>\n<td class=\"col-xs-3\">Haaptkamera Resolutioun<\/td>\n<td>1 Megapixel (Windows Hello Kamera)<\/td>\n<\/tr>\n<\/tbody>\n<\/table>","protected":false},"excerpt":{"rendered":"<ul>\n<li>Processeur Intel\u00ae Core\u2122 i5-1235U (12M Cache, jusqu&rsquo;\u00e0 4.40 GHz)<\/li>\n<li>Windows 11 Pro<\/li>\n<li>\u00c9cran Gr\u00e9isst 35,6 cm (14 Zoll)<\/li>\n<li>1920 x 1080 \u00c9cran Resolutioun<\/li>\n<li>\u00c9cran Typ Nee Glanz<\/li>\n<li>8 GB RAM Er\u00ebnnerung<\/li>\n<li>Intel\u00ae Iris\u00ae XE Grafiken<\/li>\n<li>500 GB Ganzen Stockage Muecht<\/li>\n<\/ul>","protected":false},"featured_media":51319,"comment_status":"closed","ping_status":"closed","template":"","meta":{"_seopress_robots_primary_cat":"none","_seopress_titles_title":"","_seopress_titles_desc":"","_seopress_robots_index":""},"product_brand":[],"product_cat":[1510,82,31004],"product_tag":[],"class_list":{"0":"post-51310","1":"product","2":"type-product","3":"status-publish","4":"has-post-thumbnail","6":"product_cat-informatique","7":"product_cat-ordinateurs","8":"product_cat-portables","10":"first","11":"instock","12":"featured","13":"shipping-taxable","14":"purchasable","15":"product-type-simple"},"_links":{"self":[{"href":"https:\/\/shop24.lu\/lb\/wp-json\/wp\/v2\/product\/51310","targetHints":{"allow":["GET"]}}],"collection":[{"href":"https:\/\/shop24.lu\/lb\/wp-json\/wp\/v2\/product"}],"about":[{"href":"https:\/\/shop24.lu\/lb\/wp-json\/wp\/v2\/types\/product"}],"replies":[{"embeddable":true,"href":"https:\/\/shop24.lu\/lb\/wp-json\/wp\/v2\/comments?post=51310"}],"wp:featuredmedia":[{"embeddable":true,"href":"https:\/\/shop24.lu\/lb\/wp-json\/wp\/v2\/media\/51319"}],"wp:attachment":[{"href":"https:\/\/shop24.lu\/lb\/wp-json\/wp\/v2\/media?parent=51310"}],"wp:term":[{"taxonomy":"product_brand","embeddable":true,"href":"https:\/\/shop24.lu\/lb\/wp-json\/wp\/v2\/product_brand?post=51310"},{"taxonomy":"product_cat","embeddable":true,"href":"https:\/\/shop24.lu\/lb\/wp-json\/wp\/v2\/product_cat?post=51310"},{"taxonomy":"product_tag","embeddable":true,"href":"https:\/\/shop24.lu\/lb\/wp-json\/wp\/v2\/product_tag?post=51310"}],"curies":[{"name":"wp","href":"https:\/\/api.w.org\/{rel}","templated":true}]}}