{"id":51343,"date":"2022-04-10T18:25:14","date_gmt":"2022-04-10T16:25:14","guid":{"rendered":"https:\/\/shop24.lu\/?post_type=product&#038;p=51343"},"modified":"2023-12-04T16:24:51","modified_gmt":"2023-12-04T14:24:51","slug":"terra-pc-home-4000","status":"publish","type":"product","link":"https:\/\/shop24.lu\/lb\/product\/terra-pc-home-4000\/","title":{"rendered":"TERRA PC-HOME 4000"},"content":{"rendered":"<p>&nbsp;<\/p>\n<table id=\"ctl00_ctl00_ctl00_SiteContent_SiteContent_SiteContent_articleFeatureDisplayDetails_gridViewProductAttributes\" class=\"table table-condensed\" border=\"0\" cellspacing=\"0\">\n<tbody>\n<tr>\n<td><strong>General<\/strong><\/td>\n<\/tr>\n<tr>\n<td class=\"col-xs-3\">Prozessor<\/td>\n<td>Intel Core i3 (12e g\u00e9n\u00e9ration) 12100 \/ (12 Mo Smart Cache, jusqu&rsquo;\u00e0 4,3 GHz avec Intel Turbo Boost Technology)<\/td>\n<\/tr>\n<tr>\n<td class=\"col-xs-3\">Betribssystem<\/td>\n<td>Windows 11 Home<\/td>\n<\/tr>\n<tr>\n<td class=\"col-xs-3\"><\/td>\n<td><strong>Software<\/strong><\/td>\n<\/tr>\n<tr>\n<td class=\"col-xs-3\">virinstall\u00e9iert Software<\/td>\n<td>1 Mount Test fir nei Microsoft\u00ae 365 Clienten<\/td>\n<\/tr>\n<tr>\n<td class=\"col-xs-3\"><\/td>\n<td><strong>Prozessor<\/strong><\/td>\n<\/tr>\n<tr>\n<td class=\"col-xs-3\">Prozessor Famill<\/td>\n<td>Core i3<\/td>\n<\/tr>\n<tr>\n<td class=\"col-xs-3\">Zuel vun Prozessor K\u00e4r<\/td>\n<td>Quad-Core (4 K\u00e4r)<\/td>\n<\/tr>\n<tr>\n<td class=\"col-xs-3\">Prozessor Socket<\/td>\n<td>FCLGA1700 Socket<\/td>\n<\/tr>\n<tr>\n<td class=\"col-xs-3\">Zuel vun Prozessoren<\/td>\n<td>1<\/td>\n<\/tr>\n<tr>\n<td class=\"col-xs-3\"><\/td>\n<td><strong>M\u00e9moire<\/strong><\/td>\n<\/tr>\n<tr>\n<td class=\"col-xs-3\">RAM Er\u00ebnnerung<\/td>\n<td>8 mbg<\/td>\n<\/tr>\n<tr>\n<td class=\"col-xs-3\">Er\u00ebnnerung Layout<\/td>\n<td>1 x 8gb<\/td>\n<\/tr>\n<tr>\n<td class=\"col-xs-3\">Maximum RAM Er\u00ebnnerung<\/td>\n<td>64 GB<\/td>\n<\/tr>\n<tr>\n<td class=\"col-xs-3\">Er\u00ebnnerung Auer Frequenz<\/td>\n<td>3200 MHz<\/td>\n<\/tr>\n<tr>\n<td class=\"col-xs-3\">Intern Er\u00ebnnerung Typ<\/td>\n<td>DDR4SDRAM<\/td>\n<\/tr>\n<tr>\n<td class=\"col-xs-3\">Er\u00ebnnerung G\u00e9igespiller Plaze<\/td>\n<td>2 Z\u00ebmmer)<\/td>\n<\/tr>\n<tr>\n<td class=\"col-xs-3\">Er\u00ebnnerung Form Faktor<\/td>\n<td>288-PIN DIMM<\/td>\n<\/tr>\n<tr>\n<td class=\"col-xs-3\"><\/td>\n<td><strong>Stockage Medium<\/strong><\/td>\n<\/tr>\n<tr>\n<td class=\"col-xs-3\">Total Sp\u00e4icherkapazit\u00e9it<\/td>\n<td>500 GB<\/td>\n<\/tr>\n<tr>\n<td class=\"col-xs-3\">Festplack Interface<\/td>\n<td>4x SATA-3 (6.0 Gb\/s), 1x M.2 Socket 3, Typ 2242\/2260\/2280 (S-ATA &amp; PCIe Modus x4)<\/td>\n<\/tr>\n<tr>\n<td class=\"col-xs-3\">RAID Niveau<\/td>\n<td>Nee Razzia \u00cbnnerst\u00ebtzung<\/td>\n<\/tr>\n<tr>\n<td class=\"col-xs-3\">SSD Interface<\/td>\n<td>PCIe (NVMe)<\/td>\n<\/tr>\n<tr>\n<td class=\"col-xs-3\">SSD Sp\u00e4icherkapazit\u00e9it<\/td>\n<td>500 GB<\/td>\n<\/tr>\n<tr>\n<td class=\"col-xs-3\">Festplack Kapazit\u00e9it<\/td>\n<td>1 x 500 GB - SSD<\/td>\n<\/tr>\n<tr>\n<td class=\"col-xs-3\">Stockage Medien<\/td>\n<td>M.2 SSD<\/td>\n<\/tr>\n<tr>\n<td class=\"col-xs-3\"><\/td>\n<td><strong>Performancen<\/strong><\/td>\n<\/tr>\n<tr>\n<td class=\"col-xs-3\">Serie<\/td>\n<td>Doheem<\/td>\n<\/tr>\n<tr>\n<td class=\"col-xs-3\">Typ vum Produkt<\/td>\n<td>Pers\u00e9inleche Computer<\/td>\n<\/tr>\n<tr>\n<td class=\"col-xs-3\">Sound Niveau<\/td>\n<td>23.8dB am Idle Modus<\/td>\n<\/tr>\n<tr>\n<td class=\"col-xs-3\">Audio Channels<\/td>\n<td>8 kan\u00e4l<\/td>\n<\/tr>\n<tr>\n<td class=\"col-xs-3\">Chipset Motherboard<\/td>\n<td>Intel H510<\/td>\n<\/tr>\n<tr>\n<td class=\"col-xs-3\">Audio System<\/td>\n<td>H\u00e9ich Definitioun Audio<\/td>\n<\/tr>\n<tr>\n<td class=\"col-xs-3\"><\/td>\n<td><strong>Design<\/strong><\/td>\n<\/tr>\n<tr>\n<td class=\"col-xs-3\">Typ vun Geh\u00e4use<\/td>\n<td>mini Tuerm<\/td>\n<\/tr>\n<tr>\n<td class=\"col-xs-3\">Zertifikatioun<\/td>\n<td>Assembl\u00e9e no ISO9001 an D\u00e4itschland Kompatibilit\u00e9it: SMBios (DMI), EnergyStar (g\u00fclteg n\u00ebmme fir US), EN62368-1, EN55032, EN55035, EN61000-3-2\/3, EN62623, 89\/336\/ECC Produkt entspr\u00e9cht RAL Crit\u00e8ren UZ 78 (Bloen Engel)<\/td>\n<\/tr>\n<tr>\n<td class=\"col-xs-3\">Keyboard Form Faktor<\/td>\n<td>TERRA vun Cherry Keyboard<\/td>\n<\/tr>\n<tr>\n<td class=\"col-xs-3\"><\/td>\n<td><strong>Keyboard<\/strong><\/td>\n<\/tr>\n<tr>\n<td class=\"col-xs-3\">Transmissioun Technologie<\/td>\n<td>Kabel<\/td>\n<\/tr>\n<tr>\n<td class=\"col-xs-3\">Apparat Interface<\/td>\n<td>USB<\/td>\n<\/tr>\n<tr>\n<td class=\"col-xs-3\"><\/td>\n<td><strong>Technesch Detailer<\/strong><\/td>\n<\/tr>\n<tr>\n<td class=\"col-xs-3\">Location<\/td>\n<td>D\u00e4itschland\/ \u00c9istr\u00e4ich\/ L\u00ebtzebuerg<\/td>\n<\/tr>\n<tr>\n<td class=\"col-xs-3\"><\/td>\n<td><strong>Contenu vun der Liwwerung<\/strong><\/td>\n<\/tr>\n<tr>\n<td class=\"col-xs-3\">Geliwwert Accessoiren<\/td>\n<td>Quick Start Guide, Stroumkabel<\/td>\n<\/tr>\n<tr>\n<td class=\"col-xs-3\">Keyboard Layout<\/td>\n<td>D\u00e4itsch<\/td>\n<\/tr>\n<tr>\n<td class=\"col-xs-3\"><\/td>\n<td><strong>Erweiderung Plaze<\/strong><\/td>\n<\/tr>\n<tr>\n<td class=\"col-xs-3\">Erweiderung Plaze<\/td>\n<td>1x PCIe 4.0 (11th Gen CPU) \/3.0 (10th Gen CPU) x16 Slot, 2x PCIe 3.0 x1 Slot<\/td>\n<\/tr>\n<tr>\n<td class=\"col-xs-3\"><\/td>\n<td><strong>Gewiicht an Dimensiounen<\/strong><\/td>\n<\/tr>\n<tr>\n<td class=\"col-xs-3\">H\u00e9icht<\/td>\n<td>37,5 cm \u00e9p<\/td>\n<\/tr>\n<tr>\n<td class=\"col-xs-3\">Breet<\/td>\n<td>18cm<\/td>\n<\/tr>\n<tr>\n<td class=\"col-xs-3\">D\u00e9ift<\/td>\n<td>37cm<\/td>\n<\/tr>\n<tr>\n<td class=\"col-xs-3\">Gewiicht<\/td>\n<td>7kg vun<\/td>\n<\/tr>\n<tr>\n<td class=\"col-xs-3\"><\/td>\n<td><strong>Aner Funktiounen<\/strong><\/td>\n<\/tr>\n<tr>\n<td class=\"col-xs-3\">Zuel vun Expansioun Tir\u00e4ng<\/td>\n<td>1 accessible par l&rsquo;avant &#8211; 13.3 cm ( 5.25&Prime; ) 1 accessible par l&rsquo;avant &#8211; 8.9 cm ( 3.5&Prime; ) 2 interne &#8211; 8.9 cm ( 3.5&Prime;\/ 2.5&Prime; avec adaptateur)* 1 interne &#8211; 6.4 cm ( 2.5&Prime; ) *2x HDD n\u00e9cessitent des ventilateurs suppl\u00e9mentaires 92&#215;92 mm<\/td>\n<\/tr>\n<tr>\n<td class=\"col-xs-3\">Interface<\/td>\n<td>2x PS\/2, 1x LAN (RJ45), 3x jacks audio, 4x USB 3.2 Gen1 Type-A (2x en fa\u00e7ade), 4x USB 2.0 1x DP, 1x DVI-D, 1x HDMI, 1x VGA (supporte jusqu&rsquo;\u00e0 2x \u00e9crans en m\u00eame temps) En option : 1x COM<\/td>\n<\/tr>\n<tr>\n<td class=\"col-xs-3\">Kompatibel Betribssystemer<\/td>\n<td>Win10, Win11<\/td>\n<\/tr>\n<tr>\n<td class=\"col-xs-3\">Motherboard Fabrikant beschw\u00e9iert<\/td>\n<td>Gigabyte H510M S2H<\/td>\n<\/tr>\n<tr>\n<td class=\"col-xs-3\">Konformit\u00e9it mat Industrienormen<\/td>\n<td>Cet appareil est consid\u00e9r\u00e9 comme un \u00e9quipement de technologie de l&rsquo;information (ITE) de classe B et est principalement destin\u00e9 \u00e0 \u00eatre utilis\u00e9 dans un environnement r\u00e9sidentiel ou de bureau. Le marquage CE atteste de la conformit\u00e9 aux directives europ\u00e9ennes suivantes : (1) Directive CEM 2004\/108\/CE Compatibilit\u00e9 \u00e9lectromagn\u00e9tique (2) Directive basse tension 2006\/95\/CE Mat\u00e9riel \u00e9lectrique destin\u00e9 \u00e0 \u00eatre employ\u00e9 dans certaines limites de tension.<\/td>\n<\/tr>\n<tr>\n<td class=\"col-xs-3\">Special Fonctiounen<\/td>\n<td>TPM 2.0 S\u00e9chert Boot 2x USB 3.2 Gen1 Typ A + virun Audio<\/td>\n<\/tr>\n<tr>\n<td class=\"col-xs-3\"><\/td>\n<td><strong>Maus<\/strong><\/td>\n<\/tr>\n<tr>\n<td class=\"col-xs-3\">Maus abegraff<\/td>\n<td>Optesch TERRA Rad vun Cherry<\/td>\n<\/tr>\n<tr>\n<td class=\"col-xs-3\"><\/td>\n<td><strong>Grafik<\/strong><\/td>\n<\/tr>\n<tr>\n<td class=\"col-xs-3\">Integr\u00e9iert Graphikadapter Er\u00ebnnerung<\/td>\n<td>Dynamesch<\/td>\n<\/tr>\n<tr>\n<td class=\"col-xs-3\">Integr\u00e9iert Graphikadapter Maximal Opl\u00e9isung<\/td>\n<td>HDMI 4096 x 2160 @ 30Hz DP 4096 x 2304 @ 60Hz DVI\/VGA 1920\u00d71200<\/td>\n<\/tr>\n<tr>\n<td class=\"col-xs-3\">Grafikkaart<\/td>\n<td>Intel UHD Graphics 630 (1100MHz)<\/td>\n<\/tr>\n<tr>\n<td class=\"col-xs-3\">On-board Graphikadapter Modell<\/td>\n<td>Intel UHD Graphics 630 (1100MHz)<\/td>\n<\/tr>\n<tr>\n<td class=\"col-xs-3\">Grafesch Schn\u00ebttplazen<\/td>\n<td>1x HDMI, 1x DP, 1x DVI-D, 1x VGA Support Dual Monitoring<\/td>\n<\/tr>\n<tr>\n<td class=\"col-xs-3\"><\/td>\n<td><strong>Leeschtung<\/strong><\/td>\n<\/tr>\n<tr>\n<td class=\"col-xs-3\">Energiequell<\/td>\n<td>Bloc d&rsquo;alimentation ATX meets 80 Plus Bronze, adapt\u00e9 \u00e0 un fonctionnement standard max. 60 heures\/semaine Efficacit\u00e9 \u00e9nerg\u00e9tique \u00e0 charge 10 %\/ 20 %\/ 50 % \/ 100 %) : 82 %\/ 82 % \/ 85 % \/ 82<\/td>\n<\/tr>\n<tr>\n<td class=\"col-xs-3\">Energieverbrauch (Standby)<\/td>\n<td>\u00d8 1,8 Watt (S3 Modus, Suspend to RAM, WOL aktiv\u00e9iert)<\/td>\n<\/tr>\n<tr>\n<td class=\"col-xs-3\">Maximal Input Muecht<\/td>\n<td>350 Watt<\/td>\n<\/tr>\n<tr>\n<td class=\"col-xs-3\">Nominell Muecht<\/td>\n<td>\u00d8 33 watts \u00d8 116 kWh par an (TEC = Typical Energy Consumption) Pour plus d&rsquo;informations sur la consommation \u00e9lectrique, voir www.wortmann.de\/green et\/ou les liens rapides vers ce produit (si disponibles)<\/td>\n<\/tr>\n<tr>\n<td class=\"col-xs-3\">Energieversuergung Input Volt<\/td>\n<td>230 V Wiesselstroum (50 Hz)<\/td>\n<\/tr>\n<tr>\n<td class=\"col-xs-3\"><\/td>\n<td><strong>Aarbechtskonditiounen<\/strong><\/td>\n<\/tr>\n<tr>\n<td class=\"col-xs-3\">Operatioun Temperatur<\/td>\n<td>5\u00b0C \u2013 35\u00b0C<\/td>\n<\/tr>\n<tr>\n<td class=\"col-xs-3\">Recommand\u00e9iert Fiichtegkeet Ber\u00e4ich<\/td>\n<td>10-75% (net-kondens\u00e9ierend)<\/td>\n<\/tr>\n<tr>\n<td class=\"col-xs-3\"><\/td>\n<td><strong>Reseau<\/strong><\/td>\n<\/tr>\n<tr>\n<td class=\"col-xs-3\">Integr\u00e9iert Ethernet Hafen<\/td>\n<td>RJ45<\/td>\n<\/tr>\n<tr>\n<td class=\"col-xs-3\">LAN Controller<\/td>\n<td>Realtek GbE LAN Chip, WOL\/PXE<\/td>\n<\/tr>\n<tr>\n<td class=\"col-xs-3\">Datelink Protokoller<\/td>\n<td>Ethernet Fast Ethernet Gigabit Ethernet<\/td>\n<\/tr>\n<tr>\n<td class=\"col-xs-3\"><\/td>\n<td><strong>Optesch fueren<\/strong><\/td>\n<\/tr>\n<tr>\n<td class=\"col-xs-3\">Optesch Fuert - Typ<\/td>\n<td>DVD\u00b1RW<\/td>\n<\/tr>\n<tr>\n<td class=\"col-xs-3\"><\/td>\n<td><strong>Input Apparat<\/strong><\/td>\n<\/tr>\n<tr>\n<td class=\"col-xs-3\">Bewegungserkennungstechnologie<\/td>\n<td>Optesch<\/td>\n<\/tr>\n<tr>\n<td class=\"col-xs-3\">Apparat Interface<\/td>\n<td>USB<\/td>\n<\/tr>\n<\/tbody>\n<\/table>","protected":false},"excerpt":{"rendered":"<ul>\n<li>Intel Core i3 (10. Gen) 10105 \/ 3,7 GHz (6 MB Smart Cache, bis zu 4,4 GHz mat Intel Turbo Boost Technologie)<\/li>\n<li>Windows 11 Home<\/li>\n<li>8 GB RAM Er\u00ebnnerung<\/li>\n<li>Home Serie<\/li>\n<li>Intel UHD Graphics 630 (1100MHz)<\/li>\n<li>Grafesch Schn\u00ebttplazen 1x HDMI, 1x DP, 1x DVI-D, 1x VGA \u00cbnnerst\u00ebtzt duebel Iwwerwaachung<\/li>\n<li>Festplack Kapazit\u00e9it 1 x 500 GB - SSD<\/li>\n<\/ul>","protected":false},"featured_media":51347,"comment_status":"closed","ping_status":"closed","template":"","meta":{"_seopress_robots_primary_cat":"none","_seopress_titles_title":"","_seopress_titles_desc":"","_seopress_robots_index":""},"product_brand":[],"product_cat":[1510,82],"product_tag":[30798,31015,138,30845,30805],"class_list":{"0":"post-51343","1":"product","2":"type-product","3":"status-publish","4":"has-post-thumbnail","6":"product_cat-informatique","7":"product_cat-ordinateurs","8":"product_tag-intel","9":"product_tag-office","10":"product_tag-pc","11":"product_tag-ssd","12":"product_tag-windows","14":"first","15":"instock","16":"shipping-taxable","17":"purchasable","18":"product-type-simple"},"_links":{"self":[{"href":"https:\/\/shop24.lu\/lb\/wp-json\/wp\/v2\/product\/51343","targetHints":{"allow":["GET"]}}],"collection":[{"href":"https:\/\/shop24.lu\/lb\/wp-json\/wp\/v2\/product"}],"about":[{"href":"https:\/\/shop24.lu\/lb\/wp-json\/wp\/v2\/types\/product"}],"replies":[{"embeddable":true,"href":"https:\/\/shop24.lu\/lb\/wp-json\/wp\/v2\/comments?post=51343"}],"wp:featuredmedia":[{"embeddable":true,"href":"https:\/\/shop24.lu\/lb\/wp-json\/wp\/v2\/media\/51347"}],"wp:attachment":[{"href":"https:\/\/shop24.lu\/lb\/wp-json\/wp\/v2\/media?parent=51343"}],"wp:term":[{"taxonomy":"product_brand","embeddable":true,"href":"https:\/\/shop24.lu\/lb\/wp-json\/wp\/v2\/product_brand?post=51343"},{"taxonomy":"product_cat","embeddable":true,"href":"https:\/\/shop24.lu\/lb\/wp-json\/wp\/v2\/product_cat?post=51343"},{"taxonomy":"product_tag","embeddable":true,"href":"https:\/\/shop24.lu\/lb\/wp-json\/wp\/v2\/product_tag?post=51343"}],"curies":[{"name":"wp","href":"https:\/\/api.w.org\/{rel}","templated":true}]}}