{"id":51353,"date":"2022-04-10T18:40:43","date_gmt":"2022-04-10T16:40:43","guid":{"rendered":"https:\/\/shop24.lu\/?post_type=product&#038;p=51353"},"modified":"2023-12-30T23:39:17","modified_gmt":"2023-12-30T21:39:17","slug":"terra-keyboard-3500-corded-ch-usb-noir-cherry-stream-keyboard-jk-8500ch-2","status":"publish","type":"product","link":"https:\/\/shop24.lu\/lb\/product\/terra-keyboard-3500-corded-ch-usb-noir-cherry-stream-keyboard-jk-8500ch-2\/","title":{"rendered":"TERRA Keyboard 3500 Corded [CH] USB Noir \/ Cherry Stream Keyboard JK-8500CH-2"},"content":{"rendered":"<p>D\u00e9i produktivst Aarbecht: Ultra-roueg Tippen, oniwwertraff Tippgefill<br \/>\nTop Qualit\u00e9it: haltbar Schl\u00ebsselmark\u00e9ierung, intern SX Sch\u00e9iermechanismus, Blue Angel \u00d6ko-Label<br \/>\nBesser Benotzungskomfort: 3 integr\u00e9iert Statusindikatoren, perfekt Anti-Rutsch, 10 B\u00fcro- a Multimediaschl\u00ebsselen<br \/>\nState-of-the-art Design: flaach Bauh\u00f6he, Fokus op d&#039;Wichtegkeet, GS Genehmegung<\/p>\n<p>D&#039;TERRA Keyboard 3100 vu Cherry steet fir h\u00e9ich Ufuerderungen an en onvergl\u00e4ichlecht Tippgefill. Mat senger M\u00ebschung aus Design, Eleganz a Purismus huet et d&#039;Potenzial fir d\u00e9i l\u00e9ifste Tastatur am B\u00fcro an doheem ze ginn.Torsiounsbest\u00e4ndegkeet, Stabilit\u00e9it an Anti-Rutsch charakteris\u00e9ieren d\u00ebs Tastatur. Dank dem Cherry seng eege SX Scheren Technologie ass d&#039;Schreiwen pr\u00e4zis a m\u00e9i roueg w\u00e9i am virege Modell. D&#039;Status LEDen integr\u00e9iert an de Schl\u00ebsselen an de Sperrschl\u00ebssel sinn onsch\u00e4tzbar, besonnesch an engem B\u00fcro\u00ebmfeld. 10 zous\u00e4tzlech Schl\u00ebsselen erliichteren d&#039;Benotzung vun der Haaptb\u00fcro a Multimedia Funktiounen.<\/p>\n<table id=\"ctl00_ctl00_ctl00_SiteContent_SiteContent_SiteContent_articleFeatureDisplayDetails_gridViewProductAttributes\" class=\"table table-condensed\" border=\"0\" cellspacing=\"0\">\n<tbody>\n<tr>\n<td class=\"col-xs-3\"><\/td>\n<td><strong>Keyboard<\/strong><\/td>\n<\/tr>\n<tr>\n<td class=\"col-xs-3\">Keyboard Layout<\/td>\n<td>Schw\u00e4izer<\/td>\n<\/tr>\n<tr>\n<td class=\"col-xs-3\">Numeresch Tastatur<\/td>\n<td>jo<\/td>\n<\/tr>\n<tr>\n<td class=\"col-xs-3\">Tastatur Ofkiirzungen<\/td>\n<td>jo<\/td>\n<\/tr>\n<tr>\n<td class=\"col-xs-3\">Keyboard Struktur<\/td>\n<td>QWERTZ<\/td>\n<\/tr>\n<tr>\n<td class=\"col-xs-3\">Multimedia Schl\u00ebsselen<\/td>\n<td>jo<\/td>\n<\/tr>\n<tr>\n<td class=\"col-xs-3\">Zertifikatioun<\/td>\n<td>cURus\\nVDE-GS\\nCE\\nFCC<\/td>\n<\/tr>\n<tr>\n<td class=\"col-xs-3\">Keyboard Schl\u00ebssel schalt<\/td>\n<td>Mechanesch schalt<\/td>\n<\/tr>\n<tr>\n<td class=\"col-xs-3\">Keyboard Schl\u00ebssel Liewen<\/td>\n<td>20 Millioune Charaktere<\/td>\n<\/tr>\n<tr>\n<td class=\"col-xs-3\">Input Apparat<\/td>\n<td>Nee<\/td>\n<\/tr>\n<tr>\n<td class=\"col-xs-3\">Recommand\u00e9iert Gebrauch<\/td>\n<td>B\u00fcro<\/td>\n<\/tr>\n<tr>\n<td class=\"col-xs-3\">Apparat Interface<\/td>\n<td>USB<\/td>\n<\/tr>\n<tr>\n<td class=\"col-xs-3\">Keyboard Form Faktor<\/td>\n<td>Standard<\/td>\n<\/tr>\n<tr>\n<td class=\"col-xs-3\">Zuel vun Ofkiirzung Schl\u00ebsselen<\/td>\n<td>10<\/td>\n<\/tr>\n<tr>\n<td class=\"col-xs-3\">Keyboard - Zuel vun de Schl\u00ebsselen<\/td>\n<td>105<\/td>\n<\/tr>\n<tr>\n<td class=\"col-xs-3\">Windows Schl\u00ebsselen<\/td>\n<td>jo<\/td>\n<\/tr>\n<tr>\n<td class=\"col-xs-3\"><\/td>\n<td><strong>Technesch Detailer<\/strong><\/td>\n<\/tr>\n<tr>\n<td class=\"col-xs-3\">Hiersteller<\/td>\n<td>TERRA ugedriwwen vun CHERRY<\/td>\n<\/tr>\n<tr>\n<td class=\"col-xs-3\"><\/td>\n<td><strong>Gewiicht an Dimensiounen<\/strong><\/td>\n<\/tr>\n<tr>\n<td class=\"col-xs-3\">Tastatur Dimensiounen (BxDxH)<\/td>\n<td>463 x 163 x 18 mm<\/td>\n<\/tr>\n<tr>\n<td class=\"col-xs-3\">Keyboard Gewiicht<\/td>\n<td>9 10g<\/td>\n<\/tr>\n<tr>\n<td class=\"col-xs-3\"><\/td>\n<td><strong>Design<\/strong><\/td>\n<\/tr>\n<tr>\n<td class=\"col-xs-3\">Produit Faarf<\/td>\n<td>Noir<\/td>\n<\/tr>\n<tr>\n<td class=\"col-xs-3\">Backlight<\/td>\n<td>Nee<\/td>\n<\/tr>\n<tr>\n<td class=\"col-xs-3\">Schutzfunktioun<\/td>\n<td>Splash Beweis<\/td>\n<\/tr>\n<tr>\n<td class=\"col-xs-3\">Handgelenk Rescht<\/td>\n<td>jo<\/td>\n<\/tr>\n<tr>\n<td class=\"col-xs-3\">Uewerfl\u00e4ch Faarf<\/td>\n<td>Fest Faarf<\/td>\n<\/tr>\n<tr>\n<td class=\"col-xs-3\">Keyboard Styling<\/td>\n<td>Riichtaus<\/td>\n<\/tr>\n<tr>\n<td class=\"col-xs-3\"><\/td>\n<td><strong>Maus<\/strong><\/td>\n<\/tr>\n<tr>\n<td class=\"col-xs-3\">Maus abegraff<\/td>\n<td>Nee<\/td>\n<\/tr>\n<tr>\n<td class=\"col-xs-3\"><\/td>\n<td><strong>Logistik Daten<\/strong><\/td>\n<\/tr>\n<tr>\n<td class=\"col-xs-3\">Produkter pro Palette<\/td>\n<td>36 St\u00e9ck(en)<\/td>\n<\/tr>\n<tr>\n<td class=\"col-xs-3\"><\/td>\n<td><strong>M\u00e4chteg<\/strong><\/td>\n<\/tr>\n<tr>\n<td class=\"col-xs-3\">Energieverbrauch<\/td>\n<td>20 mA<\/td>\n<\/tr>\n<tr>\n<td class=\"col-xs-3\">Energiequell<\/td>\n<td>USB<\/td>\n<\/tr>\n<tr>\n<td class=\"col-xs-3\"><\/td>\n<td><strong>Aarbechtskonditiounen<\/strong><\/td>\n<\/tr>\n<tr>\n<td class=\"col-xs-3\">Operatioun Temperatur<\/td>\n<td>0 - 40 \u00b0C<\/td>\n<\/tr>\n<tr>\n<td class=\"col-xs-3\">Sp\u00e4ichertemperaturbereich<\/td>\n<td>-20 - 60 \u00b0 C<\/td>\n<\/tr>\n<tr>\n<td class=\"col-xs-3\"><\/td>\n<td><strong>Verpackungsdaten<\/strong><\/td>\n<\/tr>\n<tr>\n<td class=\"col-xs-3\">Verpakung D\u00e9ift<\/td>\n<td>210 mm<\/td>\n<\/tr>\n<tr>\n<td class=\"col-xs-3\">Package H\u00e9icht<\/td>\n<td>24 mm<\/td>\n<\/tr>\n<tr>\n<td class=\"col-xs-3\">Verpakung Breet<\/td>\n<td>480 mm \u00e9p<\/td>\n<\/tr>\n<tr>\n<td class=\"col-xs-3\">Typ vun Verpakung<\/td>\n<td>K\u00ebscht<\/td>\n<\/tr>\n<tr>\n<td class=\"col-xs-3\">Zuel vun de Produkter enthalen<\/td>\n<td>1 St\u00e9ck (en)<\/td>\n<\/tr>\n<tr>\n<td class=\"col-xs-3\">Package Gewiicht<\/td>\n<td>1100g<\/td>\n<\/tr>\n<tr>\n<td class=\"col-xs-3\"><\/td>\n<td><strong>System Ufuerderung<\/strong><\/td>\n<\/tr>\n<tr>\n<td class=\"col-xs-3\">\u00cbnnerst\u00ebtzt Windows Betribssystemer<\/td>\n<td>jo<\/td>\n<\/tr>\n<tr>\n<td class=\"col-xs-3\"><\/td>\n<td><strong>Ergonomie<\/strong><\/td>\n<\/tr>\n<tr>\n<td class=\"col-xs-3\">Kabel L\u00e4ngt<\/td>\n<td>1,8m<\/td>\n<\/tr>\n<\/tbody>\n<\/table>","protected":false},"excerpt":{"rendered":"<p>D\u00e9i produktivst Aarbecht: Ultra-roueg Tippen, oniwwertraff Tippgefill<br \/>\nQualit\u00e9 sup\u00e9rieure : marquage durable des touches, m\u00e9canisme de ciseaux SX maison, label \u00e9cologique ange bleu<\/p>","protected":false},"featured_media":51357,"comment_status":"closed","ping_status":"closed","template":"","meta":{"_seopress_robots_primary_cat":"none","_seopress_titles_title":"","_seopress_titles_desc":"","_seopress_robots_index":""},"product_brand":[],"product_cat":[1506,1510],"product_tag":[31022,31021,31017,31018,31020,31023,31019,30793],"class_list":{"0":"post-51353","1":"product","2":"type-product","3":"status-publish","4":"has-post-thumbnail","6":"product_cat-accessoires-informatiques","7":"product_cat-informatique","8":"product_tag-31022","9":"product_tag-allemand","10":"product_tag-cherry","11":"product_tag-clavier","12":"product_tag-francais","13":"product_tag-keyboard","14":"product_tag-suisse","15":"product_tag-terra","17":"first","18":"instock","19":"shipping-taxable","20":"purchasable","21":"product-type-simple"},"_links":{"self":[{"href":"https:\/\/shop24.lu\/lb\/wp-json\/wp\/v2\/product\/51353","targetHints":{"allow":["GET"]}}],"collection":[{"href":"https:\/\/shop24.lu\/lb\/wp-json\/wp\/v2\/product"}],"about":[{"href":"https:\/\/shop24.lu\/lb\/wp-json\/wp\/v2\/types\/product"}],"replies":[{"embeddable":true,"href":"https:\/\/shop24.lu\/lb\/wp-json\/wp\/v2\/comments?post=51353"}],"wp:featuredmedia":[{"embeddable":true,"href":"https:\/\/shop24.lu\/lb\/wp-json\/wp\/v2\/media\/51357"}],"wp:attachment":[{"href":"https:\/\/shop24.lu\/lb\/wp-json\/wp\/v2\/media?parent=51353"}],"wp:term":[{"taxonomy":"product_brand","embeddable":true,"href":"https:\/\/shop24.lu\/lb\/wp-json\/wp\/v2\/product_brand?post=51353"},{"taxonomy":"product_cat","embeddable":true,"href":"https:\/\/shop24.lu\/lb\/wp-json\/wp\/v2\/product_cat?post=51353"},{"taxonomy":"product_tag","embeddable":true,"href":"https:\/\/shop24.lu\/lb\/wp-json\/wp\/v2\/product_tag?post=51353"}],"curies":[{"name":"wp","href":"https:\/\/api.w.org\/{rel}","templated":true}]}}