{"id":51358,"date":"2022-04-10T18:47:43","date_gmt":"2022-04-10T16:47:43","guid":{"rendered":"https:\/\/shop24.lu\/?post_type=product&#038;p=51358"},"modified":"2022-04-24T20:29:08","modified_gmt":"2022-04-24T18:29:08","slug":"terra-webcam-easy-720p","status":"publish","type":"product","link":"https:\/\/shop24.lu\/lb\/product\/terra-webcam-easy-720p\/","title":{"rendered":"TERRA Webcam EASY 720p"},"content":{"rendered":"<table id=\"ctl00_ctl00_ctl00_SiteContent_SiteContent_SiteContent_articleFeatureDisplayDetails_gridViewProductAttributes\" class=\"table table-condensed\" border=\"0\" cellspacing=\"0\">\n<tbody>\n<tr>\n<td><strong>Technesch Detailer<\/strong><\/td>\n<\/tr>\n<tr>\n<td class=\"col-xs-3\">Hiersteller<\/td>\n<td>TERRA<\/td>\n<\/tr>\n<tr>\n<td class=\"col-xs-3\">Wunneng Faarf<\/td>\n<td>Noir<\/td>\n<\/tr>\n<tr>\n<td class=\"col-xs-3\">Maximal Opl\u00e9isung<\/td>\n<td>1280*720\/640*480 Pixel<\/td>\n<\/tr>\n<tr>\n<td class=\"col-xs-3\"><\/td>\n<td><strong>Aner Funktiounen<\/strong><\/td>\n<\/tr>\n<tr>\n<td class=\"col-xs-3\">Kabel Typ<\/td>\n<td>USB<\/td>\n<\/tr>\n<tr>\n<td class=\"col-xs-3\">F\u00e4egkeet fir en Stativ ze mont\u00e9ieren<\/td>\n<td>jo<\/td>\n<\/tr>\n<tr>\n<td class=\"col-xs-3\">W\u00e9nkel vun Visioun<\/td>\n<td>72\u00b0<\/td>\n<\/tr>\n<tr>\n<td class=\"col-xs-3\">USB<\/td>\n<td>jo<\/td>\n<\/tr>\n<tr>\n<td class=\"col-xs-3\">Kompatibel Betribssystemer<\/td>\n<td>Windows 7, 8, 10, 11 Mac OS Linux All Systemer d\u00e9i UVC Protokoll \u00ebnnerst\u00ebtzen<\/td>\n<\/tr>\n<tr>\n<td class=\"col-xs-3\">Mikrofon abegraff<\/td>\n<td>jo<\/td>\n<\/tr>\n<tr>\n<td class=\"col-xs-3\">Manuell Fokus<\/td>\n<td>Fix\u00e9iert Fokus<\/td>\n<\/tr>\n<tr>\n<td class=\"col-xs-3\">Faarf<\/td>\n<td>Noir<\/td>\n<\/tr>\n<tr>\n<td class=\"col-xs-3\"><\/td>\n<td><strong>Performancen<\/strong><\/td>\n<\/tr>\n<tr>\n<td class=\"col-xs-3\">\u00cbnnerst\u00ebtzt Bildformater<\/td>\n<td>MJPG\/YUY2<\/td>\n<\/tr>\n<tr>\n<td class=\"col-xs-3\">Voll HD<\/td>\n<td>jo<\/td>\n<\/tr>\n<tr>\n<td class=\"col-xs-3\">Zoom F\u00e4egkeet<\/td>\n<td>jo<\/td>\n<\/tr>\n<tr>\n<td class=\"col-xs-3\">Kamera Pixel<\/td>\n<td>2 MP<\/td>\n<\/tr>\n<tr>\n<td class=\"col-xs-3\">Maximum Frame Taux<\/td>\n<td>30 fps<\/td>\n<\/tr>\n<tr>\n<td class=\"col-xs-3\">Sp\u00e4ichertemperaturbereich<\/td>\n<td>-25 - 70\u00b0C<\/td>\n<\/tr>\n<tr>\n<td class=\"col-xs-3\">Maximal Bildopl\u00e9isung<\/td>\n<td>1280 x 720 Pixel<\/td>\n<\/tr>\n<tr>\n<td class=\"col-xs-3\">\u00cbnnerst\u00ebtzt Windows Betribssystemer<\/td>\n<td>jo<\/td>\n<\/tr>\n<tr>\n<td class=\"col-xs-3\">\u00cbnnerst\u00ebtzt Linux Betribssystemer<\/td>\n<td>jo<\/td>\n<\/tr>\n<tr>\n<td class=\"col-xs-3\"><\/td>\n<td><strong>Verpackungsdaten<\/strong><\/td>\n<\/tr>\n<tr>\n<td class=\"col-xs-3\">Helm abegraff<\/td>\n<td>Nee<\/td>\n<\/tr>\n<tr>\n<td class=\"col-xs-3\"><\/td>\n<td><strong>Software<\/strong><\/td>\n<\/tr>\n<tr>\n<td class=\"col-xs-3\">\u00cbnnerst\u00ebtzt Windows Betribssystemer<\/td>\n<td>Windows 7, 8, 10, 11<\/td>\n<\/tr>\n<tr>\n<td class=\"col-xs-3\">\u00cbnnerst\u00ebtzt Mac Betribssystemer<\/td>\n<td>jo<\/td>\n<\/tr>\n<tr>\n<td class=\"col-xs-3\">\u00cbnnerst\u00ebtzt Linux Betribssystemer<\/td>\n<td>jo<\/td>\n<\/tr>\n<\/tbody>\n<\/table>","protected":false},"excerpt":{"rendered":"<ul>\n<li>Fabrikant beschw\u00e9iert TERRA<\/li>\n<li>1280 * 720 \/ 640 * 480 Pixel Maximal Resolutioun<\/li>\n<\/ul>","protected":false},"featured_media":51365,"comment_status":"closed","ping_status":"closed","template":"","meta":{"_seopress_robots_primary_cat":"none","_seopress_titles_title":"","_seopress_titles_desc":"","_seopress_robots_index":""},"product_brand":[],"product_cat":[1506,1510],"product_tag":[1539,31026],"class_list":{"0":"post-51358","1":"product","2":"type-product","3":"status-publish","4":"has-post-thumbnail","6":"product_cat-accessoires-informatiques","7":"product_cat-informatique","8":"product_tag-micro","9":"product_tag-webcam","11":"first","12":"instock","13":"shipping-taxable","14":"purchasable","15":"product-type-simple"},"_links":{"self":[{"href":"https:\/\/shop24.lu\/lb\/wp-json\/wp\/v2\/product\/51358","targetHints":{"allow":["GET"]}}],"collection":[{"href":"https:\/\/shop24.lu\/lb\/wp-json\/wp\/v2\/product"}],"about":[{"href":"https:\/\/shop24.lu\/lb\/wp-json\/wp\/v2\/types\/product"}],"replies":[{"embeddable":true,"href":"https:\/\/shop24.lu\/lb\/wp-json\/wp\/v2\/comments?post=51358"}],"wp:featuredmedia":[{"embeddable":true,"href":"https:\/\/shop24.lu\/lb\/wp-json\/wp\/v2\/media\/51365"}],"wp:attachment":[{"href":"https:\/\/shop24.lu\/lb\/wp-json\/wp\/v2\/media?parent=51358"}],"wp:term":[{"taxonomy":"product_brand","embeddable":true,"href":"https:\/\/shop24.lu\/lb\/wp-json\/wp\/v2\/product_brand?post=51358"},{"taxonomy":"product_cat","embeddable":true,"href":"https:\/\/shop24.lu\/lb\/wp-json\/wp\/v2\/product_cat?post=51358"},{"taxonomy":"product_tag","embeddable":true,"href":"https:\/\/shop24.lu\/lb\/wp-json\/wp\/v2\/product_tag?post=51358"}],"curies":[{"name":"wp","href":"https:\/\/api.w.org\/{rel}","templated":true}]}}