{"id":51369,"date":"2022-04-10T19:13:46","date_gmt":"2022-04-10T17:13:46","guid":{"rendered":"https:\/\/shop24.lu\/?post_type=product&#038;p=51369"},"modified":"2022-04-10T19:14:06","modified_gmt":"2022-04-10T17:14:06","slug":"cherry-mouse-unimouse-dark-grey-wireless-ergonomic-mouse-adjustable-ergo-mouse","status":"publish","type":"product","link":"https:\/\/shop24.lu\/lb\/product\/cherry-mouse-unimouse-dark-grey-wireless-ergonomic-mouse-adjustable-ergo-mouse\/","title":{"rendered":"Cherry Mouse UNIMOUSE donkelgrau Wireless Ergonomesch Maus, ERGO ADJUSTABLE Mouse"},"content":{"rendered":"<table id=\"ctl00_ctl00_ctl00_SiteContent_SiteContent_SiteContent_articleFeatureDisplayDetails_gridViewProductAttributes\" class=\"table table-condensed\" border=\"0\" cellspacing=\"0\">\n<tbody>\n<tr>\n<td><strong>Technesch Detailer<\/strong><\/td>\n<\/tr>\n<tr>\n<td class=\"col-xs-3\">Hiersteller<\/td>\n<td>Kiischt<\/td>\n<\/tr>\n<tr>\n<td class=\"col-xs-3\"><\/td>\n<td><strong>Gewiicht an Dimensiounen<\/strong><\/td>\n<\/tr>\n<tr>\n<td class=\"col-xs-3\">H\u00e9icht<\/td>\n<td>24 mm<\/td>\n<\/tr>\n<tr>\n<td class=\"col-xs-3\">Breet<\/td>\n<td>410 mm \u00e9p<\/td>\n<\/tr>\n<tr>\n<td class=\"col-xs-3\">D\u00e9ift<\/td>\n<td>82 mm<\/td>\n<\/tr>\n<tr>\n<td class=\"col-xs-3\">Receiver D\u00e9ift<\/td>\n<td>14,7 mm \u00e9p<\/td>\n<\/tr>\n<tr>\n<td class=\"col-xs-3\">Empf\u00e4nger H\u00e9icht<\/td>\n<td>6,6mm<\/td>\n<\/tr>\n<tr>\n<td class=\"col-xs-3\">Empf\u00e4nger Breet<\/td>\n<td>19,5 mm \u00e9p<\/td>\n<\/tr>\n<tr>\n<td class=\"col-xs-3\">Empf\u00e4nger Gewiicht<\/td>\n<td>2g vun<\/td>\n<\/tr>\n<tr>\n<td class=\"col-xs-3\">Gewiicht<\/td>\n<td>7 10g<\/td>\n<\/tr>\n<tr>\n<td class=\"col-xs-3\"><\/td>\n<td><strong>Design<\/strong><\/td>\n<\/tr>\n<tr>\n<td class=\"col-xs-3\">Produit Faarf<\/td>\n<td>Suen<\/td>\n<\/tr>\n<tr>\n<td class=\"col-xs-3\">Smart, ergonomesch Design<\/td>\n<td>jo<\/td>\n<\/tr>\n<tr>\n<td class=\"col-xs-3\">Form Faktor<\/td>\n<td>Ambidextrous<\/td>\n<\/tr>\n<tr>\n<td class=\"col-xs-3\"><\/td>\n<td><strong>Maus<\/strong><\/td>\n<\/tr>\n<tr>\n<td class=\"col-xs-3\">Typ vun Schl\u00ebsselen<\/td>\n<td>Kn\u00e4ppercher gedr\u00e9ckt<\/td>\n<\/tr>\n<tr>\n<td class=\"col-xs-3\">Zuel vun Kn\u00e4ppercher<\/td>\n<td>8<\/td>\n<\/tr>\n<tr>\n<td class=\"col-xs-3\">Bewegungserkennungstechnologie<\/td>\n<td>Optesch<\/td>\n<\/tr>\n<tr>\n<td class=\"col-xs-3\">Motioun Resolutioun<\/td>\n<td>2800 DPI<\/td>\n<\/tr>\n<tr>\n<td class=\"col-xs-3\">Upassbar Bewegungsresolutioun<\/td>\n<td>jo<\/td>\n<\/tr>\n<tr>\n<td class=\"col-xs-3\">Zertifikatioun<\/td>\n<td>CE\\nWHQL Win 10 64-Bit\\nUSB IF<\/td>\n<\/tr>\n<tr>\n<td class=\"col-xs-3\">Zil<\/td>\n<td>B\u00fcro<\/td>\n<\/tr>\n<tr>\n<td class=\"col-xs-3\">Zuel vun programmable Schl\u00ebsselen<\/td>\n<td>5<\/td>\n<\/tr>\n<tr>\n<td class=\"col-xs-3\">\u00cbnnerst\u00ebtzung fir verschidde Ger\u00e4ter<\/td>\n<td>jo<\/td>\n<\/tr>\n<tr>\n<td class=\"col-xs-3\">Programm\u00e9ierbar Maustasten<\/td>\n<td>jo<\/td>\n<\/tr>\n<tr>\n<td class=\"col-xs-3\">Apparat Interface<\/td>\n<td>USB Typ A<\/td>\n<\/tr>\n<tr>\n<td class=\"col-xs-3\">Zuel vun Schr\u00ebftrulle<\/td>\n<td>1<\/td>\n<\/tr>\n<tr>\n<td class=\"col-xs-3\">Scroll Typ<\/td>\n<td>Rad<\/td>\n<\/tr>\n<tr>\n<td class=\"col-xs-3\"><\/td>\n<td><strong>M\u00e4chteg<\/strong><\/td>\n<\/tr>\n<tr>\n<td class=\"col-xs-3\">Energiequell<\/td>\n<td>Kabel<\/td>\n<\/tr>\n<tr>\n<td class=\"col-xs-3\">Nof\u00ebllbar<\/td>\n<td>jo<\/td>\n<\/tr>\n<tr>\n<td class=\"col-xs-3\"><\/td>\n<td><strong>Aarbechtskonditiounen<\/strong><\/td>\n<\/tr>\n<tr>\n<td class=\"col-xs-3\">Operatioun Temperatur<\/td>\n<td>0 - 40 \u00b0C<\/td>\n<\/tr>\n<tr>\n<td class=\"col-xs-3\">Sp\u00e4ichertemperaturbereich<\/td>\n<td>-15 - 60\u00b0C<\/td>\n<\/tr>\n<tr>\n<td class=\"col-xs-3\"><\/td>\n<td><strong>Input Apparat<\/strong><\/td>\n<\/tr>\n<tr>\n<td class=\"col-xs-3\">Typ vun Schl\u00ebsselen<\/td>\n<td>Kn\u00e4ppercher gedr\u00e9ckt<\/td>\n<\/tr>\n<tr>\n<td class=\"col-xs-3\">Zuel vun Kn\u00e4ppercher<\/td>\n<td>3<\/td>\n<\/tr>\n<tr>\n<td class=\"col-xs-3\">Bewegungserkennungstechnologie<\/td>\n<td>Optesch<\/td>\n<\/tr>\n<tr>\n<td class=\"col-xs-3\">Motioun Resolutioun<\/td>\n<td>1375 DPI<\/td>\n<\/tr>\n<tr>\n<td class=\"col-xs-3\">Zil<\/td>\n<td>B\u00fcro<\/td>\n<\/tr>\n<tr>\n<td class=\"col-xs-3\">Recommand\u00e9iert Gebrauch<\/td>\n<td>Pc<\/td>\n<\/tr>\n<tr>\n<td class=\"col-xs-3\">Apparat Interface<\/td>\n<td>USB<\/td>\n<\/tr>\n<tr>\n<td class=\"col-xs-3\">Zuel vun Schr\u00ebftrulle<\/td>\n<td>1<\/td>\n<\/tr>\n<tr>\n<td class=\"col-xs-3\">Scroll Richtungen<\/td>\n<td>Horizontal<\/td>\n<\/tr>\n<tr>\n<td class=\"col-xs-3\">integr\u00e9iert Keyboard<\/td>\n<td>jo<\/td>\n<\/tr>\n<tr>\n<td class=\"col-xs-3\">Scroll Typ<\/td>\n<td>Rad<\/td>\n<\/tr>\n<tr>\n<td class=\"col-xs-3\"><\/td>\n<td><strong>Verpackungsdaten<\/strong><\/td>\n<\/tr>\n<tr>\n<td class=\"col-xs-3\">Maus Pad abegraff<\/td>\n<td>Nee<\/td>\n<\/tr>\n<tr>\n<td class=\"col-xs-3\">Verpakung D\u00e9ift<\/td>\n<td>140 mm<\/td>\n<\/tr>\n<tr>\n<td class=\"col-xs-3\">Package H\u00e9icht<\/td>\n<td>45 mm<\/td>\n<\/tr>\n<tr>\n<td class=\"col-xs-3\">Verpakung Breet<\/td>\n<td>445 mm \u00e9p<\/td>\n<\/tr>\n<tr>\n<td class=\"col-xs-3\">Typ vun Verpakung<\/td>\n<td>K\u00ebscht<\/td>\n<\/tr>\n<tr>\n<td class=\"col-xs-3\">Package Gewiicht<\/td>\n<td>1 080g<\/td>\n<\/tr>\n<tr>\n<td class=\"col-xs-3\">Receiver Typ<\/td>\n<td>Mikro Empf\u00e4nger<\/td>\n<\/tr>\n<tr>\n<td class=\"col-xs-3\">Empf\u00e4nger abegraff<\/td>\n<td>jo<\/td>\n<\/tr>\n<tr>\n<td class=\"col-xs-3\"><\/td>\n<td><strong>System Ufuerderung<\/strong><\/td>\n<\/tr>\n<tr>\n<td class=\"col-xs-3\">\u00cbnnerst\u00ebtzt Windows Betribssystemer<\/td>\n<td>Windows 10<\/td>\n<\/tr>\n<tr>\n<td class=\"col-xs-3\">\u00cbnnerst\u00ebtzt Mac Betribssystemer<\/td>\n<td>macOS<\/td>\n<\/tr>\n<\/tbody>\n<\/table>","protected":false},"excerpt":{"rendered":"<p>D\u00e9tails techniques Fabricant Cherry Poids et dimensions Hauteur 24 mm Largeur 410 mm Profondeur 82 mm Profondeur du r\u00e9cepteur 14.7 mm Hauteur du r\u00e9cepteur 6.6 mm Largeur du r\u00e9cepteur 19.5 mm Poids du r\u00e9cepteur 2 g Poids 710 g Design Couleur du produit Argent Design intelligent et ergonomique Oui Facteur de forme Ambidextre Souris Type [&#8230;]\n","protected":false},"featured_media":51371,"comment_status":"closed","ping_status":"closed","template":"","meta":{"_seopress_robots_primary_cat":"none","_seopress_titles_title":"","_seopress_titles_desc":"","_seopress_robots_index":""},"product_brand":[],"product_cat":[1506,1510],"product_tag":[31031,31029,1633,30793,31028,31030],"class_list":{"0":"post-51369","1":"product","2":"type-product","3":"status-publish","4":"has-post-thumbnail","6":"product_cat-accessoires-informatiques","7":"product_cat-informatique","8":"product_tag-ergonomique","9":"product_tag-mouse","10":"product_tag-souris","11":"product_tag-terra","12":"product_tag-unimouse","13":"product_tag-wireless","15":"first","16":"instock","17":"shipping-taxable","18":"purchasable","19":"product-type-simple"},"_links":{"self":[{"href":"https:\/\/shop24.lu\/lb\/wp-json\/wp\/v2\/product\/51369","targetHints":{"allow":["GET"]}}],"collection":[{"href":"https:\/\/shop24.lu\/lb\/wp-json\/wp\/v2\/product"}],"about":[{"href":"https:\/\/shop24.lu\/lb\/wp-json\/wp\/v2\/types\/product"}],"replies":[{"embeddable":true,"href":"https:\/\/shop24.lu\/lb\/wp-json\/wp\/v2\/comments?post=51369"}],"wp:featuredmedia":[{"embeddable":true,"href":"https:\/\/shop24.lu\/lb\/wp-json\/wp\/v2\/media\/51371"}],"wp:attachment":[{"href":"https:\/\/shop24.lu\/lb\/wp-json\/wp\/v2\/media?parent=51369"}],"wp:term":[{"taxonomy":"product_brand","embeddable":true,"href":"https:\/\/shop24.lu\/lb\/wp-json\/wp\/v2\/product_brand?post=51369"},{"taxonomy":"product_cat","embeddable":true,"href":"https:\/\/shop24.lu\/lb\/wp-json\/wp\/v2\/product_cat?post=51369"},{"taxonomy":"product_tag","embeddable":true,"href":"https:\/\/shop24.lu\/lb\/wp-json\/wp\/v2\/product_tag?post=51369"}],"curies":[{"name":"wp","href":"https:\/\/api.w.org\/{rel}","templated":true}]}}