{"id":8316,"date":"2020-10-17T11:30:15","date_gmt":"2020-10-17T09:30:15","guid":{"rendered":"https:\/\/shop24.lu\/?post_type=product&#038;p=8316"},"modified":"2021-09-06T08:35:58","modified_gmt":"2021-09-06T06:35:58","slug":"marisa-donato-auf-liebe-vorprogrammiert","status":"publish","type":"product","link":"https:\/\/shop24.lu\/lb\/product\/marisa-donato-auf-liebe-vorprogrammiert\/","title":{"rendered":"Marisa Donato - Auf Liebe vorprogrammed"},"content":{"rendered":"<p><strong>Marisa Donato<\/strong> meldet sich mit neuem Produzentendream und ihrer neuen Single, \u201e<strong><em>Auf Liebe vorprogramm\u00e9iert<\/em><\/strong>&quot;zr\u00e9ck.<br \/>\nDie sympathische Luxemburgerin hat sich voll und ganz dem deutschen Schlager verschrieben und bleibt diesem auch in Zukunft treu. Nachdem der Erfolgsproduzent Christian Geller (Florian Silbereisen &amp; Thomas Anders, Eloy, Giovanni Zarrella uvm.) das letzte Album f\u00fcr Marisa Donato produzierte, hat sich die K\u00fcnstlerin nun Kelly Reischel &amp; Peter Werba als Produzenten fir ihre neue Single ausgesucht.<\/p>\n<p><iframe title=\"Marisa Donato - Auf Liebe vorprogrammemiert (Offizielles Musikvideo)\" width=\"1020\" height=\"574\" src=\"https:\/\/www.youtube.com\/embed\/1RQMPw5wcFg?feature=oembed\" frameborder=\"0\" allow=\"accelerometer; autoplay; clipboard-write; encrypted-media; gyroscope; picture-in-picture; web-share\" allowfullscreen><\/iframe><\/p>\n<p>\u201e<em>Dieses Team passt perfekt zu mir und es sind viele weitere Song Ideen bereits in Arbeit<\/em>&quot;Also Marisa Donato.<br \/>\nReischel &amp; Werba sind ua bereits f\u00fcr K\u00fcnstler wie Olaf der Flipper, Pia Malo, Bellini, Oliver Frank, Randolph Rose t\u00e4tig gewesen. Mit \u201eAuf Liebe vorprogrammiert\u201c geht`s jetzt mit Vollgas weiter f\u00fcr Marisa Donato.<\/p>\n<p>Label: Music Television (Special Marketing)<\/p>","protected":false},"excerpt":{"rendered":"<p>Marisa Donato - Auf Liebe vorprogrammed<\/p>","protected":false},"featured_media":8320,"comment_status":"open","ping_status":"closed","template":"","meta":{"_seopress_robots_primary_cat":"","_seopress_titles_title":"","_seopress_titles_desc":"","_seopress_robots_index":""},"product_brand":[],"product_cat":[506,498],"product_tag":[1431,495,1430,1435,1432,1429,1434,1433],"class_list":{"0":"post-8316","1":"product","2":"type-product","3":"status-publish","4":"has-post-thumbnail","6":"product_cat-art","7":"product_cat-music","8":"product_tag-auf","9":"product_tag-cd","10":"product_tag-donata","11":"product_tag-download","12":"product_tag-liebe","13":"product_tag-marisa","14":"product_tag-mps","15":"product_tag-vorprogrammiert","17":"first","18":"instock","19":"shipping-taxable","20":"product-type-external"},"_links":{"self":[{"href":"https:\/\/shop24.lu\/lb\/wp-json\/wp\/v2\/product\/8316","targetHints":{"allow":["GET"]}}],"collection":[{"href":"https:\/\/shop24.lu\/lb\/wp-json\/wp\/v2\/product"}],"about":[{"href":"https:\/\/shop24.lu\/lb\/wp-json\/wp\/v2\/types\/product"}],"replies":[{"embeddable":true,"href":"https:\/\/shop24.lu\/lb\/wp-json\/wp\/v2\/comments?post=8316"}],"wp:featuredmedia":[{"embeddable":true,"href":"https:\/\/shop24.lu\/lb\/wp-json\/wp\/v2\/media\/8320"}],"wp:attachment":[{"href":"https:\/\/shop24.lu\/lb\/wp-json\/wp\/v2\/media?parent=8316"}],"wp:term":[{"taxonomy":"product_brand","embeddable":true,"href":"https:\/\/shop24.lu\/lb\/wp-json\/wp\/v2\/product_brand?post=8316"},{"taxonomy":"product_cat","embeddable":true,"href":"https:\/\/shop24.lu\/lb\/wp-json\/wp\/v2\/product_cat?post=8316"},{"taxonomy":"product_tag","embeddable":true,"href":"https:\/\/shop24.lu\/lb\/wp-json\/wp\/v2\/product_tag?post=8316"}],"curies":[{"name":"wp","href":"https:\/\/api.w.org\/{rel}","templated":true}]}}