{"id":8539,"date":"2020-10-18T19:44:37","date_gmt":"2020-10-18T17:44:37","guid":{"rendered":"https:\/\/shop24.lu\/?post_type=product&#038;p=8539"},"modified":"2024-04-25T19:46:24","modified_gmt":"2024-04-25T17:46:24","slug":"vpn-sicheres-internet","status":"publish","type":"product","link":"https:\/\/shop24.lu\/lb\/product\/vpn-sicheres-internet\/","title":{"rendered":"VPN Sicheres Internet"},"content":{"rendered":"<h3>Nord VPN - Das grenzenlose Internet<\/h3>\n<p>Fortschrittliche Sicherheit. Internetfreiheit. Absolut Privatsph\u00e4re.<\/p>\n<h3>Erhalte Sichen und Privaten Zugriff auf das Internet<\/h3>\n<p>Stellen Sie sich VPN als einen Sichern, verschl\u00fcsselten Tunnel, in dem Online-Verkehr flie\u00dfen kann, vor. Niemand kann in diesen Tunnel schauen und auf deine Internetdaten zugreifen. Jedes Mal, wenn du dich mit einem \u00f6ffentlichen WLAN-Spot verbannen, unterwegs auf pers\u00f6nliche oder Arbeitskonten zugreifen oder einfach deinen Internetverlauf f\u00fcr dich behalten willst, bietet dir NordVPN ein sorgenfreies Erlebnis.<\/p>\n<h4 class=\"has-text-align-center\"><a href=\"https:\/\/nordvpn.com\/de\/features\/\" target=\"_blank\" rel=\"noreferrer noopener\" aria-label=\"Alle Funktionen ansehen (\u00f6ffnet in neuem Tab)\"><strong>Gitt<\/strong> Fonctiounen<strong> anzehen<\/strong><\/a><\/h4>\n<div class=\"wp-block-image\">\n<figure class=\"aligncenter size-large is-resized\"><img decoding=\"async\" class=\"aligncenter wp-image-8541 size-medium\" src=\"https:\/\/shop24.lu\/wp-content\/uploads\/nordvpn_man-sitting-on-cloud-768x768-1-300x300.jpg\" alt=\"\" width=\"300\" height=\"300\" srcset=\"\/wp-content\/uploads\/nordvpn_man-sitting-on-cloud-768x768-1-300x300.jpg 300w, \/wp-content\/uploads\/nordvpn_man-sitting-on-cloud-768x768-1-600x600.jpg 600w, \/wp-content\/uploads\/nordvpn_man-sitting-on-cloud-768x768-1-100x100.jpg 100w, \/wp-content\/uploads\/nordvpn_man-sitting-on-cloud-768x768-1-150x150.jpg 150w, \/wp-content\/uploads\/nordvpn_man-sitting-on-cloud-768x768-1-1320x1320.jpg 1320w, \/wp-content\/uploads\/nordvpn_man-sitting-on-cloud-768x768-1-210x210.jpg 210w\" sizes=\"(max-width: 300px) 100vw, 300px\" \/><\/figure>\n<\/div>\n<h3>Sch\u00fctze alle deine Ger\u00e4te<\/h3>\n<p>Nutzt du Windows am Arbeitsplatz, macOS zu Hause a Linux fir d\u00e9i ganz speziell Projekte? Keen Problem. Fir d\u00e9i bescht Betriebssysteme fir iOS, Android an Android TV gibt eng NordVPN-App. Ach ja, au\u00dferdem stehen dir verschl\u00fcsselte Proxy-Erweiterungen f\u00fcr Chrome und Firefox zur Verf\u00fcgung. Und das Best: Mit einem einzigen NordVPN-Konto kannst du bis zu <strong>bis zu 6 Ger\u00e4te<\/strong> gleichzeitig verbannen!<\/p>\n<p>Verf\u00fcgbar op: <a href=\"https:\/\/nordvpn.com\/download\/android\/\" target=\"_blank\" rel=\"noreferrer noopener\" aria-label=\"Android (offnet an neuem Tab)\">Android <\/a>- <a href=\"https:\/\/nordvpn.com\/download\/windows\/\" target=\"_blank\" rel=\"noreferrer noopener\" aria-label=\"Windows (\u00f6ffnet in neuem Tab)\">Windows <\/a>- <a href=\"https:\/\/nordvpn.com\/download\/ios\/\" target=\"_blank\" rel=\"noreferrer noopener\" aria-label=\"iOS (\u00f6ffnet in neuem Tab)\">iOS <\/a>- <a href=\"https:\/\/nordvpn.com\/download\/mac\/\" target=\"_blank\" rel=\"noreferrer noopener\" aria-label=\"MacOS (\u00f6ffnet in neuem Tab)\">macOS <\/a>- <a href=\"https:\/\/nordvpn.com\/download\/linux\/\" target=\"_blank\" rel=\"noreferrer noopener\" aria-label=\"Linux (\u00f6ffnet in neuem Tab)\">linux<\/a><\/p>\n<h4 class=\"has-text-align-center\"><a href=\"https:\/\/nordvpn.com\/de\/download\/\" target=\"_blank\" rel=\"noreferrer noopener\" aria-label=\"W\u00e4hle deine Apps (\u00f6ffnet in neuem Tab)\"><strong>W\u00e4hle deine Apps<\/strong><\/a><\/h4>\n<div class=\"wp-block-image\">\n<figure class=\"aligncenter size-large is-resized\"><img decoding=\"async\" class=\"aligncenter size-medium wp-image-8542\" src=\"https:\/\/shop24.lu\/wp-content\/uploads\/nordvpn_man-browsing-world-flags-768x768-1-300x300.jpg\" alt=\"\" width=\"300\" height=\"300\" srcset=\"\/wp-content\/uploads\/nordvpn_man-browsing-world-flags-768x768-1-300x300.jpg 300w, \/wp-content\/uploads\/nordvpn_man-browsing-world-flags-768x768-1-600x600.jpg 600w, \/wp-content\/uploads\/nordvpn_man-browsing-world-flags-768x768-1-100x100.jpg 100w, \/wp-content\/uploads\/nordvpn_man-browsing-world-flags-768x768-1-150x150.jpg 150w, \/wp-content\/uploads\/nordvpn_man-browsing-world-flags-768x768-1-1320x1320.jpg 1320w, \/wp-content\/uploads\/nordvpn_man-browsing-world-flags-768x768-1-210x210.jpg 210w\" sizes=\"(max-width: 300px) 100vw, 300px\" \/><\/figure>\n<\/div>\n<h3>Schnelle und stabile Verbindung \u2013 egal wo du bist<\/h3>\n<p>Puffern ist der ultimative Spa\u00dfkiller, deshalb ist das Streamen oder Herunterladen von Dateien bei einer langsamen Internetverbindung keine Option. Aber keine Sorge! W\u00e4hle aus \u00fcber <strong>5300 NordVPN-Server<\/strong> an <strong>58 Bundesl\u00e4nner<\/strong> an genie\u00df <strong>das schnellste VPN-Erlebnis<\/strong>. <strong>M\u00e9i Server<\/strong> bedeuten <strong>weniger Belastung<\/strong> an eng grouss Vielfalt vun Standorten bedeutet, dass eng grouss M\u00f6glichkeit besteht, dass du en Server an deiner N\u00e4he fonnt.<\/p>\n<h4 class=\"has-text-align-center\"><strong><a href=\"https:\/\/nordvpn.com\/de\/servers\/\" target=\"_blank\" rel=\"noreferrer noopener\" aria-label=\"Standorte checken (\u00f6ffnet in neuem Tab)\">Server Standorte checken<\/a><\/strong><\/h4>\n<div class=\"wp-block-spacer\" aria-hidden=\"true\"><\/div>\n<h3>NordVPN Bewertungen<\/h3>\n<p>Mal schaun war bekannte YouTuber iwwer NordVPN Sagen.<\/p>\n<p><iframe title=\"NordVPN Bew\u00e4ertung: Gr\u00ebnn fir NordVPN ze benotzen vum Dave Taylor a vpnMentor\" width=\"1020\" height=\"574\" src=\"https:\/\/www.youtube.com\/embed\/NZE8OWX3BN0?feature=oembed\" frameborder=\"0\" allow=\"accelerometer; autoplay; clipboard-write; encrypted-media; gyroscope; picture-in-picture; web-share\" allowfullscreen><\/iframe><\/p>\n<p>&quot;<em>NordVPN kannst du einfach starten und muss dann nicht mehr dar\u00fcber nachdenken!<\/em>&quot;<br \/>\nDave Taylor - vpnMentor<\/p>\n<p><iframe title=\"Fillt Iech ni ons\u00e9cher online \u00ebmmer er\u00ebm iwwerall!\" width=\"1020\" height=\"574\" src=\"https:\/\/www.youtube.com\/embed\/FksJzUrCUrY?feature=oembed\" frameborder=\"0\" allow=\"accelerometer; autoplay; clipboard-write; encrypted-media; gyroscope; picture-in-picture; web-share\" allowfullscreen><\/iframe><\/p>\n<p>&quot;<em>F\u00fchle dich online nie unsicher, wo immer du bist!<\/em>&quot;<br \/>\nElric Headlights - Tech vun Muer<\/p>","protected":false},"excerpt":{"rendered":"<h3>Nord VPN - Das grenzenlose Internet<\/h3>\n<p>Fortschrittliche Sicherheit. Internetfreiheit. Absolut Privatsph\u00e4re.<\/p>","protected":false},"featured_media":8540,"comment_status":"open","ping_status":"closed","template":"","meta":{"_seopress_robots_primary_cat":"none","_seopress_titles_title":"","_seopress_titles_desc":"","_seopress_robots_index":""},"product_brand":[],"product_cat":[1510,1456,21945],"product_tag":[21959,21961,1460,1458,1459,24645,21955,1461,1462,21953,21957,1457],"class_list":{"0":"post-8539","1":"product","2":"type-product","3":"status-publish","4":"has-post-thumbnail","6":"product_cat-informatique","7":"product_cat-logiciels","8":"product_cat-promotions","9":"product_tag-connection","10":"product_tag-connexion","11":"product_tag-internet","12":"product_tag-nord","13":"product_tag-nordvpn","14":"product_tag-s24","15":"product_tag-secher","16":"product_tag-secure","17":"product_tag-sicher","18":"product_tag-sicheres","19":"product_tag-verbindung","20":"product_tag-vpn","22":"first","23":"instock","24":"sale","25":"shipping-taxable","26":"product-type-external"},"_links":{"self":[{"href":"https:\/\/shop24.lu\/lb\/wp-json\/wp\/v2\/product\/8539","targetHints":{"allow":["GET"]}}],"collection":[{"href":"https:\/\/shop24.lu\/lb\/wp-json\/wp\/v2\/product"}],"about":[{"href":"https:\/\/shop24.lu\/lb\/wp-json\/wp\/v2\/types\/product"}],"replies":[{"embeddable":true,"href":"https:\/\/shop24.lu\/lb\/wp-json\/wp\/v2\/comments?post=8539"}],"wp:featuredmedia":[{"embeddable":true,"href":"https:\/\/shop24.lu\/lb\/wp-json\/wp\/v2\/media\/8540"}],"wp:attachment":[{"href":"https:\/\/shop24.lu\/lb\/wp-json\/wp\/v2\/media?parent=8539"}],"wp:term":[{"taxonomy":"product_brand","embeddable":true,"href":"https:\/\/shop24.lu\/lb\/wp-json\/wp\/v2\/product_brand?post=8539"},{"taxonomy":"product_cat","embeddable":true,"href":"https:\/\/shop24.lu\/lb\/wp-json\/wp\/v2\/product_cat?post=8539"},{"taxonomy":"product_tag","embeddable":true,"href":"https:\/\/shop24.lu\/lb\/wp-json\/wp\/v2\/product_tag?post=8539"}],"curies":[{"name":"wp","href":"https:\/\/api.w.org\/{rel}","templated":true}]}}